{"id":17566,"date":"2024-08-29T17:25:25","date_gmt":"2024-08-29T15:25:25","guid":{"rendered":"https:\/\/luxurycandlesupplies.eu\/?post_type=product&#038;p=17566"},"modified":"2026-04-23T10:50:08","modified_gmt":"2026-04-23T08:50:08","slug":"kerstbal-wit","status":"publish","type":"product","link":"https:\/\/luxurycandlesupplies.eu\/nl\/product\/christmas-bauble-white\/","title":{"rendered":"Kerstbal Wit"},"content":{"rendered":"<h2>Beschrijving<\/h2>\n<hr \/>\n<div><\/div>\n<p>Deze elegante tweedelige kaarsenhouder, in de vorm van een kerstbal met een slanke gegalvaniseerde zilveren binnenkant, heeft een afneembaar deksel en een stevige basis, waardoor hij perfect gevuld kan worden met vakantiegeuren en een opvallend cadeau of decoratief stuk is voor de feestdagen.<\/p>\n<p>Bijpassende diffusers en deksels mogelijk.<\/p>\n<p>Deze collectie wordt handmatig vervaardigd wat zorgt dat het glaswerk sterker en veiliger is en een grotere hittebestendigheid heeft.<\/p>\n<p>&nbsp;<\/p>\n<h3>SPECIFICATIES<\/h3>\n<hr \/>\n<div><\/div>\n<p><strong>Externe afmetingen (met deksel)<\/strong>: 110mm\u00d8 x 130mmH<br \/>\n<strong>Externe afmetingen (alleen basis)<\/strong>: 110mm\u00d8 x 52mmH<br \/>\n<strong>Binnenafmetingen<\/strong>: 90mm\u00d8 x 45mmH<br \/>\n<strong>Capaciteit pot<\/strong>: 230ml<br \/>\n<strong>Aanbevolen vulcapaciteit<\/strong>: Ca. 178g<br \/>\n<strong>Gewicht pot<\/strong>: 470g<\/p>\n<p><strong>Aanbevolen lontmaat*<\/strong>:\u00a0<a href=\"https:\/\/luxurycandlesupplies.eu\/nl\/product\/lonten-van-lcs-85-2\/\" target=\"_blank\" rel=\"noopener\">LCS85<\/a>,\u00a0<a href=\"https:\/\/luxurycandlesupplies.eu\/nl\/product\/lonten-van-lcs-90\/\" target=\"_blank\" rel=\"noopener\">LCS90<\/a><br \/>\n*Let op: de lontmaten zijn slechts suggesties. Voor optimale resultaten raden we gebruikers aan hun eigen lonttests uit te voeren met verschillende types van was en parfumoli\u00ebn.<\/p>\n<p>Individueel verkrijgbaar.<strong><br \/>\nHele doos:<\/strong>24 potten<\/p>\n<p>BELANGRIJK! Let op: productfoto's kunnen qua kleur afwijken van het daadwerkelijke artikel door belichting en\/of productie.<\/p>\n<p>&nbsp;<\/p>","protected":false},"excerpt":{"rendered":"<h2>Beschrijving<\/h2>\n<hr \/>\n<div><\/div>\n<p>Deze elegante tweedelige kaarsenhouder, in de vorm van een kerstbal met een slanke gegalvaniseerde zilveren binnenkant, heeft een afneembaar deksel en een stevige basis, waardoor hij perfect gevuld kan worden met vakantiegeuren en een opvallend cadeau of decoratief stuk is voor de feestdagen.<\/p>\n<p>Bijpassende diffusers en deksels mogelijk.<\/p>\n<p>Deze collectie wordt handmatig vervaardigd wat zorgt dat het glaswerk sterker en veiliger is en een grotere hittebestendigheid heeft.<\/p>\n<p>&nbsp;<\/p>\n<h3>SPECIFICATIES<\/h3>\n<hr \/>\n<div><\/div>\n<p><strong>Externe afmetingen (met deksel)<\/strong>: 110mm\u00d8 x 130mmH<br \/>\n<strong>Externe afmetingen (alleen basis)<\/strong>: 110mm\u00d8 x 52mmH<br \/>\n<strong>Binnenafmetingen<\/strong>: 90mm\u00d8 x 45mmH<br \/>\n<strong>Capaciteit pot<\/strong>: 230g<br \/>\n<strong>Aanbevolen vulcapaciteit<\/strong>: Ca. 178g<br \/>\n<strong>Gewicht pot<\/strong>: 470g<\/p>\n<p><strong>Aanbevolen lontmaat*<\/strong>:\u00a0<a href=\"https:\/\/luxurycandlesupplies.eu\/nl\/product\/lonten-van-lcs-85-2\/\" target=\"_blank\" rel=\"noopener\">LCS85<\/a>,\u00a0<a href=\"https:\/\/luxurycandlesupplies.eu\/nl\/product\/lonten-van-lcs-90\/\" target=\"_blank\" rel=\"noopener\">LCS90<\/a><br \/>\n*Let op: de lontmaten zijn slechts suggesties. Voor optimale resultaten raden we gebruikers aan hun eigen lonttests uit te voeren met verschillende types van was en parfumoli\u00ebn.<\/p>\n<p>Individueel verkrijgbaar.<strong><br \/>\nHele doos:<\/strong>24 potten<\/p>\n<p>BELANGRIJK! Let op: productfoto's kunnen qua kleur afwijken van het daadwerkelijke artikel door belichting en\/of productie.<\/p>\n<p>&nbsp;<\/p>","protected":false},"featured_media":22477,"template":"","meta":{"_acf_changed":false,"site-sidebar-layout":"default","site-content-layout":"default","ast-site-content-layout":"default","site-content-style":"default","site-sidebar-style":"default","ast-global-header-display":"","ast-banner-title-visibility":"","ast-main-header-display":"","ast-hfb-above-header-display":"","ast-hfb-below-header-display":"","ast-hfb-mobile-header-display":"","site-post-title":"","ast-breadcrumbs-content":"","ast-featured-img":"","footer-sml-layout":"","ast-disable-related-posts":"","theme-transparent-header-meta":"default","adv-header-id-meta":"","stick-header-meta":"","header-above-stick-meta":"","header-main-stick-meta":"","header-below-stick-meta":"","astra-migrate-meta-layouts":"set","ast-page-background-enabled":"default","ast-page-background-meta":{"desktop":{"background-color":"","background-image":"","background-repeat":"repeat","background-position":"center center","background-size":"auto","background-attachment":"scroll","background-type":"","background-media":"","overlay-type":"","overlay-color":"","overlay-opacity":"","overlay-gradient":""},"tablet":{"background-color":"","background-image":"","background-repeat":"repeat","background-position":"center center","background-size":"auto","background-attachment":"scroll","background-type":"","background-media":"","overlay-type":"","overlay-color":"","overlay-opacity":"","overlay-gradient":""},"mobile":{"background-color":"","background-image":"","background-repeat":"repeat","background-position":"center center","background-size":"auto","background-attachment":"scroll","background-type":"","background-media":"","overlay-type":"","overlay-color":"","overlay-opacity":"","overlay-gradient":""}},"ast-content-background-meta":{"desktop":{"background-color":"var(--ast-global-color-5)","background-image":"","background-repeat":"repeat","background-position":"center center","background-size":"auto","background-attachment":"scroll","background-type":"","background-media":"","overlay-type":"","overlay-color":"","overlay-opacity":"","overlay-gradient":""},"tablet":{"background-color":"var(--ast-global-color-5)","background-image":"","background-repeat":"repeat","background-position":"center center","background-size":"auto","background-attachment":"scroll","background-type":"","background-media":"","overlay-type":"","overlay-color":"","overlay-opacity":"","overlay-gradient":""},"mobile":{"background-color":"var(--ast-global-color-5)","background-image":"","background-repeat":"repeat","background-position":"center center","background-size":"auto","background-attachment":"scroll","background-type":"","background-media":"","overlay-type":"","overlay-color":"","overlay-opacity":"","overlay-gradient":""}}},"product_brand":[],"product_cat":[67,1596],"product_tag":[1597,59,191],"class_list":{"0":"post-17566","1":"product","2":"type-product","3":"status-publish","4":"has-post-thumbnail","6":"product_cat-candlejars","7":"product_cat-christmas-bauble","8":"product_tag-bauble","9":"product_tag-christmas","10":"product_tag-white","11":"desktop-align-left","12":"tablet-align-left","13":"mobile-align-left","14":"ast-product-gallery-layout-horizontal-slider","15":"ast-product-tabs-layout-horizontal","17":"first","18":"outofstock","19":"taxable","20":"shipping-taxable","21":"purchasable","22":"product-type-simple"},"acf":[],"yoast_head":"<title>Christmas Bauble White - Antwerp Luxury Candle Supplies<\/title>\n<meta name=\"robots\" content=\"index, follow, max-snippet:-1, max-image-preview:large, max-video-preview:-1\" \/>\n<link rel=\"canonical\" href=\"https:\/\/luxurycandlesupplies.eu\/nl\/product\/kerstbal-wit\/\" \/>\n<meta property=\"og:locale\" content=\"nl_NL\" \/>\n<meta property=\"og:type\" content=\"article\" \/>\n<meta property=\"og:title\" content=\"Christmas Bauble White - Antwerp Luxury Candle Supplies\" \/>\n<meta property=\"og:description\" content=\"Description     This elegant two-piece candle vessel, shaped like a Christmas bauble with a sleek electroplated silver inner lining, features a removable lid and sturdy base, making it perfect for filling with holiday scents and a standout gift or decorative piece for the festive season.  LCS Glassware are \u2018candle-tested\u2019 in the production phase. This means they\u2019ll have enhanced wax adhesion that other waxes on the market.  Not dishwasher safe, we recommend a damp cloth to wipe any excess dust from the inside only.  &nbsp; SPECIFICATIONS     External Dimensions (with lid): 110mm\u00d8 x 130mmH External Dimensions (base only): 110mm\u00d8 x 52mmH Inner Dimensions: 90mm\u00d8 x 45mmH Vessel capacity: 230g Suggested Fill Capacity: Approx. 178g Vessel weight: 470g  Suggested wick size*:\u00a0LCS85,\u00a0LCS90 *Please note, we recommend users conduct their own wick tests with different blends of wax and oil that they intend to use.  Available in single units. Carton size: 24 units  IMPORTANT! Please note, product photo may differ from actual item in terms of colour due to lighting and\/or manufacturing.  &nbsp;\" \/>\n<meta property=\"og:url\" content=\"https:\/\/luxurycandlesupplies.eu\/nl\/product\/kerstbal-wit\/\" \/>\n<meta property=\"og:site_name\" content=\"Antwerp Luxury Candle Supplies\" \/>\n<meta property=\"article:publisher\" content=\"https:\/\/www.facebook.com\/Antwerpluxurycandlesupplies\/\" \/>\n<meta property=\"article:modified_time\" content=\"2026-04-23T08:50:08+00:00\" \/>\n<meta property=\"og:image\" content=\"https:\/\/luxurycandlesupplies.eu\/app\/uploads\/2024\/08\/Luxury-Candle-supplies-57-web.jpg\" \/>\n\t<meta property=\"og:image:width\" content=\"2000\" \/>\n\t<meta property=\"og:image:height\" content=\"2000\" \/>\n\t<meta property=\"og:image:type\" content=\"image\/jpeg\" \/>\n<meta name=\"twitter:card\" content=\"summary_large_image\" \/>\n<meta name=\"twitter:label1\" content=\"Geschatte leestijd\" \/>\n\t<meta name=\"twitter:data1\" content=\"1 minuut\" \/>\n<script type=\"application\/ld+json\" class=\"yoast-schema-graph\">{\"@context\":\"https:\\\/\\\/schema.org\",\"@graph\":[{\"@type\":\"WebPage\",\"@id\":\"https:\\\/\\\/luxurycandlesupplies.eu\\\/product\\\/christmas-bauble-white\\\/\",\"url\":\"https:\\\/\\\/luxurycandlesupplies.eu\\\/product\\\/christmas-bauble-white\\\/\",\"name\":\"Christmas Bauble White - Antwerp Luxury Candle Supplies\",\"isPartOf\":{\"@id\":\"https:\\\/\\\/luxurycandlesupplies.eu\\\/#website\"},\"primaryImageOfPage\":{\"@id\":\"https:\\\/\\\/luxurycandlesupplies.eu\\\/product\\\/christmas-bauble-white\\\/#primaryimage\"},\"image\":{\"@id\":\"https:\\\/\\\/luxurycandlesupplies.eu\\\/product\\\/christmas-bauble-white\\\/#primaryimage\"},\"thumbnailUrl\":\"https:\\\/\\\/luxurycandlesupplies.eu\\\/app\\\/uploads\\\/2024\\\/08\\\/Luxury-Candle-supplies-57-web.jpg\",\"datePublished\":\"2024-08-29T15:25:25+00:00\",\"dateModified\":\"2026-04-23T08:50:08+00:00\",\"breadcrumb\":{\"@id\":\"https:\\\/\\\/luxurycandlesupplies.eu\\\/product\\\/christmas-bauble-white\\\/#breadcrumb\"},\"inLanguage\":\"nl-NL\",\"potentialAction\":[{\"@type\":\"ReadAction\",\"target\":[\"https:\\\/\\\/luxurycandlesupplies.eu\\\/product\\\/christmas-bauble-white\\\/\"]}]},{\"@type\":\"ImageObject\",\"inLanguage\":\"nl-NL\",\"@id\":\"https:\\\/\\\/luxurycandlesupplies.eu\\\/product\\\/christmas-bauble-white\\\/#primaryimage\",\"url\":\"https:\\\/\\\/luxurycandlesupplies.eu\\\/app\\\/uploads\\\/2024\\\/08\\\/Luxury-Candle-supplies-57-web.jpg\",\"contentUrl\":\"https:\\\/\\\/luxurycandlesupplies.eu\\\/app\\\/uploads\\\/2024\\\/08\\\/Luxury-Candle-supplies-57-web.jpg\",\"width\":2000,\"height\":2000},{\"@type\":\"BreadcrumbList\",\"@id\":\"https:\\\/\\\/luxurycandlesupplies.eu\\\/product\\\/christmas-bauble-white\\\/#breadcrumb\",\"itemListElement\":[{\"@type\":\"ListItem\",\"position\":1,\"name\":\"Home\",\"item\":\"https:\\\/\\\/luxurycandlesupplies.eu\\\/\"},{\"@type\":\"ListItem\",\"position\":2,\"name\":\"Shop\",\"item\":\"https:\\\/\\\/luxurycandlesupplies.eu\\\/shop\\\/\"},{\"@type\":\"ListItem\",\"position\":3,\"name\":\"Christmas Bauble White\"}]},{\"@type\":\"WebSite\",\"@id\":\"https:\\\/\\\/luxurycandlesupplies.eu\\\/#website\",\"url\":\"https:\\\/\\\/luxurycandlesupplies.eu\\\/\",\"name\":\"Antwerp Luxury Candle Supplies\",\"description\":\"Distributor of all seasons soy wax\",\"publisher\":{\"@id\":\"https:\\\/\\\/luxurycandlesupplies.eu\\\/#organization\"},\"potentialAction\":[{\"@type\":\"SearchAction\",\"target\":{\"@type\":\"EntryPoint\",\"urlTemplate\":\"https:\\\/\\\/luxurycandlesupplies.eu\\\/?s={search_term_string}\"},\"query-input\":{\"@type\":\"PropertyValueSpecification\",\"valueRequired\":true,\"valueName\":\"search_term_string\"}}],\"inLanguage\":\"nl-NL\"},{\"@type\":\"Organization\",\"@id\":\"https:\\\/\\\/luxurycandlesupplies.eu\\\/#organization\",\"name\":\"Antwerp Luxury Candle Supplies\",\"url\":\"https:\\\/\\\/luxurycandlesupplies.eu\\\/\",\"logo\":{\"@type\":\"ImageObject\",\"inLanguage\":\"nl-NL\",\"@id\":\"https:\\\/\\\/luxurycandlesupplies.eu\\\/#\\\/schema\\\/logo\\\/image\\\/\",\"url\":\"https:\\\/\\\/luxurycandlesupplies.eu\\\/app\\\/uploads\\\/2022\\\/03\\\/antwerp-luxury-candle-supplies-1x.png\",\"contentUrl\":\"https:\\\/\\\/luxurycandlesupplies.eu\\\/app\\\/uploads\\\/2022\\\/03\\\/antwerp-luxury-candle-supplies-1x.png\",\"width\":330,\"height\":60,\"caption\":\"Antwerp Luxury Candle Supplies\"},\"image\":{\"@id\":\"https:\\\/\\\/luxurycandlesupplies.eu\\\/#\\\/schema\\\/logo\\\/image\\\/\"},\"sameAs\":[\"https:\\\/\\\/www.facebook.com\\\/Antwerpluxurycandlesupplies\\\/\",\"https:\\\/\\\/www.instagram.com\\\/antwerp_luxury_candle_supplies\\\/\",\"https:\\\/\\\/pin.it\\\/7joOXRW\"]}]}<\/script>","yoast_head_json":{"title":"Kerstbal Wit - Antwerpen Luxe Kaarsbenodigdheden","robots":{"index":"index","follow":"follow","max-snippet":"max-snippet:-1","max-image-preview":"max-image-preview:large","max-video-preview":"max-video-preview:-1"},"canonical":"https:\/\/luxurycandlesupplies.eu\/nl\/product\/kerstbal-wit\/","og_locale":"nl_NL","og_type":"article","og_title":"Christmas Bauble White - Antwerp Luxury Candle Supplies","og_description":"Description     This elegant two-piece candle vessel, shaped like a Christmas bauble with a sleek electroplated silver inner lining, features a removable lid and sturdy base, making it perfect for filling with holiday scents and a standout gift or decorative piece for the festive season.  LCS Glassware are \u2018candle-tested\u2019 in the production phase. This means they\u2019ll have enhanced wax adhesion that other waxes on the market.  Not dishwasher safe, we recommend a damp cloth to wipe any excess dust from the inside only.  &nbsp; SPECIFICATIONS     External Dimensions (with lid): 110mm\u00d8 x 130mmH External Dimensions (base only): 110mm\u00d8 x 52mmH Inner Dimensions: 90mm\u00d8 x 45mmH Vessel capacity: 230g Suggested Fill Capacity: Approx. 178g Vessel weight: 470g  Suggested wick size*:\u00a0LCS85,\u00a0LCS90 *Please note, we recommend users conduct their own wick tests with different blends of wax and oil that they intend to use.  Available in single units. Carton size: 24 units  IMPORTANT! Please note, product photo may differ from actual item in terms of colour due to lighting and\/or manufacturing.  &nbsp;","og_url":"https:\/\/luxurycandlesupplies.eu\/nl\/product\/kerstbal-wit\/","og_site_name":"Antwerp Luxury Candle Supplies","article_publisher":"https:\/\/www.facebook.com\/Antwerpluxurycandlesupplies\/","article_modified_time":"2026-04-23T08:50:08+00:00","og_image":[{"width":2000,"height":2000,"url":"https:\/\/luxurycandlesupplies.eu\/app\/uploads\/2024\/08\/Luxury-Candle-supplies-57-web.jpg","type":"image\/jpeg"}],"twitter_card":"summary_large_image","twitter_misc":{"Geschatte leestijd":"1 minuut"},"schema":{"@context":"https:\/\/schema.org","@graph":[{"@type":"WebPage","@id":"https:\/\/luxurycandlesupplies.eu\/product\/christmas-bauble-white\/","url":"https:\/\/luxurycandlesupplies.eu\/product\/christmas-bauble-white\/","name":"Kerstbal Wit - Antwerpen Luxe Kaarsbenodigdheden","isPartOf":{"@id":"https:\/\/luxurycandlesupplies.eu\/#website"},"primaryImageOfPage":{"@id":"https:\/\/luxurycandlesupplies.eu\/product\/christmas-bauble-white\/#primaryimage"},"image":{"@id":"https:\/\/luxurycandlesupplies.eu\/product\/christmas-bauble-white\/#primaryimage"},"thumbnailUrl":"https:\/\/luxurycandlesupplies.eu\/app\/uploads\/2024\/08\/Luxury-Candle-supplies-57-web.jpg","datePublished":"2024-08-29T15:25:25+00:00","dateModified":"2026-04-23T08:50:08+00:00","breadcrumb":{"@id":"https:\/\/luxurycandlesupplies.eu\/product\/christmas-bauble-white\/#breadcrumb"},"inLanguage":"nl-NL","potentialAction":[{"@type":"ReadAction","target":["https:\/\/luxurycandlesupplies.eu\/product\/christmas-bauble-white\/"]}]},{"@type":"ImageObject","inLanguage":"nl-NL","@id":"https:\/\/luxurycandlesupplies.eu\/product\/christmas-bauble-white\/#primaryimage","url":"https:\/\/luxurycandlesupplies.eu\/app\/uploads\/2024\/08\/Luxury-Candle-supplies-57-web.jpg","contentUrl":"https:\/\/luxurycandlesupplies.eu\/app\/uploads\/2024\/08\/Luxury-Candle-supplies-57-web.jpg","width":2000,"height":2000},{"@type":"BreadcrumbList","@id":"https:\/\/luxurycandlesupplies.eu\/product\/christmas-bauble-white\/#breadcrumb","itemListElement":[{"@type":"ListItem","position":1,"name":"Home","item":"https:\/\/luxurycandlesupplies.eu\/"},{"@type":"ListItem","position":2,"name":"Shop","item":"https:\/\/luxurycandlesupplies.eu\/shop\/"},{"@type":"ListItem","position":3,"name":"Christmas Bauble White"}]},{"@type":"WebSite","@id":"https:\/\/luxurycandlesupplies.eu\/#website","url":"https:\/\/luxurycandlesupplies.eu\/","name":"Antwerpen Luxe Kaars Benodigdheden","description":"Verdeler van sojawas voor alle seizoenen","publisher":{"@id":"https:\/\/luxurycandlesupplies.eu\/#organization"},"potentialAction":[{"@type":"SearchAction","target":{"@type":"EntryPoint","urlTemplate":"https:\/\/luxurycandlesupplies.eu\/?s={search_term_string}"},"query-input":{"@type":"PropertyValueSpecification","valueRequired":true,"valueName":"search_term_string"}}],"inLanguage":"nl-NL"},{"@type":"Organization","@id":"https:\/\/luxurycandlesupplies.eu\/#organization","name":"Antwerpen Luxe Kaars Benodigdheden","url":"https:\/\/luxurycandlesupplies.eu\/","logo":{"@type":"ImageObject","inLanguage":"nl-NL","@id":"https:\/\/luxurycandlesupplies.eu\/#\/schema\/logo\/image\/","url":"https:\/\/luxurycandlesupplies.eu\/app\/uploads\/2022\/03\/antwerp-luxury-candle-supplies-1x.png","contentUrl":"https:\/\/luxurycandlesupplies.eu\/app\/uploads\/2022\/03\/antwerp-luxury-candle-supplies-1x.png","width":330,"height":60,"caption":"Antwerp Luxury Candle Supplies"},"image":{"@id":"https:\/\/luxurycandlesupplies.eu\/#\/schema\/logo\/image\/"},"sameAs":["https:\/\/www.facebook.com\/Antwerpluxurycandlesupplies\/","https:\/\/www.instagram.com\/antwerp_luxury_candle_supplies\/","https:\/\/pin.it\/7joOXRW"]}]}},"_links":{"self":[{"href":"https:\/\/luxurycandlesupplies.eu\/nl\/wp-json\/wp\/v2\/product\/17566","targetHints":{"allow":["GET"]}}],"collection":[{"href":"https:\/\/luxurycandlesupplies.eu\/nl\/wp-json\/wp\/v2\/product"}],"about":[{"href":"https:\/\/luxurycandlesupplies.eu\/nl\/wp-json\/wp\/v2\/types\/product"}],"wp:featuredmedia":[{"embeddable":true,"href":"https:\/\/luxurycandlesupplies.eu\/nl\/wp-json\/wp\/v2\/media\/22477"}],"wp:attachment":[{"href":"https:\/\/luxurycandlesupplies.eu\/nl\/wp-json\/wp\/v2\/media?parent=17566"}],"wp:term":[{"taxonomy":"product_brand","embeddable":true,"href":"https:\/\/luxurycandlesupplies.eu\/nl\/wp-json\/wp\/v2\/product_brand?post=17566"},{"taxonomy":"product_cat","embeddable":true,"href":"https:\/\/luxurycandlesupplies.eu\/nl\/wp-json\/wp\/v2\/product_cat?post=17566"},{"taxonomy":"product_tag","embeddable":true,"href":"https:\/\/luxurycandlesupplies.eu\/nl\/wp-json\/wp\/v2\/product_tag?post=17566"}],"curies":[{"name":"wp","href":"https:\/\/api.w.org\/{rel}","templated":true}]}}