{"id":17629,"date":"2024-09-05T09:36:10","date_gmt":"2024-09-05T07:36:10","guid":{"rendered":"https:\/\/luxurycandlesupplies.eu\/?post_type=product&#038;p=17629"},"modified":"2026-05-14T22:31:45","modified_gmt":"2026-05-14T20:31:45","slug":"les-sens-de-marrakech","status":"publish","type":"product","link":"https:\/\/luxurycandlesupplies.eu\/nl\/product\/les-sens-de-marrakech\/","title":{"rendered":"Les Sens de Marrakech - UFI vrijgesteld <10%"},"content":{"rendered":"<h3>DESCRIPTION<\/h3>\n<p>&nbsp;<\/p>\n<div class=\"page\" title=\"Page 5\">\n<div class=\"layoutArea\">\n<div class=\"column\">\n<h2><strong><em>Les Sens de Marrakech<\/em><\/strong><\/h2>\n<p>&nbsp;<\/p>\n<div class=\"flex-shrink-0 flex flex-col relative items-end\">\n<div>\n<div class=\"pt-0\">\n<div class=\"gizmo-bot-avatar flex h-8 w-8 items-center justify-center overflow-hidden rounded-full\">\n<div class=\"relative p-1 rounded-sm flex items-center justify-center bg-token-main-surface-primary text-token-text-primary h-8 w-8\"><\/div>\n<\/div>\n<\/div>\n<\/div>\n<\/div>\n<div class=\"group\/conversation-turn relative flex w-full min-w-0 flex-col agent-turn\">\n<div class=\"flex-col gap-1 md:gap-3\">\n<div class=\"flex max-w-full flex-col flex-grow\">\n<div class=\"min-h-[20px] text-message flex w-full flex-col items-end gap-2 break-words [.text-message+&amp;]:mt-5 overflow-x-auto whitespace-normal\" dir=\"auto\" data-message-author-role=\"assistant\" data-message-id=\"e7da6223-05b7-44bc-a28c-5ec752ba48b3\">\n<div class=\"flex w-full flex-col gap-1 empty:hidden first:pt-[3px]\">\n<div class=\"markdown prose w-full break-words dark:prose-invert light\">\n<p>Indulge in the enchanting allure of &#8220;Les Sens de Marrakech,&#8221; a captivating fragrance that transports you to the heart of an aromatic oasis.<\/p>\n<p>This candle fragrance opens with a vibrant burst of bergamot and delicate rose, setting the stage for a journey of enchantment.<\/p>\n<p>&nbsp;<\/p>\n<p>As the scent unfolds, it reveals a rich heart of white woods, cedarwood and eucalyptus, creating a refreshingly woody and clean essence.<\/p>\n<p>&nbsp;<\/p>\n<p>Anchored by a base of musk, patchouli, and amber, it culminates in a deep, musky finish that is both longlasting and intensely aromatic. Infused with a spicy note of agarwood.<\/p>\n<\/div>\n<\/div>\n<\/div>\n<\/div>\n<\/div>\n<\/div>\n<p>&nbsp;<\/p>\n<\/div>\n<\/div>\n<\/div>\n<p><strong>Top:<\/strong> Bergamot &#8211; Rose<\/p>\n<p><strong>Heart: <\/strong>White Woods &#8211; Cedarwood &#8211; Eucalyptus<\/p>\n<p><strong>Base:<\/strong> Musk &#8211; Patchouli &#8211; Amber<\/p>\n<p>&nbsp;<\/p>\n<h3>OUR RECOMMENDATION<\/h3>\n<hr \/>\n<div>\n<p>The use of fragrance oils will be dependant on the product you are creating. Please refer to the guide below for suggested ratios suitable for your product.<\/p>\n<p>Please note, the below values are suggestions only. We recommend users conduct their own testing with intended blends of wax and oil for optimal results.<\/p>\n<p>Candles: 6-10%, UFI free max 10%<br \/>\nWaxmelts: 10-12%<\/p>\n<\/div>\n<h2><\/h2>\n<h3>CLP &amp; SDS INFORMATION<\/h3>\n<hr \/>\n<div>\n<p><a style=\"font-size: 16px; background-color: #ffffff;\" href=\"https:\/\/luxurycandlesupplies.eu\/app\/uploads\/2024\/09\/Les-Sens-de-Marrakech-SDS.pdf\">Les Sens de Marrakech &#8211; SDS 100%<\/a><\/p>\n<\/div>\n<p><a href=\"https:\/\/luxurycandlesupplies.eu\/app\/uploads\/2024\/09\/Les-Sens-de-Marrakech-IFRA.pdf\">Les Sens de Marrakech &#8211; IFRA<\/a><\/p>\n<p><a href=\"https:\/\/luxurycandlesupplies.eu\/app\/uploads\/2024\/09\/CLP-label-_-Les-Sens-de-Marrakech-_-candle-10.pdf\">CLP label _ Les Sens de Marrakech _ candle 10%<\/a><\/p>\n<p><a href=\"https:\/\/luxurycandlesupplies.eu\/app\/uploads\/2024\/09\/CLP-label-_-Les-Sens-de-Marrakech-_-Augeo-20.pdf\">CLP label _ Les Sens de Marrakech _ Augeo 20%<\/a><\/p>\n<p><a href=\"https:\/\/luxurycandlesupplies.eu\/app\/uploads\/2024\/09\/CLP-label-_-Les-Sens-de-Marrakech-_-candle-8.pdf\">CLP label _ Les Sens de Marrakech _ candle 8%<\/a><\/p>\n<p>&nbsp;<\/p>\n<p>UFI: CPC0-Y0ES-700Y-S7KC<\/p>\n<p><img decoding=\"async\" class=\"alignnone wp-image-23489\" src=\"https:\/\/luxurycandlesupplies.eu\/app\/uploads\/2025\/07\/Danger-4-300x300.png\" alt=\"\" width=\"122\" height=\"122\" srcset=\"https:\/\/luxurycandlesupplies.eu\/app\/uploads\/2025\/07\/Danger-4-300x300.png 300w, https:\/\/luxurycandlesupplies.eu\/app\/uploads\/2025\/07\/Danger-4-1024x1024.png 1024w, https:\/\/luxurycandlesupplies.eu\/app\/uploads\/2025\/07\/Danger-4-150x150.png 150w, https:\/\/luxurycandlesupplies.eu\/app\/uploads\/2025\/07\/Danger-4-768x768.png 768w, https:\/\/luxurycandlesupplies.eu\/app\/uploads\/2025\/07\/Danger-4-12x12.png 12w, https:\/\/luxurycandlesupplies.eu\/app\/uploads\/2025\/07\/Danger-4-600x600.png 600w, https:\/\/luxurycandlesupplies.eu\/app\/uploads\/2025\/07\/Danger-4-100x100.png 100w, https:\/\/luxurycandlesupplies.eu\/app\/uploads\/2025\/07\/Danger-4.png 1080w\" sizes=\"(max-width: 122px) 100vw, 122px\" \/> <img decoding=\"async\" class=\"alignnone wp-image-23488\" src=\"https:\/\/luxurycandlesupplies.eu\/app\/uploads\/2025\/07\/Danger-3-300x300.png\" alt=\"\" width=\"122\" height=\"122\" srcset=\"https:\/\/luxurycandlesupplies.eu\/app\/uploads\/2025\/07\/Danger-3-300x300.png 300w, https:\/\/luxurycandlesupplies.eu\/app\/uploads\/2025\/07\/Danger-3-1024x1024.png 1024w, https:\/\/luxurycandlesupplies.eu\/app\/uploads\/2025\/07\/Danger-3-150x150.png 150w, https:\/\/luxurycandlesupplies.eu\/app\/uploads\/2025\/07\/Danger-3-768x768.png 768w, https:\/\/luxurycandlesupplies.eu\/app\/uploads\/2025\/07\/Danger-3-12x12.png 12w, https:\/\/luxurycandlesupplies.eu\/app\/uploads\/2025\/07\/Danger-3-600x600.png 600w, https:\/\/luxurycandlesupplies.eu\/app\/uploads\/2025\/07\/Danger-3-100x100.png 100w, https:\/\/luxurycandlesupplies.eu\/app\/uploads\/2025\/07\/Danger-3.png 1080w\" sizes=\"(max-width: 122px) 100vw, 122px\" \/><\/p>\n<p><strong>Les Sens De Marrakech NL<\/strong><\/p>\n<p>P273 Voorkom lozing in het milieu. H317 Kan een allergische huidreactie veroorzaken. H410 Zeer<br \/>\ngiftig voor in het water levende organismen, met langdurige gevolgen. P261 Inademing van<br \/>\nstof\/rook\/gas\/nevel\/damp\/spuitnevel vermijden. P302+P352 BIJ CONTACT MET DE HUID: met veel<br \/>\nwater en zeep wassen. P333+P313 Bij huidirritatie of uitslag: een arts raadplegen. P501<br \/>\nInhoud\/verpakking afvoeren naar een erkende afvalinzamelaar conform VLAREMA en OVAMregelgeving.<\/p>\n<p>&nbsp;<\/p>\n<p><strong>Les Sens De Marrakech FR<\/strong><\/p>\n<p>HP273 \u00c9viter le rejet dans l\u2019environnement. H317 Peut provoquer une r\u00e9action allergique cutan\u00e9e.<br \/>\nH410 Tr\u00e8s toxique pour les organismes aquatiques, entra\u00eene des effets n\u00e9fastes \u00e0 long terme. P261<br \/>\n\u00c9viter de respirer les poussi\u00e8res\/fum\u00e9es\/gaz\/brouillards\/vapeurs\/a\u00e9rosols. P302+P352 EN CAS DE<br \/>\nCONTACT AVEC LA PEAU : laver abondamment \u00e0 l\u2019eau et au savon. P333+P313 En cas d\u2019irritation ou<br \/>\nd\u2019\u00e9ruption cutan\u00e9e : consulter un m\u00e9decin. P501 \u00c9liminer le contenu\/le r\u00e9cipient via un collecteur de<br \/>\nd\u00e9chets agr\u00e9\u00e9 conform\u00e9ment \u00e0 la r\u00e9glementation VLAREMA et OVAM.<\/p>\n<p>&nbsp;<\/p>\n<p><strong>Les Sens De Marrakech ENG<\/strong><\/p>\n<p>P273 Avoid release to the environment. H317 May cause an allergic skin reaction. H410 Very toxic to<br \/>\naquatic life with long lasting effects. P261 Avoid breathing dust\/fume\/gas\/mist\/vapours\/spray.<br \/>\nP302+P352 IF ON SKIN: Wash with plenty of soap and water. P333+P313 If skin irritation or rash<br \/>\noccurs: Get medical advice. P501 Dispose of contents\/container via an authorized waste collector in<br \/>\naccordance with VLAREMA and OVAM regulations.<\/p>\n","protected":false},"excerpt":{"rendered":"<p>DESCRIPTION &nbsp; Les Sens de Marrakech &nbsp; Indulge in the enchanting allure of &#8220;Les Sens de Marrakech,&#8221; a captivating fragrance that transports you to the heart of an aromatic oasis. This candle fragrance opens with a vibrant burst of bergamot and delicate rose, setting the stage for a journey of enchantment. &nbsp; As the scent [&hellip;]<\/p>\n","protected":false},"featured_media":17636,"template":"","meta":{"_acf_changed":false,"site-sidebar-layout":"default","site-content-layout":"default","ast-site-content-layout":"default","site-content-style":"default","site-sidebar-style":"default","ast-global-header-display":"","ast-banner-title-visibility":"","ast-main-header-display":"","ast-hfb-above-header-display":"","ast-hfb-below-header-display":"","ast-hfb-mobile-header-display":"","site-post-title":"","ast-breadcrumbs-content":"","ast-featured-img":"","footer-sml-layout":"","ast-disable-related-posts":"","theme-transparent-header-meta":"default","adv-header-id-meta":"","stick-header-meta":"","header-above-stick-meta":"","header-main-stick-meta":"","header-below-stick-meta":"","astra-migrate-meta-layouts":"set","ast-page-background-enabled":"default","ast-page-background-meta":{"desktop":{"background-color":"","background-image":"","background-repeat":"repeat","background-position":"center center","background-size":"auto","background-attachment":"scroll","background-type":"","background-media":"","overlay-type":"","overlay-color":"","overlay-opacity":"","overlay-gradient":""},"tablet":{"background-color":"","background-image":"","background-repeat":"repeat","background-position":"center center","background-size":"auto","background-attachment":"scroll","background-type":"","background-media":"","overlay-type":"","overlay-color":"","overlay-opacity":"","overlay-gradient":""},"mobile":{"background-color":"","background-image":"","background-repeat":"repeat","background-position":"center center","background-size":"auto","background-attachment":"scroll","background-type":"","background-media":"","overlay-type":"","overlay-color":"","overlay-opacity":"","overlay-gradient":""}},"ast-content-background-meta":{"desktop":{"background-color":"var(--ast-global-color-5)","background-image":"","background-repeat":"repeat","background-position":"center center","background-size":"auto","background-attachment":"scroll","background-type":"","background-media":"","overlay-type":"","overlay-color":"","overlay-opacity":"","overlay-gradient":""},"tablet":{"background-color":"var(--ast-global-color-5)","background-image":"","background-repeat":"repeat","background-position":"center center","background-size":"auto","background-attachment":"scroll","background-type":"","background-media":"","overlay-type":"","overlay-color":"","overlay-opacity":"","overlay-gradient":""},"mobile":{"background-color":"var(--ast-global-color-5)","background-image":"","background-repeat":"repeat","background-position":"center center","background-size":"auto","background-attachment":"scroll","background-type":"","background-media":"","overlay-type":"","overlay-color":"","overlay-opacity":"","overlay-gradient":""}}},"product_brand":[],"product_cat":[25,1681],"product_tag":[29,26,19,124,441,1532,28,1610,281,31,1609,175,1421,1466,1454,23,30,20,27,22,321],"class_list":{"0":"post-17629","1":"product","2":"type-product","3":"status-publish","4":"has-post-thumbnail","6":"product_cat-fragrances","7":"product_cat-fragrances-ufi-exempt","8":"product_tag-a05-wax","9":"product_tag-a27-wax","10":"product_tag-all-seasons-wax","11":"product_tag-amber","12":"product_tag-bergamot","13":"product_tag-cedarwood","14":"product_tag-cocosoy","15":"product_tag-eucalyptus","16":"product_tag-fragrance","17":"product_tag-m12-wax","18":"product_tag-marrakech","19":"product_tag-musk","20":"product_tag-patchouli","21":"product_tag-rich-man-precious","22":"product_tag-rose","23":"product_tag-s100-wax","24":"product_tag-s16-wax","25":"product_tag-soy-wax","26":"product_tag-vegan-wax","27":"product_tag-wax","28":"product_tag-wood","29":"desktop-align-left","30":"tablet-align-left","31":"mobile-align-left","32":"ast-product-gallery-layout-horizontal-slider","33":"ast-product-single-variable","34":"ast-product-tabs-layout-horizontal","36":"first","37":"instock","38":"taxable","39":"shipping-taxable","40":"purchasable","41":"product-type-variable"},"acf":[],"yoast_head":"<title>Les Sens de Marrakech - UFI exempt<\/title>\n<meta name=\"robots\" content=\"index, follow, max-snippet:-1, max-image-preview:large, max-video-preview:-1\" \/>\n<link rel=\"canonical\" href=\"https:\/\/luxurycandlesupplies.eu\/nl\/product\/les-sens-de-marrakech\/\" \/>\n<meta property=\"og:locale\" content=\"nl_NL\" \/>\n<meta property=\"og:type\" content=\"article\" \/>\n<meta property=\"og:title\" content=\"Les Sens de Marrakech - UFI exempt\" \/>\n<meta property=\"og:description\" content=\"DESCRIPTION &nbsp; Les Sens de Marrakech &nbsp; Indulge in the enchanting allure of &#8220;Les Sens de Marrakech,&#8221; a captivating fragrance that transports you to the heart of an aromatic oasis. This candle fragrance opens with a vibrant burst of bergamot and delicate rose, setting the stage for a journey of enchantment. &nbsp; As the scent [&hellip;]\" \/>\n<meta property=\"og:url\" content=\"https:\/\/luxurycandlesupplies.eu\/nl\/product\/les-sens-de-marrakech\/\" \/>\n<meta property=\"og:site_name\" content=\"Antwerp Luxury Candle Supplies\" \/>\n<meta property=\"article:publisher\" content=\"https:\/\/www.facebook.com\/Antwerpluxurycandlesupplies\/\" \/>\n<meta property=\"article:modified_time\" content=\"2026-05-14T20:31:45+00:00\" \/>\n<meta property=\"og:image\" content=\"https:\/\/luxurycandlesupplies.eu\/app\/uploads\/2024\/09\/2.jpg\" \/>\n\t<meta property=\"og:image:width\" content=\"1080\" \/>\n\t<meta property=\"og:image:height\" content=\"1080\" \/>\n\t<meta property=\"og:image:type\" content=\"image\/jpeg\" \/>\n<meta name=\"twitter:card\" content=\"summary_large_image\" \/>\n<meta name=\"twitter:label1\" content=\"Geschatte leestijd\" \/>\n\t<meta name=\"twitter:data1\" content=\"3 minuten\" \/>\n<script type=\"application\/ld+json\" class=\"yoast-schema-graph\">{\"@context\":\"https:\\\/\\\/schema.org\",\"@graph\":[{\"@type\":\"WebPage\",\"@id\":\"https:\\\/\\\/luxurycandlesupplies.eu\\\/product\\\/les-sens-de-marrakech\\\/\",\"url\":\"https:\\\/\\\/luxurycandlesupplies.eu\\\/product\\\/les-sens-de-marrakech\\\/\",\"name\":\"Les Sens de Marrakech - UFI exempt\",\"isPartOf\":{\"@id\":\"https:\\\/\\\/luxurycandlesupplies.eu\\\/#website\"},\"primaryImageOfPage\":{\"@id\":\"https:\\\/\\\/luxurycandlesupplies.eu\\\/product\\\/les-sens-de-marrakech\\\/#primaryimage\"},\"image\":{\"@id\":\"https:\\\/\\\/luxurycandlesupplies.eu\\\/product\\\/les-sens-de-marrakech\\\/#primaryimage\"},\"thumbnailUrl\":\"https:\\\/\\\/luxurycandlesupplies.eu\\\/app\\\/uploads\\\/2024\\\/09\\\/2.jpg\",\"datePublished\":\"2024-09-05T07:36:10+00:00\",\"dateModified\":\"2026-05-14T20:31:45+00:00\",\"breadcrumb\":{\"@id\":\"https:\\\/\\\/luxurycandlesupplies.eu\\\/product\\\/les-sens-de-marrakech\\\/#breadcrumb\"},\"inLanguage\":\"nl-NL\",\"potentialAction\":[{\"@type\":\"ReadAction\",\"target\":[\"https:\\\/\\\/luxurycandlesupplies.eu\\\/product\\\/les-sens-de-marrakech\\\/\"]}]},{\"@type\":\"ImageObject\",\"inLanguage\":\"nl-NL\",\"@id\":\"https:\\\/\\\/luxurycandlesupplies.eu\\\/product\\\/les-sens-de-marrakech\\\/#primaryimage\",\"url\":\"https:\\\/\\\/luxurycandlesupplies.eu\\\/app\\\/uploads\\\/2024\\\/09\\\/2.jpg\",\"contentUrl\":\"https:\\\/\\\/luxurycandlesupplies.eu\\\/app\\\/uploads\\\/2024\\\/09\\\/2.jpg\",\"width\":1080,\"height\":1080},{\"@type\":\"BreadcrumbList\",\"@id\":\"https:\\\/\\\/luxurycandlesupplies.eu\\\/product\\\/les-sens-de-marrakech\\\/#breadcrumb\",\"itemListElement\":[{\"@type\":\"ListItem\",\"position\":1,\"name\":\"Home\",\"item\":\"https:\\\/\\\/luxurycandlesupplies.eu\\\/\"},{\"@type\":\"ListItem\",\"position\":2,\"name\":\"Shop\",\"item\":\"https:\\\/\\\/luxurycandlesupplies.eu\\\/shop\\\/\"},{\"@type\":\"ListItem\",\"position\":3,\"name\":\"Les Sens de Marrakech &#8211; UFI exempt\"}]},{\"@type\":\"WebSite\",\"@id\":\"https:\\\/\\\/luxurycandlesupplies.eu\\\/#website\",\"url\":\"https:\\\/\\\/luxurycandlesupplies.eu\\\/\",\"name\":\"Antwerp Luxury Candle Supplies\",\"description\":\"Distributor of all seasons soy wax\",\"publisher\":{\"@id\":\"https:\\\/\\\/luxurycandlesupplies.eu\\\/#organization\"},\"potentialAction\":[{\"@type\":\"SearchAction\",\"target\":{\"@type\":\"EntryPoint\",\"urlTemplate\":\"https:\\\/\\\/luxurycandlesupplies.eu\\\/?s={search_term_string}\"},\"query-input\":{\"@type\":\"PropertyValueSpecification\",\"valueRequired\":true,\"valueName\":\"search_term_string\"}}],\"inLanguage\":\"nl-NL\"},{\"@type\":\"Organization\",\"@id\":\"https:\\\/\\\/luxurycandlesupplies.eu\\\/#organization\",\"name\":\"Antwerp Luxury Candle Supplies\",\"url\":\"https:\\\/\\\/luxurycandlesupplies.eu\\\/\",\"logo\":{\"@type\":\"ImageObject\",\"inLanguage\":\"nl-NL\",\"@id\":\"https:\\\/\\\/luxurycandlesupplies.eu\\\/#\\\/schema\\\/logo\\\/image\\\/\",\"url\":\"https:\\\/\\\/luxurycandlesupplies.eu\\\/app\\\/uploads\\\/2022\\\/03\\\/antwerp-luxury-candle-supplies-1x.png\",\"contentUrl\":\"https:\\\/\\\/luxurycandlesupplies.eu\\\/app\\\/uploads\\\/2022\\\/03\\\/antwerp-luxury-candle-supplies-1x.png\",\"width\":330,\"height\":60,\"caption\":\"Antwerp Luxury Candle Supplies\"},\"image\":{\"@id\":\"https:\\\/\\\/luxurycandlesupplies.eu\\\/#\\\/schema\\\/logo\\\/image\\\/\"},\"sameAs\":[\"https:\\\/\\\/www.facebook.com\\\/Antwerpluxurycandlesupplies\\\/\",\"https:\\\/\\\/www.instagram.com\\\/antwerp_luxury_candle_supplies\\\/\",\"https:\\\/\\\/pin.it\\\/7joOXRW\"]}]}<\/script>","yoast_head_json":{"title":"Les Sens de Marrakech - UFI vrijgesteld","robots":{"index":"index","follow":"follow","max-snippet":"max-snippet:-1","max-image-preview":"max-image-preview:large","max-video-preview":"max-video-preview:-1"},"canonical":"https:\/\/luxurycandlesupplies.eu\/nl\/product\/les-sens-de-marrakech\/","og_locale":"nl_NL","og_type":"article","og_title":"Les Sens de Marrakech - UFI exempt","og_description":"DESCRIPTION &nbsp; Les Sens de Marrakech &nbsp; Indulge in the enchanting allure of &#8220;Les Sens de Marrakech,&#8221; a captivating fragrance that transports you to the heart of an aromatic oasis. This candle fragrance opens with a vibrant burst of bergamot and delicate rose, setting the stage for a journey of enchantment. &nbsp; As the scent [&hellip;]","og_url":"https:\/\/luxurycandlesupplies.eu\/nl\/product\/les-sens-de-marrakech\/","og_site_name":"Antwerp Luxury Candle Supplies","article_publisher":"https:\/\/www.facebook.com\/Antwerpluxurycandlesupplies\/","article_modified_time":"2026-05-14T20:31:45+00:00","og_image":[{"width":1080,"height":1080,"url":"https:\/\/luxurycandlesupplies.eu\/app\/uploads\/2024\/09\/2.jpg","type":"image\/jpeg"}],"twitter_card":"summary_large_image","twitter_misc":{"Geschatte leestijd":"3 minuten"},"schema":{"@context":"https:\/\/schema.org","@graph":[{"@type":"WebPage","@id":"https:\/\/luxurycandlesupplies.eu\/product\/les-sens-de-marrakech\/","url":"https:\/\/luxurycandlesupplies.eu\/product\/les-sens-de-marrakech\/","name":"Les Sens de Marrakech - UFI vrijgesteld","isPartOf":{"@id":"https:\/\/luxurycandlesupplies.eu\/#website"},"primaryImageOfPage":{"@id":"https:\/\/luxurycandlesupplies.eu\/product\/les-sens-de-marrakech\/#primaryimage"},"image":{"@id":"https:\/\/luxurycandlesupplies.eu\/product\/les-sens-de-marrakech\/#primaryimage"},"thumbnailUrl":"https:\/\/luxurycandlesupplies.eu\/app\/uploads\/2024\/09\/2.jpg","datePublished":"2024-09-05T07:36:10+00:00","dateModified":"2026-05-14T20:31:45+00:00","breadcrumb":{"@id":"https:\/\/luxurycandlesupplies.eu\/product\/les-sens-de-marrakech\/#breadcrumb"},"inLanguage":"nl-NL","potentialAction":[{"@type":"ReadAction","target":["https:\/\/luxurycandlesupplies.eu\/product\/les-sens-de-marrakech\/"]}]},{"@type":"ImageObject","inLanguage":"nl-NL","@id":"https:\/\/luxurycandlesupplies.eu\/product\/les-sens-de-marrakech\/#primaryimage","url":"https:\/\/luxurycandlesupplies.eu\/app\/uploads\/2024\/09\/2.jpg","contentUrl":"https:\/\/luxurycandlesupplies.eu\/app\/uploads\/2024\/09\/2.jpg","width":1080,"height":1080},{"@type":"BreadcrumbList","@id":"https:\/\/luxurycandlesupplies.eu\/product\/les-sens-de-marrakech\/#breadcrumb","itemListElement":[{"@type":"ListItem","position":1,"name":"Home","item":"https:\/\/luxurycandlesupplies.eu\/"},{"@type":"ListItem","position":2,"name":"Shop","item":"https:\/\/luxurycandlesupplies.eu\/shop\/"},{"@type":"ListItem","position":3,"name":"Les Sens de Marrakech &#8211; UFI exempt"}]},{"@type":"WebSite","@id":"https:\/\/luxurycandlesupplies.eu\/#website","url":"https:\/\/luxurycandlesupplies.eu\/","name":"Antwerpen Luxe Kaars Benodigdheden","description":"Verdeler van sojawas voor alle seizoenen","publisher":{"@id":"https:\/\/luxurycandlesupplies.eu\/#organization"},"potentialAction":[{"@type":"SearchAction","target":{"@type":"EntryPoint","urlTemplate":"https:\/\/luxurycandlesupplies.eu\/?s={search_term_string}"},"query-input":{"@type":"PropertyValueSpecification","valueRequired":true,"valueName":"search_term_string"}}],"inLanguage":"nl-NL"},{"@type":"Organization","@id":"https:\/\/luxurycandlesupplies.eu\/#organization","name":"Antwerpen Luxe Kaars Benodigdheden","url":"https:\/\/luxurycandlesupplies.eu\/","logo":{"@type":"ImageObject","inLanguage":"nl-NL","@id":"https:\/\/luxurycandlesupplies.eu\/#\/schema\/logo\/image\/","url":"https:\/\/luxurycandlesupplies.eu\/app\/uploads\/2022\/03\/antwerp-luxury-candle-supplies-1x.png","contentUrl":"https:\/\/luxurycandlesupplies.eu\/app\/uploads\/2022\/03\/antwerp-luxury-candle-supplies-1x.png","width":330,"height":60,"caption":"Antwerp Luxury Candle Supplies"},"image":{"@id":"https:\/\/luxurycandlesupplies.eu\/#\/schema\/logo\/image\/"},"sameAs":["https:\/\/www.facebook.com\/Antwerpluxurycandlesupplies\/","https:\/\/www.instagram.com\/antwerp_luxury_candle_supplies\/","https:\/\/pin.it\/7joOXRW"]}]}},"_links":{"self":[{"href":"https:\/\/luxurycandlesupplies.eu\/nl\/wp-json\/wp\/v2\/product\/17629","targetHints":{"allow":["GET"]}}],"collection":[{"href":"https:\/\/luxurycandlesupplies.eu\/nl\/wp-json\/wp\/v2\/product"}],"about":[{"href":"https:\/\/luxurycandlesupplies.eu\/nl\/wp-json\/wp\/v2\/types\/product"}],"wp:featuredmedia":[{"embeddable":true,"href":"https:\/\/luxurycandlesupplies.eu\/nl\/wp-json\/wp\/v2\/media\/17636"}],"wp:attachment":[{"href":"https:\/\/luxurycandlesupplies.eu\/nl\/wp-json\/wp\/v2\/media?parent=17629"}],"wp:term":[{"taxonomy":"product_brand","embeddable":true,"href":"https:\/\/luxurycandlesupplies.eu\/nl\/wp-json\/wp\/v2\/product_brand?post=17629"},{"taxonomy":"product_cat","embeddable":true,"href":"https:\/\/luxurycandlesupplies.eu\/nl\/wp-json\/wp\/v2\/product_cat?post=17629"},{"taxonomy":"product_tag","embeddable":true,"href":"https:\/\/luxurycandlesupplies.eu\/nl\/wp-json\/wp\/v2\/product_tag?post=17629"}],"curies":[{"name":"wp","href":"https:\/\/api.w.org\/{rel}","templated":true}]}}