{"id":17754,"date":"2024-09-17T12:07:30","date_gmt":"2024-09-17T10:07:30","guid":{"rendered":"https:\/\/luxurycandlesupplies.eu\/?post_type=product&#038;p=17754"},"modified":"2026-05-13T17:18:09","modified_gmt":"2026-05-13T15:18:09","slug":"myrrhtonka","status":"publish","type":"product","link":"https:\/\/luxurycandlesupplies.eu\/nl\/product\/myrrhtonka\/","title":{"rendered":"Mirre &amp; Tonka - UFI vrijgesteld <7%"},"content":{"rendered":"<h3>BESCHRIJVING<\/h3>\n<p>&nbsp;<\/p>\n<h3><em><strong>Mirre &amp; Tonka<\/strong><\/em><\/h3>\n<p>&nbsp;<\/p>\n<p>Deze geur is ge\u00efnspireerd op de luxe geur Myrrh &amp; Tonka van Jo Malone en geeft een unieke draai aan de klassieke allure.<\/p>\n<p>Ontdek een geur met de warmte van honing en de rijkdom van amandel in de uitnodigende topnoten. Het hart ontvouwt zich met het diepe, harsachtige aroma van mirre vermengd met de heldere helderheid van kamfer, waardoor een fascinerend contrast ontstaat. De basisnoten versterken de geur met de zoete, romige essentie van vanille naast de kruidige allure van tonkaboon. Deze luxe parfumolie biedt een complexe, boeiende ervaring die prachtig blijft hangen.<\/p>\n<p>&nbsp;<\/p>\n<p>Topnoten:  Honing - Amandel<\/p>\n<p>Middennoten: Mirre - Kamfer<\/p>\n<p>Basisnoten: Tonka - Vanille<\/p>\n<p>&nbsp;<\/p>\n<h3>ONZE AANBEVELING<\/h3>\n<hr \/>\n<div>\n<p>Het gebruik van geurolie is afhankelijk van het product dat je gaat maken.<\/p>\n<p>Let op: De onderstaande waarden zijn slechts suggesties. We raden kaarsenmakers aan om steeds uitgebreid te testen voor optimale resultaten.<\/p>\n<p>Kaarsen: 6-10%, UFI vrij max 7%<br \/>\nWaxmelts: 10-12%<\/p>\n<p>&nbsp;<\/p>\n<\/div>\n<h2>CLP &amp; VEILIGHEIDSDOCUMENTEN<\/h2>\n<hr \/>\n<p>&nbsp;<\/p>\n<p><a href=\"https:\/\/luxurycandlesupplies.eu\/app\/uploads\/2024\/09\/CLP-label-_-Myrrh-Tonka_-candle-.10.pdf\">CLP label _ Mirre &amp; Tonka_ kaars .10%<\/a><\/p>\n<p><a href=\"https:\/\/luxurycandlesupplies.eu\/app\/uploads\/2024\/09\/CLP-label-_-Myrrh-Tonka_-candle.-7-Free-of-UFI.pdf\">CLP label _ Mirre &amp; Tonka_ kaars. 7% Vrij van UFI<\/a><\/p>\n<p><a href=\"https:\/\/luxurycandlesupplies.eu\/app\/uploads\/2024\/09\/MyrrTonka-SDS.pdf\">Mirre &amp; Tonka SDS 100%<\/a><\/p>\n<p><a href=\"https:\/\/luxurycandlesupplies.eu\/app\/uploads\/2024\/09\/Myrrh-Tonka-IFRA.pdf\">Mirre &amp; Tonka IFRA<\/a><\/p>\n<p>&nbsp;<\/p>\n<p>UFI: HP80-808V-H00N-N963<\/p>\n<p><img decoding=\"async\" class=\"alignnone wp-image-23489\" src=\"https:\/\/luxurycandlesupplies.eu\/app\/uploads\/2025\/07\/Danger-4-300x300.png\" alt=\"\" width=\"122\" height=\"122\" srcset=\"https:\/\/luxurycandlesupplies.eu\/app\/uploads\/2025\/07\/Danger-4-300x300.png 300w, https:\/\/luxurycandlesupplies.eu\/app\/uploads\/2025\/07\/Danger-4-1024x1024.png 1024w, https:\/\/luxurycandlesupplies.eu\/app\/uploads\/2025\/07\/Danger-4-150x150.png 150w, https:\/\/luxurycandlesupplies.eu\/app\/uploads\/2025\/07\/Danger-4-768x768.png 768w, https:\/\/luxurycandlesupplies.eu\/app\/uploads\/2025\/07\/Danger-4-12x12.png 12w, https:\/\/luxurycandlesupplies.eu\/app\/uploads\/2025\/07\/Danger-4-600x600.png 600w, https:\/\/luxurycandlesupplies.eu\/app\/uploads\/2025\/07\/Danger-4-100x100.png 100w, https:\/\/luxurycandlesupplies.eu\/app\/uploads\/2025\/07\/Danger-4.png 1080w\" sizes=\"(max-width: 122px) 100vw, 122px\" \/> <img decoding=\"async\" class=\"alignnone wp-image-23488\" src=\"https:\/\/luxurycandlesupplies.eu\/app\/uploads\/2025\/07\/Danger-3-300x300.png\" alt=\"\" width=\"122\" height=\"122\" srcset=\"https:\/\/luxurycandlesupplies.eu\/app\/uploads\/2025\/07\/Danger-3-300x300.png 300w, https:\/\/luxurycandlesupplies.eu\/app\/uploads\/2025\/07\/Danger-3-1024x1024.png 1024w, https:\/\/luxurycandlesupplies.eu\/app\/uploads\/2025\/07\/Danger-3-150x150.png 150w, https:\/\/luxurycandlesupplies.eu\/app\/uploads\/2025\/07\/Danger-3-768x768.png 768w, https:\/\/luxurycandlesupplies.eu\/app\/uploads\/2025\/07\/Danger-3-12x12.png 12w, https:\/\/luxurycandlesupplies.eu\/app\/uploads\/2025\/07\/Danger-3-600x600.png 600w, https:\/\/luxurycandlesupplies.eu\/app\/uploads\/2025\/07\/Danger-3-100x100.png 100w, https:\/\/luxurycandlesupplies.eu\/app\/uploads\/2025\/07\/Danger-3.png 1080w\" sizes=\"(max-width: 122px) 100vw, 122px\" \/><\/p>\n<p><strong>Mirre &amp; Tonka NL<\/strong><\/p>\n<p>H315 Veroorzaakt huidirritatie. H319 Veroorzaakt ernstige oogirritatie. H317 Kan een allergische<br \/>\nhuidreactie veroorzaken. H411 Giftig voor in het water levende organismen, met langdurige<br \/>\ngevolgen. P264 Na het werken met dit product aangetaste gebieden grondig wassen. P280<br \/>\nBeschermende handschoenen\/beschermende kleding\/oogbescherming\/gelaatsbescherming dragen.<br \/>\nP321 Specifieke behandeling vereist (zie op dit etiket). P362 Verontreinigde kleding uittrekken.<br \/>\nP302+P352 BIJ CONTACT MET DE HUID: met veel water en zeep wassen. P332+P313 Bij huidirritatie:<br \/>\neen kunst raadplegen. P305+P351+P338 BIJ CONTACT MET DE OGEN: voorzichtig afspoelen met water<br \/>\ngedurende een aantal minuten; contactlenzen verwijderen, indien mogelijk; blijven spoelen.<br \/>\nP337+P313 Bij aanhoudende oogirritatie: een arts raadplegen. P261 Inademing van<br \/>\nstof\/rook\/gas\/nevel\/damp\/spuitnevel vermijden. P272 Verontreinigde werkkleding mag de<br \/>\nwerkruimte niet verlaten. P363 Verontreinigde kleding wassen alvorens deze opnieuw te gebruiken.<br \/>\nP501 Inhoud\/verpakking afvoeren naar een erkende afvalinzamelaar conform VLAREMA en OVAMregelgeving.<br \/>\nP333+P313 Bij huidirritatie of uitslag: een kunst raadplegen. P273 Voorkom lozing in het<br \/>\nmilieu. P391 Gelekte\/gemorste stof opruimen.<\/p>\n<p>&nbsp;<\/p>\n<p><strong>Mirre &amp; Tonka FR<\/strong><\/p>\n<p>H315 Provoque une irritation cutan\u00e9e. H319 Provoque une irritation s\u00e9v\u00e8re des yeux. H317 Kan<br \/>\nune r\u00e9action allergique cutan\u00e9e. H411 Giftig voor in het water levende organismen, veroorzaakt niet-echte effecten<br \/>\nop lange termijn. P264 Lavez soigneusement les zones touch\u00e9es apr\u00e8s manipulation. P280 Porter des gants de<br \/>\nprotection\/des v\u00eatements de protection\/une protection des yeux\/du visage. P321 Specifieke behandeling<br \/>\nvereist (zie op de verpakking). P362 Verwijder het besmette kledingstuk. P302+P352 IN GEVAL VAN CONTACT MET<br \/>\nLA PEAU : laver abondamment \u00e0 l'eau et au savon. P332+P313 En cas d'irritation cutan\u00e9e : consulter un<br \/>\narts. P305+P351+P338 EN CAS DE CONTACT AVEC LES YEUX : met voorzorg afspoelen met l'eau pendant<br \/>\nmeerdere minuten; haal indien mogelijk de lentilles weg; ga door met spoelen. P337+P313 In geval van oogirritatie<br \/>\npersistante: raadpleeg een arts. P261 Adem niet in.<br \/>\npoussi\u00e8res\/fum\u00e9es\/gaz\/brouillards\/vapeurs\/a\u00e9rosols. P272 Les v\u00eatements de travail contamin\u00e9s ne doivent<br \/>\npas sortir du lieu de travail. P363 Laver les v\u00eatements contamin\u00e9s avant de les r\u00e9utiliser. P501 De<br \/>\ncontenu\/le r\u00e9cipient via un collecteur de d\u00e9chets agr\u00e9\u00e9ment conform la r\u00e9glementation VLAREMA et<br \/>\nOVAM. P333+P313 En cas d'irritation ou d'\u00e9ruption cutan\u00e9e : consulter un m\u00e9decin. P273 Vermijd rejet dans<br \/>\nl'environnement. P391 De achtergebleven stof verwijderen.<\/p>\n<p>&nbsp;<\/p>\n<p><strong>Mirre &amp; Tonka ENG<\/strong><\/p>\n<p>H315 Veroorzaakt huidirritatie. H319 Veroorzaakt ernstige oogirritatie. H317 Kan een allergische huidreactie veroorzaken.<br \/>\nH411 Giftig voor in het water levende organismen, met langdurige gevolgen. P264 Na het werken met dit product grondig wassen. P280 Draag<br \/>\nbeschermende handschoenen\/beschermende kleding\/oogbescherming\/gelaatsbescherming. P321 Specifieke behandeling vereist (zie<br \/>\nop etiket). P362 Verontreinigde kleding uittrekken. P302+P352 BIJ CONTACT MET DE HUID: met veel water en zeep wassen.<br \/>\nP332+P313 Als huidirritatie optreedt: Medische hulp inroepen. P305+P351+P338 BIJ CONTACT MET DE OGEN: voorzichtig spoelen met<br \/>\nwater gedurende enkele minuten. Verwijder contactlenzen indien aanwezig en gemakkelijk te doen. Ga door met spoelen. P337+P313 Als<br \/>\noogirritatie aanhoudt: Medische hulp inroepen. P261 Inademing van stof\/rook\/gas\/nevel\/damp\/spuitnevel vermijden. P272<br \/>\nVerontreinigde werkkleding mag de werkplek niet verlaten. P363 Verontreinigde kleding wassen<br \/>\nvoor hergebruik. P501 Inhoud\/verpakking afvoeren via een erkende afvalinzamelaar in overeenstemming met<br \/>\nVoorschriften van VLAREMA en OVAM. P333+P313 Bij huidirritatie of huiduitslag: Een arts raadplegen. P273 Vermijden<br \/>\nvrijkomen in het milieu. P391 Gemorst product opvangen.<\/p>","protected":false},"excerpt":{"rendered":"<h3>BESCHRIJVING<\/h3>\n<p>&nbsp;<\/p>\n<h3><em><strong>Mirre &amp; Tonka<\/strong><\/em><\/h3>\n<p>&nbsp;<\/p>\n<p>Deze geur is ge\u00efnspireerd op de luxe geur Myrrh &amp; Tonka van Jo Malone en geeft een unieke draai aan de klassieke allure.<\/p>\n<p>Ontdek een geur met de warmte van honing en de rijkdom van amandel in de uitnodigende topnoten. Het hart ontvouwt zich met het diepe, harsachtige aroma van mirre vermengd met de heldere helderheid van kamfer, waardoor een fascinerend contrast ontstaat. De basisnoten versterken de geur met de zoete, romige essentie van vanille naast de kruidige allure van tonkaboon. Deze luxe parfumolie biedt een complexe, boeiende ervaring die prachtig blijft hangen.<\/p>\n<p>&nbsp;<\/p>\n<p>Topnoten:  Honing - Amandel<\/p>\n<p>Middennoten: Mirre - Kamfer<\/p>\n<p>Basisnoten: Tonka - Vanille<\/p>","protected":false},"featured_media":17769,"template":"","meta":{"_acf_changed":false,"site-sidebar-layout":"default","site-content-layout":"default","ast-site-content-layout":"default","site-content-style":"default","site-sidebar-style":"default","ast-global-header-display":"","ast-banner-title-visibility":"","ast-main-header-display":"","ast-hfb-above-header-display":"","ast-hfb-below-header-display":"","ast-hfb-mobile-header-display":"","site-post-title":"","ast-breadcrumbs-content":"","ast-featured-img":"","footer-sml-layout":"","ast-disable-related-posts":"","theme-transparent-header-meta":"default","adv-header-id-meta":"","stick-header-meta":"","header-above-stick-meta":"","header-main-stick-meta":"","header-below-stick-meta":"","astra-migrate-meta-layouts":"set","ast-page-background-enabled":"default","ast-page-background-meta":{"desktop":{"background-color":"","background-image":"","background-repeat":"repeat","background-position":"center center","background-size":"auto","background-attachment":"scroll","background-type":"","background-media":"","overlay-type":"","overlay-color":"","overlay-opacity":"","overlay-gradient":""},"tablet":{"background-color":"","background-image":"","background-repeat":"repeat","background-position":"center center","background-size":"auto","background-attachment":"scroll","background-type":"","background-media":"","overlay-type":"","overlay-color":"","overlay-opacity":"","overlay-gradient":""},"mobile":{"background-color":"","background-image":"","background-repeat":"repeat","background-position":"center center","background-size":"auto","background-attachment":"scroll","background-type":"","background-media":"","overlay-type":"","overlay-color":"","overlay-opacity":"","overlay-gradient":""}},"ast-content-background-meta":{"desktop":{"background-color":"var(--ast-global-color-5)","background-image":"","background-repeat":"repeat","background-position":"center center","background-size":"auto","background-attachment":"scroll","background-type":"","background-media":"","overlay-type":"","overlay-color":"","overlay-opacity":"","overlay-gradient":""},"tablet":{"background-color":"var(--ast-global-color-5)","background-image":"","background-repeat":"repeat","background-position":"center center","background-size":"auto","background-attachment":"scroll","background-type":"","background-media":"","overlay-type":"","overlay-color":"","overlay-opacity":"","overlay-gradient":""},"mobile":{"background-color":"var(--ast-global-color-5)","background-image":"","background-repeat":"repeat","background-position":"center center","background-size":"auto","background-attachment":"scroll","background-type":"","background-media":"","overlay-type":"","overlay-color":"","overlay-opacity":"","overlay-gradient":""}}},"product_brand":[],"product_cat":[25,1681],"product_tag":[1520,281,1501,1600,1599,434],"class_list":{"0":"post-17754","1":"product","2":"type-product","3":"status-publish","4":"has-post-thumbnail","6":"product_cat-fragrances","7":"product_cat-fragrances-ufi-exempt","8":"product_tag-almond","9":"product_tag-fragrance","10":"product_tag-honey","11":"product_tag-myrrh","12":"product_tag-tonka","13":"product_tag-vanilla","14":"desktop-align-left","15":"tablet-align-left","16":"mobile-align-left","17":"ast-product-gallery-layout-horizontal-slider","18":"ast-product-single-variable","19":"ast-product-tabs-layout-horizontal","21":"first","22":"instock","23":"taxable","24":"shipping-taxable","25":"purchasable","26":"product-type-variable"},"acf":[],"yoast_head":"<title>Myrrh &amp; Tonka - UFI exempt<\/title>\n<meta name=\"robots\" content=\"index, follow, max-snippet:-1, max-image-preview:large, max-video-preview:-1\" \/>\n<link rel=\"canonical\" href=\"https:\/\/luxurycandlesupplies.eu\/nl\/product\/myrrhtonka\/\" \/>\n<meta property=\"og:locale\" content=\"nl_NL\" \/>\n<meta property=\"og:type\" content=\"article\" \/>\n<meta property=\"og:title\" content=\"Myrrh &amp; Tonka - UFI exempt\" \/>\n<meta property=\"og:description\" content=\"DESCRIPTION &nbsp; Myrrh &amp; Tonka &nbsp;  This fragrance draws inspiration from the luxury scent Myrrh &amp; Tonka by Jo Malone, offering a unique twist on its classic allure.  Discover a fragrance that marries the warmth of honey and the richness of almond in its inviting top notes. The heart unfolds with the deep, resinous aroma of myrrh blended with the crisp clarity of camphor, creating a captivating contrast. The base notes ground the scent with the sweet, creamy essence of vanilla alongside the spicy allure of tonka bean. This luxurious perfume oil offers a complex, enthralling experience that lingers beautifully.  &nbsp;  Top notes:\u00a0 Honey - Almond  Middle notes: Myrrh - Campher  Base notes: Tonka - Vanilla\" \/>\n<meta property=\"og:url\" content=\"https:\/\/luxurycandlesupplies.eu\/nl\/product\/myrrhtonka\/\" \/>\n<meta property=\"og:site_name\" content=\"Antwerp Luxury Candle Supplies\" \/>\n<meta property=\"article:publisher\" content=\"https:\/\/www.facebook.com\/Antwerpluxurycandlesupplies\/\" \/>\n<meta property=\"article:modified_time\" content=\"2026-05-13T15:18:09+00:00\" \/>\n<meta property=\"og:image\" content=\"https:\/\/luxurycandlesupplies.eu\/app\/uploads\/2024\/09\/Tonka.jpg\" \/>\n\t<meta property=\"og:image:width\" content=\"1080\" \/>\n\t<meta property=\"og:image:height\" content=\"1080\" \/>\n\t<meta property=\"og:image:type\" content=\"image\/jpeg\" \/>\n<meta name=\"twitter:card\" content=\"summary_large_image\" \/>\n<meta name=\"twitter:label1\" content=\"Geschatte leestijd\" \/>\n\t<meta name=\"twitter:data1\" content=\"4 minuten\" \/>\n<script type=\"application\/ld+json\" class=\"yoast-schema-graph\">{\"@context\":\"https:\\\/\\\/schema.org\",\"@graph\":[{\"@type\":\"WebPage\",\"@id\":\"https:\\\/\\\/luxurycandlesupplies.eu\\\/product\\\/myrrhtonka\\\/\",\"url\":\"https:\\\/\\\/luxurycandlesupplies.eu\\\/product\\\/myrrhtonka\\\/\",\"name\":\"Myrrh & Tonka - UFI exempt\",\"isPartOf\":{\"@id\":\"https:\\\/\\\/luxurycandlesupplies.eu\\\/#website\"},\"primaryImageOfPage\":{\"@id\":\"https:\\\/\\\/luxurycandlesupplies.eu\\\/product\\\/myrrhtonka\\\/#primaryimage\"},\"image\":{\"@id\":\"https:\\\/\\\/luxurycandlesupplies.eu\\\/product\\\/myrrhtonka\\\/#primaryimage\"},\"thumbnailUrl\":\"https:\\\/\\\/luxurycandlesupplies.eu\\\/app\\\/uploads\\\/2024\\\/09\\\/Tonka.jpg\",\"datePublished\":\"2024-09-17T10:07:30+00:00\",\"dateModified\":\"2026-05-13T15:18:09+00:00\",\"breadcrumb\":{\"@id\":\"https:\\\/\\\/luxurycandlesupplies.eu\\\/product\\\/myrrhtonka\\\/#breadcrumb\"},\"inLanguage\":\"nl-NL\",\"potentialAction\":[{\"@type\":\"ReadAction\",\"target\":[\"https:\\\/\\\/luxurycandlesupplies.eu\\\/product\\\/myrrhtonka\\\/\"]}]},{\"@type\":\"ImageObject\",\"inLanguage\":\"nl-NL\",\"@id\":\"https:\\\/\\\/luxurycandlesupplies.eu\\\/product\\\/myrrhtonka\\\/#primaryimage\",\"url\":\"https:\\\/\\\/luxurycandlesupplies.eu\\\/app\\\/uploads\\\/2024\\\/09\\\/Tonka.jpg\",\"contentUrl\":\"https:\\\/\\\/luxurycandlesupplies.eu\\\/app\\\/uploads\\\/2024\\\/09\\\/Tonka.jpg\",\"width\":1080,\"height\":1080},{\"@type\":\"BreadcrumbList\",\"@id\":\"https:\\\/\\\/luxurycandlesupplies.eu\\\/product\\\/myrrhtonka\\\/#breadcrumb\",\"itemListElement\":[{\"@type\":\"ListItem\",\"position\":1,\"name\":\"Home\",\"item\":\"https:\\\/\\\/luxurycandlesupplies.eu\\\/\"},{\"@type\":\"ListItem\",\"position\":2,\"name\":\"Shop\",\"item\":\"https:\\\/\\\/luxurycandlesupplies.eu\\\/shop\\\/\"},{\"@type\":\"ListItem\",\"position\":3,\"name\":\"Myrrh &#038; Tonka &#8211; UFI exempt\"}]},{\"@type\":\"WebSite\",\"@id\":\"https:\\\/\\\/luxurycandlesupplies.eu\\\/#website\",\"url\":\"https:\\\/\\\/luxurycandlesupplies.eu\\\/\",\"name\":\"Antwerp Luxury Candle Supplies\",\"description\":\"Distributor of all seasons soy wax\",\"publisher\":{\"@id\":\"https:\\\/\\\/luxurycandlesupplies.eu\\\/#organization\"},\"potentialAction\":[{\"@type\":\"SearchAction\",\"target\":{\"@type\":\"EntryPoint\",\"urlTemplate\":\"https:\\\/\\\/luxurycandlesupplies.eu\\\/?s={search_term_string}\"},\"query-input\":{\"@type\":\"PropertyValueSpecification\",\"valueRequired\":true,\"valueName\":\"search_term_string\"}}],\"inLanguage\":\"nl-NL\"},{\"@type\":\"Organization\",\"@id\":\"https:\\\/\\\/luxurycandlesupplies.eu\\\/#organization\",\"name\":\"Antwerp Luxury Candle Supplies\",\"url\":\"https:\\\/\\\/luxurycandlesupplies.eu\\\/\",\"logo\":{\"@type\":\"ImageObject\",\"inLanguage\":\"nl-NL\",\"@id\":\"https:\\\/\\\/luxurycandlesupplies.eu\\\/#\\\/schema\\\/logo\\\/image\\\/\",\"url\":\"https:\\\/\\\/luxurycandlesupplies.eu\\\/app\\\/uploads\\\/2022\\\/03\\\/antwerp-luxury-candle-supplies-1x.png\",\"contentUrl\":\"https:\\\/\\\/luxurycandlesupplies.eu\\\/app\\\/uploads\\\/2022\\\/03\\\/antwerp-luxury-candle-supplies-1x.png\",\"width\":330,\"height\":60,\"caption\":\"Antwerp Luxury Candle Supplies\"},\"image\":{\"@id\":\"https:\\\/\\\/luxurycandlesupplies.eu\\\/#\\\/schema\\\/logo\\\/image\\\/\"},\"sameAs\":[\"https:\\\/\\\/www.facebook.com\\\/Antwerpluxurycandlesupplies\\\/\",\"https:\\\/\\\/www.instagram.com\\\/antwerp_luxury_candle_supplies\\\/\",\"https:\\\/\\\/pin.it\\\/7joOXRW\"]}]}<\/script>","yoast_head_json":{"title":"Mirre &amp; Tonka - UFI vrijgesteld","robots":{"index":"index","follow":"follow","max-snippet":"max-snippet:-1","max-image-preview":"max-image-preview:large","max-video-preview":"max-video-preview:-1"},"canonical":"https:\/\/luxurycandlesupplies.eu\/nl\/product\/myrrhtonka\/","og_locale":"nl_NL","og_type":"article","og_title":"Myrrh & Tonka - UFI exempt","og_description":"DESCRIPTION &nbsp; Myrrh &amp; Tonka &nbsp;  This fragrance draws inspiration from the luxury scent Myrrh &amp; Tonka by Jo Malone, offering a unique twist on its classic allure.  Discover a fragrance that marries the warmth of honey and the richness of almond in its inviting top notes. The heart unfolds with the deep, resinous aroma of myrrh blended with the crisp clarity of camphor, creating a captivating contrast. The base notes ground the scent with the sweet, creamy essence of vanilla alongside the spicy allure of tonka bean. This luxurious perfume oil offers a complex, enthralling experience that lingers beautifully.  &nbsp;  Top notes:\u00a0 Honey - Almond  Middle notes: Myrrh - Campher  Base notes: Tonka - Vanilla","og_url":"https:\/\/luxurycandlesupplies.eu\/nl\/product\/myrrhtonka\/","og_site_name":"Antwerp Luxury Candle Supplies","article_publisher":"https:\/\/www.facebook.com\/Antwerpluxurycandlesupplies\/","article_modified_time":"2026-05-13T15:18:09+00:00","og_image":[{"width":1080,"height":1080,"url":"https:\/\/luxurycandlesupplies.eu\/app\/uploads\/2024\/09\/Tonka.jpg","type":"image\/jpeg"}],"twitter_card":"summary_large_image","twitter_misc":{"Geschatte leestijd":"4 minuten"},"schema":{"@context":"https:\/\/schema.org","@graph":[{"@type":"WebPage","@id":"https:\/\/luxurycandlesupplies.eu\/product\/myrrhtonka\/","url":"https:\/\/luxurycandlesupplies.eu\/product\/myrrhtonka\/","name":"Mirre &amp; Tonka - UFI vrijgesteld","isPartOf":{"@id":"https:\/\/luxurycandlesupplies.eu\/#website"},"primaryImageOfPage":{"@id":"https:\/\/luxurycandlesupplies.eu\/product\/myrrhtonka\/#primaryimage"},"image":{"@id":"https:\/\/luxurycandlesupplies.eu\/product\/myrrhtonka\/#primaryimage"},"thumbnailUrl":"https:\/\/luxurycandlesupplies.eu\/app\/uploads\/2024\/09\/Tonka.jpg","datePublished":"2024-09-17T10:07:30+00:00","dateModified":"2026-05-13T15:18:09+00:00","breadcrumb":{"@id":"https:\/\/luxurycandlesupplies.eu\/product\/myrrhtonka\/#breadcrumb"},"inLanguage":"nl-NL","potentialAction":[{"@type":"ReadAction","target":["https:\/\/luxurycandlesupplies.eu\/product\/myrrhtonka\/"]}]},{"@type":"ImageObject","inLanguage":"nl-NL","@id":"https:\/\/luxurycandlesupplies.eu\/product\/myrrhtonka\/#primaryimage","url":"https:\/\/luxurycandlesupplies.eu\/app\/uploads\/2024\/09\/Tonka.jpg","contentUrl":"https:\/\/luxurycandlesupplies.eu\/app\/uploads\/2024\/09\/Tonka.jpg","width":1080,"height":1080},{"@type":"BreadcrumbList","@id":"https:\/\/luxurycandlesupplies.eu\/product\/myrrhtonka\/#breadcrumb","itemListElement":[{"@type":"ListItem","position":1,"name":"Home","item":"https:\/\/luxurycandlesupplies.eu\/"},{"@type":"ListItem","position":2,"name":"Shop","item":"https:\/\/luxurycandlesupplies.eu\/shop\/"},{"@type":"ListItem","position":3,"name":"Myrrh &#038; Tonka &#8211; UFI exempt"}]},{"@type":"WebSite","@id":"https:\/\/luxurycandlesupplies.eu\/#website","url":"https:\/\/luxurycandlesupplies.eu\/","name":"Antwerpen Luxe Kaars Benodigdheden","description":"Verdeler van sojawas voor alle seizoenen","publisher":{"@id":"https:\/\/luxurycandlesupplies.eu\/#organization"},"potentialAction":[{"@type":"SearchAction","target":{"@type":"EntryPoint","urlTemplate":"https:\/\/luxurycandlesupplies.eu\/?s={search_term_string}"},"query-input":{"@type":"PropertyValueSpecification","valueRequired":true,"valueName":"search_term_string"}}],"inLanguage":"nl-NL"},{"@type":"Organization","@id":"https:\/\/luxurycandlesupplies.eu\/#organization","name":"Antwerpen Luxe Kaars Benodigdheden","url":"https:\/\/luxurycandlesupplies.eu\/","logo":{"@type":"ImageObject","inLanguage":"nl-NL","@id":"https:\/\/luxurycandlesupplies.eu\/#\/schema\/logo\/image\/","url":"https:\/\/luxurycandlesupplies.eu\/app\/uploads\/2022\/03\/antwerp-luxury-candle-supplies-1x.png","contentUrl":"https:\/\/luxurycandlesupplies.eu\/app\/uploads\/2022\/03\/antwerp-luxury-candle-supplies-1x.png","width":330,"height":60,"caption":"Antwerp Luxury Candle Supplies"},"image":{"@id":"https:\/\/luxurycandlesupplies.eu\/#\/schema\/logo\/image\/"},"sameAs":["https:\/\/www.facebook.com\/Antwerpluxurycandlesupplies\/","https:\/\/www.instagram.com\/antwerp_luxury_candle_supplies\/","https:\/\/pin.it\/7joOXRW"]}]}},"_links":{"self":[{"href":"https:\/\/luxurycandlesupplies.eu\/nl\/wp-json\/wp\/v2\/product\/17754","targetHints":{"allow":["GET"]}}],"collection":[{"href":"https:\/\/luxurycandlesupplies.eu\/nl\/wp-json\/wp\/v2\/product"}],"about":[{"href":"https:\/\/luxurycandlesupplies.eu\/nl\/wp-json\/wp\/v2\/types\/product"}],"wp:featuredmedia":[{"embeddable":true,"href":"https:\/\/luxurycandlesupplies.eu\/nl\/wp-json\/wp\/v2\/media\/17769"}],"wp:attachment":[{"href":"https:\/\/luxurycandlesupplies.eu\/nl\/wp-json\/wp\/v2\/media?parent=17754"}],"wp:term":[{"taxonomy":"product_brand","embeddable":true,"href":"https:\/\/luxurycandlesupplies.eu\/nl\/wp-json\/wp\/v2\/product_brand?post=17754"},{"taxonomy":"product_cat","embeddable":true,"href":"https:\/\/luxurycandlesupplies.eu\/nl\/wp-json\/wp\/v2\/product_cat?post=17754"},{"taxonomy":"product_tag","embeddable":true,"href":"https:\/\/luxurycandlesupplies.eu\/nl\/wp-json\/wp\/v2\/product_tag?post=17754"}],"curies":[{"name":"wp","href":"https:\/\/api.w.org\/{rel}","templated":true}]}}