{"id":17836,"date":"2024-09-20T15:35:29","date_gmt":"2024-09-20T13:35:29","guid":{"rendered":"https:\/\/luxurycandlesupplies.eu\/?post_type=product&#038;p=17836"},"modified":"2026-05-14T18:33:07","modified_gmt":"2026-05-14T16:33:07","slug":"citroenboom","status":"publish","type":"product","link":"https:\/\/luxurycandlesupplies.eu\/nl\/product\/lemon-pine\/","title":{"rendered":"Citroen &amp; den - vrijgesteld <10%"},"content":{"rendered":"<h3>BESCHRIJVING<\/h3>\n<p>&nbsp;<\/p>\n<h3><em><strong>Citroen &amp; den<\/strong><\/em><\/h3>\n<p>&nbsp;<\/p>\n<p>Lemon &amp; Pine, zoals in de beroemde White Spruce, is een frisse en verkwikkende geur die het buitenleven tot leven brengt. Het opent met pittige topnoten van Granny Smith Apple, citroen en limoenzest, die zorgen voor een heldere, citrusachtige uitbarsting. Het hart van de geur bevat het frisse, houtachtige aroma van dennen, sparrennaalden en witte sparren, die de frisheid van een bos oproepen.<\/p>\n<p>Deze geur is perfect voor wie houdt van de natuurlijke harmonie van citrus en hout.<\/p>\n<p>&nbsp;<\/p>\n<p>Topnoten:  Granny Smith appel - citroen - limoenrasp<\/p>\n<p>Hartnoten: Den - Dennennaald - Witte spar<\/p>\n<p>Basisnoten: Mos - Sandelhout<\/p>\n<p>&nbsp;<\/p>\n<h3>ONZE AANBEVELING<\/h3>\n<hr \/>\n<div>\n<p>Het gebruik van geurolie is afhankelijk van het product dat je gaat maken.<\/p>\n<p>Let op: De onderstaande waarden zijn slechts suggesties. We raden kaarsenmakers aan om steeds uitgebreid te testen voor optimale resultaten.<\/p>\n<p>Kaarsen: 6-10%, UFI vrij max 10%<br \/>\nWaxmelts: 10-12%<\/p>\n<p>&nbsp;<\/p>\n<\/div>\n<h2>INFORMATIE OVER CLP EN SDS<\/h2>\n<hr \/>\n<p><a href=\"https:\/\/luxurycandlesupplies.eu\/app\/uploads\/2024\/09\/Lemon-Pine-SDS-5.pdf\">Citroen &amp; den SDS 5%<\/a><\/p>\n<p><a href=\"https:\/\/luxurycandlesupplies.eu\/app\/uploads\/2024\/09\/Lemon-Pine-10.pdf\">Citroen &amp; den SDS 10%<\/a><\/p>\n<p><a href=\"https:\/\/luxurycandlesupplies.eu\/app\/uploads\/2024\/09\/Lemon-Pine-SDS-100.pdf\">Citroen &amp; den SDS 100%<\/a><\/p>\n<p><a href=\"https:\/\/luxurycandlesupplies.eu\/app\/uploads\/2024\/09\/CLP-label-_-Lemon-Pine_-candle-5.pdf\">CLP label _ Citroen &amp; Dennen_ kaars 5%<\/a><\/p>\n<p><a href=\"https:\/\/luxurycandlesupplies.eu\/app\/uploads\/2024\/09\/CLP-label-_-Lemon-Pine_-candle-10_Free-of-UFI.pdf\">CLP label _ Citroen &amp; Dennen_ kaars 10%\/Vrij van UFI<\/a><\/p>\n<p>&nbsp;<\/p>\n<p>UFI: 43C0-E0M0-300G-5UGW<\/p>\n<p><img decoding=\"async\" class=\"alignnone wp-image-23489\" src=\"https:\/\/luxurycandlesupplies.eu\/app\/uploads\/2025\/07\/Danger-4-300x300.png\" alt=\"\" width=\"123\" height=\"123\" srcset=\"https:\/\/luxurycandlesupplies.eu\/app\/uploads\/2025\/07\/Danger-4-300x300.png 300w, https:\/\/luxurycandlesupplies.eu\/app\/uploads\/2025\/07\/Danger-4-1024x1024.png 1024w, https:\/\/luxurycandlesupplies.eu\/app\/uploads\/2025\/07\/Danger-4-150x150.png 150w, https:\/\/luxurycandlesupplies.eu\/app\/uploads\/2025\/07\/Danger-4-768x768.png 768w, https:\/\/luxurycandlesupplies.eu\/app\/uploads\/2025\/07\/Danger-4-12x12.png 12w, https:\/\/luxurycandlesupplies.eu\/app\/uploads\/2025\/07\/Danger-4-600x600.png 600w, https:\/\/luxurycandlesupplies.eu\/app\/uploads\/2025\/07\/Danger-4-100x100.png 100w, https:\/\/luxurycandlesupplies.eu\/app\/uploads\/2025\/07\/Danger-4.png 1080w\" sizes=\"(max-width: 123px) 100vw, 123px\" \/> <img decoding=\"async\" class=\"alignnone wp-image-23488\" src=\"https:\/\/luxurycandlesupplies.eu\/app\/uploads\/2025\/07\/Danger-3-300x300.png\" alt=\"\" width=\"123\" height=\"123\" srcset=\"https:\/\/luxurycandlesupplies.eu\/app\/uploads\/2025\/07\/Danger-3-300x300.png 300w, https:\/\/luxurycandlesupplies.eu\/app\/uploads\/2025\/07\/Danger-3-1024x1024.png 1024w, https:\/\/luxurycandlesupplies.eu\/app\/uploads\/2025\/07\/Danger-3-150x150.png 150w, https:\/\/luxurycandlesupplies.eu\/app\/uploads\/2025\/07\/Danger-3-768x768.png 768w, https:\/\/luxurycandlesupplies.eu\/app\/uploads\/2025\/07\/Danger-3-12x12.png 12w, https:\/\/luxurycandlesupplies.eu\/app\/uploads\/2025\/07\/Danger-3-600x600.png 600w, https:\/\/luxurycandlesupplies.eu\/app\/uploads\/2025\/07\/Danger-3-100x100.png 100w, https:\/\/luxurycandlesupplies.eu\/app\/uploads\/2025\/07\/Danger-3.png 1080w\" sizes=\"(max-width: 123px) 100vw, 123px\" \/><\/p>\n<p><strong>Citroen &amp; Dennen NL<\/strong><\/p>\n<p>H226 Ontvlambare vloeistof en vocht. H315 Veroorzaakt huidirritatie. H319 Veroorzaakt ernstige<br \/>\noogirritatie. H317 Kan een allergische huidreactie veroorzaken. H411 Giftig voor in het water levende<br \/>\norganismen, met langdurige gevolgen. P261 Inademing van stof\/rook\/gas\/nevel\/damp\/spuitnevel<br \/>\nvermijden. P264 Na het werken met dit product aangetaste gebieden grondig wassen. P272<br \/>\nVerontreinigde werkkleding mag de werkruimte niet verlaten. P273 Voorkom lozing in het milieu.<br \/>\nP280 Beschermende handschoenen\/beschermende kleding\/oogbescherming\/gelaatsbescherming<br \/>\ndragen. P302+P352 BIJ CONTACT MET DE HUID: met veel water en zeep wassen.<\/p>\n<p>&nbsp;<\/p>\n<p><strong>Citroen &amp; Den FR<\/strong><\/p>\n<p>H226 Vloeistof en dampen die ontvlambaar zijn. H315 Provoque une irritation cutan\u00e9e. H319 Provoque une<br \/>\nernstige irritatie van de ogen. H317 Kan een allergische huidreactie veroorzaken. H411 Giftig voor<br \/>\nles organismes aquatiques, entra\u00eene des effets n\u00e9fastes \u00e0 long terme. P261 Vermijd ademhaling van<br \/>\npoussi\u00e8res\/fum\u00e9es\/gaz\/brouillards\/vapeurs\/a\u00e9rosols. P264 Lavez soigneusement les zones touch\u00e9es<br \/>\napr\u00e8s manipulation. P272 Les v\u00eatements de travail contamin\u00e9s ne doivent pas sortir du lieu de<br \/>\nwerk. P273 Voorkom resten in de omgeving. P280 Porter des gants de protection\/des v\u00eatements<br \/>\nde bescherming\/een bescherming van de ogen\/van het gezicht. P302+P352 IN GEVAL VAN CONTACT MET DE HUID:<br \/>\nlaver abondamment \u00e0 l'eau et au savon.<\/p>\n<p>&nbsp;<\/p>\n<p><strong>Citroen &amp; Dennen ENG<\/strong><\/p>\n<p>H226 Ontvlambare vloeistof en damp. H315 Veroorzaakt huidirritatie. H319 Veroorzaakt ernstige oogirritatie.<br \/>\nH317 Kan een allergische huidreactie veroorzaken. H411 Giftig voor in het water levende organismen, met langdurige gevolgen. P261<br \/>\nInademing van stof\/rook\/gas\/nevel\/damp\/spuitnevel vermijden. P264 Na het werken met het product grondig wassen.<br \/>\nP272 Verontreinigde werkkleding mag de werkplek niet verlaten. P273 Voorkom lozing in<br \/>\nde omgeving. P280 Draag beschermende handschoenen\/beschermende kleding\/oogbescherming\/gelaatsbescherming.<br \/>\nP302+P352 BIJ CONTACT MET DE HUID: met veel water en zeep wassen.<\/p>","protected":false},"excerpt":{"rendered":"<h3>BESCHRIJVING<\/h3>\n<p>&nbsp;<\/p>\n<h3><em><strong>Citroen &amp; den<\/strong><\/em><\/h3>\n<p>&nbsp;<\/p>\n<p>Lemon &amp; Pine, zoals in de beroemde White Spruce, is een frisse en verkwikkende geur die het buitenleven tot leven brengt. Het opent met pittige topnoten van Granny Smith Apple, citroen en limoenzest, die zorgen voor een heldere, citrusachtige uitbarsting. Het hart van de geur bevat het frisse, houtachtige aroma van dennen, sparrennaalden en witte sparren, die de frisheid van een bos oproepen.<\/p>\n<p>Deze geur is perfect voor wie houdt van de natuurlijke harmonie van citrus en hout.<\/p>\n<p>&nbsp;<\/p>\n<p>Topnoten:  Granny Smith appel - citroen - limoenrasp<\/p>\n<p>Hartnoten: Den - Dennennaald - Witte spar<\/p>\n<p>Basisnoten: Mos - Sandelhout<\/p>","protected":false},"featured_media":17846,"template":"","meta":{"_acf_changed":false,"site-sidebar-layout":"default","site-content-layout":"default","ast-site-content-layout":"default","site-content-style":"default","site-sidebar-style":"default","ast-global-header-display":"","ast-banner-title-visibility":"","ast-main-header-display":"","ast-hfb-above-header-display":"","ast-hfb-below-header-display":"","ast-hfb-mobile-header-display":"","site-post-title":"","ast-breadcrumbs-content":"","ast-featured-img":"","footer-sml-layout":"","ast-disable-related-posts":"","theme-transparent-header-meta":"default","adv-header-id-meta":"","stick-header-meta":"","header-above-stick-meta":"","header-main-stick-meta":"","header-below-stick-meta":"","astra-migrate-meta-layouts":"set","ast-page-background-enabled":"default","ast-page-background-meta":{"desktop":{"background-color":"","background-image":"","background-repeat":"repeat","background-position":"center center","background-size":"auto","background-attachment":"scroll","background-type":"","background-media":"","overlay-type":"","overlay-color":"","overlay-opacity":"","overlay-gradient":""},"tablet":{"background-color":"","background-image":"","background-repeat":"repeat","background-position":"center center","background-size":"auto","background-attachment":"scroll","background-type":"","background-media":"","overlay-type":"","overlay-color":"","overlay-opacity":"","overlay-gradient":""},"mobile":{"background-color":"","background-image":"","background-repeat":"repeat","background-position":"center center","background-size":"auto","background-attachment":"scroll","background-type":"","background-media":"","overlay-type":"","overlay-color":"","overlay-opacity":"","overlay-gradient":""}},"ast-content-background-meta":{"desktop":{"background-color":"var(--ast-global-color-5)","background-image":"","background-repeat":"repeat","background-position":"center center","background-size":"auto","background-attachment":"scroll","background-type":"","background-media":"","overlay-type":"","overlay-color":"","overlay-opacity":"","overlay-gradient":""},"tablet":{"background-color":"var(--ast-global-color-5)","background-image":"","background-repeat":"repeat","background-position":"center center","background-size":"auto","background-attachment":"scroll","background-type":"","background-media":"","overlay-type":"","overlay-color":"","overlay-opacity":"","overlay-gradient":""},"mobile":{"background-color":"var(--ast-global-color-5)","background-image":"","background-repeat":"repeat","background-position":"center center","background-size":"auto","background-attachment":"scroll","background-type":"","background-media":"","overlay-type":"","overlay-color":"","overlay-opacity":"","overlay-gradient":""}}},"product_brand":[],"product_cat":[25,1681],"product_tag":[1536,1533,1605,1604,1603],"class_list":{"0":"post-17836","1":"product","2":"type-product","3":"status-publish","4":"has-post-thumbnail","6":"product_cat-fragrances","7":"product_cat-fragrances-ufi-exempt","8":"product_tag-citrus","9":"product_tag-lemon","10":"product_tag-lime-zest","11":"product_tag-moss","12":"product_tag-spruce","13":"desktop-align-left","14":"tablet-align-left","15":"mobile-align-left","16":"ast-product-gallery-layout-horizontal-slider","17":"ast-product-single-variable","18":"ast-product-tabs-layout-horizontal","20":"first","21":"instock","22":"taxable","23":"shipping-taxable","24":"purchasable","25":"product-type-variable"},"acf":[],"yoast_head":"<title>Lemon &amp; Pine - UFI exempt<\/title>\n<meta name=\"robots\" content=\"index, follow, max-snippet:-1, max-image-preview:large, max-video-preview:-1\" \/>\n<link rel=\"canonical\" href=\"https:\/\/luxurycandlesupplies.eu\/nl\/product\/citroenboom\/\" \/>\n<meta property=\"og:locale\" content=\"nl_NL\" \/>\n<meta property=\"og:type\" content=\"article\" \/>\n<meta property=\"og:title\" content=\"Lemon &amp; Pine - UFI exempt\" \/>\n<meta property=\"og:description\" content=\"DESCRIPTION &nbsp; Lemon &amp; Pine &nbsp;  Lemon &amp; Pine as in the famous White Spruce, is a fresh and invigorating fragrance that brings the outdoors to life. It opens with zesty top notes of Granny Smith Apple, Lemon and Lime Zest, delivering a bright, citrusy burst. The heart of the fragrance features the crisp, woody aroma of Pine, Fir Needle and White Spruce, evoking the freshness of a forest.  This fragrance is perfect for those who love the natural harmony of citrus and wood.  &nbsp;  Top notes:\u00a0 Granny Smith Apple - Lemon - Lime Zest  Middle notes: Pine - Fir Needle - White Spruce  Base notes: Moss - Sandalwood\" \/>\n<meta property=\"og:url\" content=\"https:\/\/luxurycandlesupplies.eu\/nl\/product\/citroenboom\/\" \/>\n<meta property=\"og:site_name\" content=\"Antwerp Luxury Candle Supplies\" \/>\n<meta property=\"article:publisher\" content=\"https:\/\/www.facebook.com\/Antwerpluxurycandlesupplies\/\" \/>\n<meta property=\"article:modified_time\" content=\"2026-05-14T16:33:07+00:00\" \/>\n<meta property=\"og:image\" content=\"https:\/\/luxurycandlesupplies.eu\/app\/uploads\/2024\/09\/DALL\u00b7E-2024-09-20-15.46.35-A-white-spruce-tree-with-a-unique-touch-of-lemon-and-moss.-The-tall-slender-spruce-has-bluish-green-needles-with-its-branches-dusted-by-light-snow.-A.webp\" \/>\n\t<meta property=\"og:image:width\" content=\"1024\" \/>\n\t<meta property=\"og:image:height\" content=\"1024\" \/>\n\t<meta property=\"og:image:type\" content=\"image\/webp\" \/>\n<meta name=\"twitter:card\" content=\"summary_large_image\" \/>\n<meta name=\"twitter:label1\" content=\"Geschatte leestijd\" \/>\n\t<meta name=\"twitter:data1\" content=\"3 minuten\" \/>\n<script type=\"application\/ld+json\" class=\"yoast-schema-graph\">{\"@context\":\"https:\\\/\\\/schema.org\",\"@graph\":[{\"@type\":\"WebPage\",\"@id\":\"https:\\\/\\\/luxurycandlesupplies.eu\\\/product\\\/lemon-pine\\\/\",\"url\":\"https:\\\/\\\/luxurycandlesupplies.eu\\\/product\\\/lemon-pine\\\/\",\"name\":\"Lemon & Pine - UFI exempt\",\"isPartOf\":{\"@id\":\"https:\\\/\\\/luxurycandlesupplies.eu\\\/#website\"},\"primaryImageOfPage\":{\"@id\":\"https:\\\/\\\/luxurycandlesupplies.eu\\\/product\\\/lemon-pine\\\/#primaryimage\"},\"image\":{\"@id\":\"https:\\\/\\\/luxurycandlesupplies.eu\\\/product\\\/lemon-pine\\\/#primaryimage\"},\"thumbnailUrl\":\"https:\\\/\\\/luxurycandlesupplies.eu\\\/app\\\/uploads\\\/2024\\\/09\\\/DALL\u00b7E-2024-09-20-15.46.35-A-white-spruce-tree-with-a-unique-touch-of-lemon-and-moss.-The-tall-slender-spruce-has-bluish-green-needles-with-its-branches-dusted-by-light-snow.-A.webp\",\"datePublished\":\"2024-09-20T13:35:29+00:00\",\"dateModified\":\"2026-05-14T16:33:07+00:00\",\"breadcrumb\":{\"@id\":\"https:\\\/\\\/luxurycandlesupplies.eu\\\/product\\\/lemon-pine\\\/#breadcrumb\"},\"inLanguage\":\"nl-NL\",\"potentialAction\":[{\"@type\":\"ReadAction\",\"target\":[\"https:\\\/\\\/luxurycandlesupplies.eu\\\/product\\\/lemon-pine\\\/\"]}]},{\"@type\":\"ImageObject\",\"inLanguage\":\"nl-NL\",\"@id\":\"https:\\\/\\\/luxurycandlesupplies.eu\\\/product\\\/lemon-pine\\\/#primaryimage\",\"url\":\"https:\\\/\\\/luxurycandlesupplies.eu\\\/app\\\/uploads\\\/2024\\\/09\\\/DALL\u00b7E-2024-09-20-15.46.35-A-white-spruce-tree-with-a-unique-touch-of-lemon-and-moss.-The-tall-slender-spruce-has-bluish-green-needles-with-its-branches-dusted-by-light-snow.-A.webp\",\"contentUrl\":\"https:\\\/\\\/luxurycandlesupplies.eu\\\/app\\\/uploads\\\/2024\\\/09\\\/DALL\u00b7E-2024-09-20-15.46.35-A-white-spruce-tree-with-a-unique-touch-of-lemon-and-moss.-The-tall-slender-spruce-has-bluish-green-needles-with-its-branches-dusted-by-light-snow.-A.webp\",\"width\":1024,\"height\":1024},{\"@type\":\"BreadcrumbList\",\"@id\":\"https:\\\/\\\/luxurycandlesupplies.eu\\\/product\\\/lemon-pine\\\/#breadcrumb\",\"itemListElement\":[{\"@type\":\"ListItem\",\"position\":1,\"name\":\"Home\",\"item\":\"https:\\\/\\\/luxurycandlesupplies.eu\\\/\"},{\"@type\":\"ListItem\",\"position\":2,\"name\":\"Shop\",\"item\":\"https:\\\/\\\/luxurycandlesupplies.eu\\\/shop\\\/\"},{\"@type\":\"ListItem\",\"position\":3,\"name\":\"Lemon &#038; Pine &#8211; UFI exempt\"}]},{\"@type\":\"WebSite\",\"@id\":\"https:\\\/\\\/luxurycandlesupplies.eu\\\/#website\",\"url\":\"https:\\\/\\\/luxurycandlesupplies.eu\\\/\",\"name\":\"Antwerp Luxury Candle Supplies\",\"description\":\"Distributor of all seasons soy wax\",\"publisher\":{\"@id\":\"https:\\\/\\\/luxurycandlesupplies.eu\\\/#organization\"},\"potentialAction\":[{\"@type\":\"SearchAction\",\"target\":{\"@type\":\"EntryPoint\",\"urlTemplate\":\"https:\\\/\\\/luxurycandlesupplies.eu\\\/?s={search_term_string}\"},\"query-input\":{\"@type\":\"PropertyValueSpecification\",\"valueRequired\":true,\"valueName\":\"search_term_string\"}}],\"inLanguage\":\"nl-NL\"},{\"@type\":\"Organization\",\"@id\":\"https:\\\/\\\/luxurycandlesupplies.eu\\\/#organization\",\"name\":\"Antwerp Luxury Candle Supplies\",\"url\":\"https:\\\/\\\/luxurycandlesupplies.eu\\\/\",\"logo\":{\"@type\":\"ImageObject\",\"inLanguage\":\"nl-NL\",\"@id\":\"https:\\\/\\\/luxurycandlesupplies.eu\\\/#\\\/schema\\\/logo\\\/image\\\/\",\"url\":\"https:\\\/\\\/luxurycandlesupplies.eu\\\/app\\\/uploads\\\/2022\\\/03\\\/antwerp-luxury-candle-supplies-1x.png\",\"contentUrl\":\"https:\\\/\\\/luxurycandlesupplies.eu\\\/app\\\/uploads\\\/2022\\\/03\\\/antwerp-luxury-candle-supplies-1x.png\",\"width\":330,\"height\":60,\"caption\":\"Antwerp Luxury Candle Supplies\"},\"image\":{\"@id\":\"https:\\\/\\\/luxurycandlesupplies.eu\\\/#\\\/schema\\\/logo\\\/image\\\/\"},\"sameAs\":[\"https:\\\/\\\/www.facebook.com\\\/Antwerpluxurycandlesupplies\\\/\",\"https:\\\/\\\/www.instagram.com\\\/antwerp_luxury_candle_supplies\\\/\",\"https:\\\/\\\/pin.it\\\/7joOXRW\"]}]}<\/script>","yoast_head_json":{"title":"Citroen &amp; den - vrijgesteld","robots":{"index":"index","follow":"follow","max-snippet":"max-snippet:-1","max-image-preview":"max-image-preview:large","max-video-preview":"max-video-preview:-1"},"canonical":"https:\/\/luxurycandlesupplies.eu\/nl\/product\/citroenboom\/","og_locale":"nl_NL","og_type":"article","og_title":"Lemon & Pine - UFI exempt","og_description":"DESCRIPTION &nbsp; Lemon &amp; Pine &nbsp;  Lemon &amp; Pine as in the famous White Spruce, is a fresh and invigorating fragrance that brings the outdoors to life. It opens with zesty top notes of Granny Smith Apple, Lemon and Lime Zest, delivering a bright, citrusy burst. The heart of the fragrance features the crisp, woody aroma of Pine, Fir Needle and White Spruce, evoking the freshness of a forest.  This fragrance is perfect for those who love the natural harmony of citrus and wood.  &nbsp;  Top notes:\u00a0 Granny Smith Apple - Lemon - Lime Zest  Middle notes: Pine - Fir Needle - White Spruce  Base notes: Moss - Sandalwood","og_url":"https:\/\/luxurycandlesupplies.eu\/nl\/product\/citroenboom\/","og_site_name":"Antwerp Luxury Candle Supplies","article_publisher":"https:\/\/www.facebook.com\/Antwerpluxurycandlesupplies\/","article_modified_time":"2026-05-14T16:33:07+00:00","og_image":[{"width":1024,"height":1024,"url":"https:\/\/luxurycandlesupplies.eu\/app\/uploads\/2024\/09\/DALL\u00b7E-2024-09-20-15.46.35-A-white-spruce-tree-with-a-unique-touch-of-lemon-and-moss.-The-tall-slender-spruce-has-bluish-green-needles-with-its-branches-dusted-by-light-snow.-A.webp","type":"image\/webp"}],"twitter_card":"summary_large_image","twitter_misc":{"Geschatte leestijd":"3 minuten"},"schema":{"@context":"https:\/\/schema.org","@graph":[{"@type":"WebPage","@id":"https:\/\/luxurycandlesupplies.eu\/product\/lemon-pine\/","url":"https:\/\/luxurycandlesupplies.eu\/product\/lemon-pine\/","name":"Citroen &amp; den - vrijgesteld","isPartOf":{"@id":"https:\/\/luxurycandlesupplies.eu\/#website"},"primaryImageOfPage":{"@id":"https:\/\/luxurycandlesupplies.eu\/product\/lemon-pine\/#primaryimage"},"image":{"@id":"https:\/\/luxurycandlesupplies.eu\/product\/lemon-pine\/#primaryimage"},"thumbnailUrl":"https:\/\/luxurycandlesupplies.eu\/app\/uploads\/2024\/09\/DALL\u00b7E-2024-09-20-15.46.35-A-white-spruce-tree-with-a-unique-touch-of-lemon-and-moss.-The-tall-slender-spruce-has-bluish-green-needles-with-its-branches-dusted-by-light-snow.-A.webp","datePublished":"2024-09-20T13:35:29+00:00","dateModified":"2026-05-14T16:33:07+00:00","breadcrumb":{"@id":"https:\/\/luxurycandlesupplies.eu\/product\/lemon-pine\/#breadcrumb"},"inLanguage":"nl-NL","potentialAction":[{"@type":"ReadAction","target":["https:\/\/luxurycandlesupplies.eu\/product\/lemon-pine\/"]}]},{"@type":"ImageObject","inLanguage":"nl-NL","@id":"https:\/\/luxurycandlesupplies.eu\/product\/lemon-pine\/#primaryimage","url":"https:\/\/luxurycandlesupplies.eu\/app\/uploads\/2024\/09\/DALL\u00b7E-2024-09-20-15.46.35-A-white-spruce-tree-with-a-unique-touch-of-lemon-and-moss.-The-tall-slender-spruce-has-bluish-green-needles-with-its-branches-dusted-by-light-snow.-A.webp","contentUrl":"https:\/\/luxurycandlesupplies.eu\/app\/uploads\/2024\/09\/DALL\u00b7E-2024-09-20-15.46.35-A-white-spruce-tree-with-a-unique-touch-of-lemon-and-moss.-The-tall-slender-spruce-has-bluish-green-needles-with-its-branches-dusted-by-light-snow.-A.webp","width":1024,"height":1024},{"@type":"BreadcrumbList","@id":"https:\/\/luxurycandlesupplies.eu\/product\/lemon-pine\/#breadcrumb","itemListElement":[{"@type":"ListItem","position":1,"name":"Home","item":"https:\/\/luxurycandlesupplies.eu\/"},{"@type":"ListItem","position":2,"name":"Shop","item":"https:\/\/luxurycandlesupplies.eu\/shop\/"},{"@type":"ListItem","position":3,"name":"Lemon &#038; Pine &#8211; UFI exempt"}]},{"@type":"WebSite","@id":"https:\/\/luxurycandlesupplies.eu\/#website","url":"https:\/\/luxurycandlesupplies.eu\/","name":"Antwerpen Luxe Kaars Benodigdheden","description":"Verdeler van sojawas voor alle seizoenen","publisher":{"@id":"https:\/\/luxurycandlesupplies.eu\/#organization"},"potentialAction":[{"@type":"SearchAction","target":{"@type":"EntryPoint","urlTemplate":"https:\/\/luxurycandlesupplies.eu\/?s={search_term_string}"},"query-input":{"@type":"PropertyValueSpecification","valueRequired":true,"valueName":"search_term_string"}}],"inLanguage":"nl-NL"},{"@type":"Organization","@id":"https:\/\/luxurycandlesupplies.eu\/#organization","name":"Antwerpen Luxe Kaars Benodigdheden","url":"https:\/\/luxurycandlesupplies.eu\/","logo":{"@type":"ImageObject","inLanguage":"nl-NL","@id":"https:\/\/luxurycandlesupplies.eu\/#\/schema\/logo\/image\/","url":"https:\/\/luxurycandlesupplies.eu\/app\/uploads\/2022\/03\/antwerp-luxury-candle-supplies-1x.png","contentUrl":"https:\/\/luxurycandlesupplies.eu\/app\/uploads\/2022\/03\/antwerp-luxury-candle-supplies-1x.png","width":330,"height":60,"caption":"Antwerp Luxury Candle Supplies"},"image":{"@id":"https:\/\/luxurycandlesupplies.eu\/#\/schema\/logo\/image\/"},"sameAs":["https:\/\/www.facebook.com\/Antwerpluxurycandlesupplies\/","https:\/\/www.instagram.com\/antwerp_luxury_candle_supplies\/","https:\/\/pin.it\/7joOXRW"]}]}},"_links":{"self":[{"href":"https:\/\/luxurycandlesupplies.eu\/nl\/wp-json\/wp\/v2\/product\/17836","targetHints":{"allow":["GET"]}}],"collection":[{"href":"https:\/\/luxurycandlesupplies.eu\/nl\/wp-json\/wp\/v2\/product"}],"about":[{"href":"https:\/\/luxurycandlesupplies.eu\/nl\/wp-json\/wp\/v2\/types\/product"}],"wp:featuredmedia":[{"embeddable":true,"href":"https:\/\/luxurycandlesupplies.eu\/nl\/wp-json\/wp\/v2\/media\/17846"}],"wp:attachment":[{"href":"https:\/\/luxurycandlesupplies.eu\/nl\/wp-json\/wp\/v2\/media?parent=17836"}],"wp:term":[{"taxonomy":"product_brand","embeddable":true,"href":"https:\/\/luxurycandlesupplies.eu\/nl\/wp-json\/wp\/v2\/product_brand?post=17836"},{"taxonomy":"product_cat","embeddable":true,"href":"https:\/\/luxurycandlesupplies.eu\/nl\/wp-json\/wp\/v2\/product_cat?post=17836"},{"taxonomy":"product_tag","embeddable":true,"href":"https:\/\/luxurycandlesupplies.eu\/nl\/wp-json\/wp\/v2\/product_tag?post=17836"}],"curies":[{"name":"wp","href":"https:\/\/api.w.org\/{rel}","templated":true}]}}