{"id":17881,"date":"2024-09-24T09:12:24","date_gmt":"2024-09-24T07:12:24","guid":{"rendered":"https:\/\/luxurycandlesupplies.eu\/?post_type=product&#038;p=17881"},"modified":"2026-03-26T12:46:24","modified_gmt":"2026-03-26T11:46:24","slug":"irish-coffee","status":"publish","type":"product","link":"https:\/\/luxurycandlesupplies.eu\/nl\/product\/irish-coffee\/","title":{"rendered":"Irish Coffee - UFI vrijgesteld <10%"},"content":{"rendered":"<h3>BESCHRIJVING<\/h3>\n<p>&nbsp;<\/p>\n<h3><em><strong>Irish Coffee<\/strong><\/em><\/h3>\n<p>&nbsp;<\/p>\n<p>Ervaar de heerlijke geur van onze Irish Coffee Geurolie.<\/p>\n<p>Deze fascinerende mix mengt de robuuste tonen van gebrande koffiebonen met de romige luxe van Ierse room. Het aroma van Frans gebrande koffiebonen wordt versterkt door tinten van op eikenhout gerijpte likeur, wat zorgt voor een diepgaande en heerlijke geur. Zijdeachtige noten van zoete vanillecr\u00e8me en melkpoeder zorgen voor een weelderige basis van deze caf\u00e9achtige geur.<\/p>\n<p>Onze Irish Coffee geurolie is perfect om een gastvrije sfeer te cre\u00ebren en geeft elke ruimte een verfijnde warmte.<\/p>\n<p>&nbsp;<\/p>\n<p>Topnoten:  Koffiebonen<\/p>\n<p>Middennoten: Melkpoeder<\/p>\n<p>Basisnoten: Vanille, Rum<\/p>\n<p>&nbsp;<\/p>\n<h3>ONZE AANBEVELING<\/h3>\n<hr \/>\n<div>\n<p>Het gebruik van geurolie is afhankelijk van het product dat je gaat maken.<\/p>\n<p>Let op: De onderstaande waarden zijn slechts suggesties. We raden kaarsenmakers aan om steeds uitgebreid te testen voor optimale resultaten.<\/p>\n<p>Kaarsen: 6-10%<br \/>\nWaxmelts: 10-12%<\/p>\n<p>&nbsp;<\/p>\n<\/div>\n<h2>INFORMATIE OVER CLP EN SDS<\/h2>\n<hr \/>\n<p><a href=\"https:\/\/luxurycandlesupplies.eu\/app\/uploads\/2024\/09\/Irish-Coffee-SDS-100.pdf\">Irish Coffee SDS 100%<\/a><\/p>\n<p><a href=\"https:\/\/luxurycandlesupplies.eu\/app\/uploads\/2024\/09\/Irish-Coffee-IFRA.pdf\">Irish Coffee IFRA<\/a><\/p>\n<p><a href=\"https:\/\/luxurycandlesupplies.eu\/app\/uploads\/2024\/09\/CLP-label-_-Irish-coffe-_-candle-6_Free-of-UFI.pdf\">CLP etiket _ Irish coffe _ kaars 6%\/Vrij van UFI<\/a><\/p>\n<p><a href=\"https:\/\/luxurycandlesupplies.eu\/app\/uploads\/2024\/09\/CLP-label-_-Irish-coffee-_-candle-8.pdf\">CLP etiket _ Irish coffee _ kaars 8%<\/a><\/p>\n<p><a href=\"https:\/\/luxurycandlesupplies.eu\/app\/uploads\/2024\/09\/CLP-label-_-Irish-coffee-_-candle-10_Free-of-UFI.pdf\">CLP etiket _ Irish coffee _ kaars 10%\/Vrij van UFI<\/a><\/p>\n<p>&nbsp;<\/p>\n<p>UFI: HP80-808V-H00N-N963<\/p>\n<p><img decoding=\"async\" class=\"alignnone wp-image-23488\" src=\"https:\/\/luxurycandlesupplies.eu\/app\/uploads\/2025\/07\/Danger-3-300x300.png\" alt=\"\" width=\"104\" height=\"104\" srcset=\"https:\/\/luxurycandlesupplies.eu\/app\/uploads\/2025\/07\/Danger-3-300x300.png 300w, https:\/\/luxurycandlesupplies.eu\/app\/uploads\/2025\/07\/Danger-3-1024x1024.png 1024w, https:\/\/luxurycandlesupplies.eu\/app\/uploads\/2025\/07\/Danger-3-150x150.png 150w, https:\/\/luxurycandlesupplies.eu\/app\/uploads\/2025\/07\/Danger-3-768x768.png 768w, https:\/\/luxurycandlesupplies.eu\/app\/uploads\/2025\/07\/Danger-3-12x12.png 12w, https:\/\/luxurycandlesupplies.eu\/app\/uploads\/2025\/07\/Danger-3-600x600.png 600w, https:\/\/luxurycandlesupplies.eu\/app\/uploads\/2025\/07\/Danger-3-100x100.png 100w, https:\/\/luxurycandlesupplies.eu\/app\/uploads\/2025\/07\/Danger-3.png 1080w\" sizes=\"(max-width: 104px) 100vw, 104px\" \/><\/p>\n<p><strong>Irisch Koffie NL<\/strong><\/p>\n<p>H319 Veroorzaakt ernstige oogirritatie. H317 Kan een allergische huidreactie veroorzaken. H412<br \/>\nSchadelijk voor in het water levende organismen, met langdurige gevolgen. P264 Na het werken met<br \/>\ndit product aangetaste gebieden grondig wassen. P280 Beschermende<br \/>\nhandschoenen\/beschermende kleding\/oogbescherming\/gelaatsbescherming dragen.<br \/>\nP305+P351+P338 BIJ CONTACT MET DE OGEN: voorzichtig afspoelen met water gedurende een aantal<br \/>\nminuten; contactlenzen verwijderen, indien mogelijk; blijven spoelen. P337+P313 Bij aanhoudende<br \/>\noogirritatie: een arts raadplegen. P272 Verontreinigde werkkleding mag de werkruimte niet verlaten.<br \/>\nP363 Verontreinigde kleding wassen alvorens deze opnieuw te gebruiken. P261 Inademing van<br \/>\nstof\/rook\/gas\/nevel\/damp\/spuitnevel vermijden. P321 Specifieke behandeling vereist (zie ... op dit<br \/>\netiket). P501 Inhoud\/verpakking afvoeren naar een erkende afvalinzamelaar conform VLAREMA en<br \/>\nOVAM-regelgeving. P302+P352 BIJ CONTACT MET DE HUID: met veel water en zeep wassen.<br \/>\nP333+P313 Bij huidirritatie of uitslag: een kunst raadplegen. P273 Voorkom lozing in het milieu.<\/p>\n<p>&nbsp;<\/p>\n<p><strong>Irisch Koffie FR<\/strong><\/p>\n<p>H319 Veroorzaakt ernstige irritatie van de ogen. H317 Kan een allergische huidreactie veroorzaken.<br \/>\nH412 Nocif pour les organismes aquatiques, entra\u00eene des effets n\u00e9fastes \u00e0 long terme. P264 Lavez<br \/>\nzorg ervoor dat de aangeraakte zones na de manipulatie schoon zijn. P280 Porter des gants de protection\/des<br \/>\nbeschermingskleding\/bescherming van de ogen\/van het gezicht. P305+P351+P338 BIJ CONTACT<br \/>\nAVEC LES YEUX : spoel met voorzichtigheid in het water gedurende enkele minuten ; trek de lentilles uit indien<br \/>\nmogelijk ; blijf spoelen. P337+P313 En cas d'irritation oculaire persistante : consulter un<br \/>\narts. P272 Les v\u00eatements de travail contamin\u00e9s ne doivent pas sortir du lieu de travail. P363<br \/>\nLaver les v\u00eatements contamin\u00e9s avant de les r\u00e9utiliser. P261 Vermijd het inademen van<br \/>\npoussi\u00e8res\/fum\u00e9es\/gaz\/brouillards\/vapeurs\/a\u00e9rosols. P321 Specifieke behandeling vereist (voir ... sur<br \/>\nl'\u00e9tiquette). P501 \u00c9liminer le contenu\/le r\u00e9cipient via un collecteur de d\u00e9chets agr\u00e9\u00e9ment \u00e0<br \/>\nla r\u00e9glementation VLAREMA et OVAM. P302+P352 EN CAS DE CONTACT AVEC LA PEAU : laver<br \/>\nabondamment \u00e0 l'eau et au savon. P333+P313 En cas d'irritation ou d'\u00e9ruption cutan\u00e9e : consulter un<br \/>\narts. P273 De rejet in het milieu vermijden.<\/p>\n<p>&nbsp;<\/p>\n<p><strong>Irisch Koffie ENG<\/strong><\/p>\n<p>H319 Veroorzaakt ernstige oogirritatie. H317 Kan een allergische huidreactie veroorzaken. H412 Schadelijk voor<br \/>\nwaterleven met langdurige gevolgen. P264 Na gebruik grondig wassen. P280 Dragen<br \/>\nbeschermende handschoenen\/beschermende kleding\/oogbescherming\/gelaatsbescherming. P305+P351+P338 INDIEN IN DE OGEN:<br \/>\nVoorzichtig afspoelen met water gedurende enkele minuten. Verwijder contactlenzen indien aanwezig en gemakkelijk te doen.<br \/>\nBlijven spoelen. P337+P313 Als oogirritatie aanhoudt: Medisch advies inwinnen. P272 Besmet werk<br \/>\nkleding mag de werkplek niet verlaten. P363 Verontreinigde kleding wassen voor hergebruik.<br \/>\nP261 Inademing van stof\/rook\/gas\/nevel\/damp\/spuitnevel vermijden. P321 Specifieke behandeling vereist (zie ... op<br \/>\netiket). P501 Inhoud\/verpakking afvoeren via een erkende afvalinzamelaar in overeenstemming met<br \/>\nVoorschriften van VLAREMA en OVAM. P302+P352 BIJ CONTACT MET DE HUID: met veel water en zeep wassen.<br \/>\nP333+P313 Als huidirritatie of huiduitslag optreedt: Medisch advies inwinnen. P273 Voorkom lozing in de<br \/>\nomgeving.<\/p>","protected":false},"excerpt":{"rendered":"<h3><em><strong>Irish Coffee<\/strong><\/em><\/h3>\n<p>&nbsp;<\/p>\n<p>Ervaar de heerlijke geur van onze Irish Coffee Geurolie.<\/p>\n<p>Deze fascinerende mix mengt de robuuste tonen van gebrande koffiebonen met de romige luxe van Ierse room. Het aroma van Frans gebrande koffiebonen wordt versterkt door tinten van op eikenhout gerijpte likeur, wat zorgt voor een diepgaande en heerlijke geur. Zijdeachtige noten van zoete vanillecr\u00e8me en melkpoeder zorgen voor een weelderige basis van deze caf\u00e9achtige geur.<\/p>\n<p>Onze Irish Coffee geurolie is perfect om een gastvrije sfeer te cre\u00ebren en geeft elke ruimte een verfijnde warmte.<\/p>\n<p>&nbsp;<\/p>\n<p>Topnoten:  Koffiebonen<\/p>\n<p>Middennoten: Melkpoeder<\/p>\n<p>Basisnoten: Vanille, Rum<\/p>","protected":false},"featured_media":17890,"template":"","meta":{"_acf_changed":false,"site-sidebar-layout":"default","site-content-layout":"default","ast-site-content-layout":"default","site-content-style":"default","site-sidebar-style":"default","ast-global-header-display":"","ast-banner-title-visibility":"","ast-main-header-display":"","ast-hfb-above-header-display":"","ast-hfb-below-header-display":"","ast-hfb-mobile-header-display":"","site-post-title":"","ast-breadcrumbs-content":"","ast-featured-img":"","footer-sml-layout":"","ast-disable-related-posts":"","theme-transparent-header-meta":"default","adv-header-id-meta":"","stick-header-meta":"","header-above-stick-meta":"","header-main-stick-meta":"","header-below-stick-meta":"","astra-migrate-meta-layouts":"set","ast-page-background-enabled":"default","ast-page-background-meta":{"desktop":{"background-color":"","background-image":"","background-repeat":"repeat","background-position":"center center","background-size":"auto","background-attachment":"scroll","background-type":"","background-media":"","overlay-type":"","overlay-color":"","overlay-opacity":"","overlay-gradient":""},"tablet":{"background-color":"","background-image":"","background-repeat":"repeat","background-position":"center center","background-size":"auto","background-attachment":"scroll","background-type":"","background-media":"","overlay-type":"","overlay-color":"","overlay-opacity":"","overlay-gradient":""},"mobile":{"background-color":"","background-image":"","background-repeat":"repeat","background-position":"center center","background-size":"auto","background-attachment":"scroll","background-type":"","background-media":"","overlay-type":"","overlay-color":"","overlay-opacity":"","overlay-gradient":""}},"ast-content-background-meta":{"desktop":{"background-color":"var(--ast-global-color-5)","background-image":"","background-repeat":"repeat","background-position":"center center","background-size":"auto","background-attachment":"scroll","background-type":"","background-media":"","overlay-type":"","overlay-color":"","overlay-opacity":"","overlay-gradient":""},"tablet":{"background-color":"var(--ast-global-color-5)","background-image":"","background-repeat":"repeat","background-position":"center center","background-size":"auto","background-attachment":"scroll","background-type":"","background-media":"","overlay-type":"","overlay-color":"","overlay-opacity":"","overlay-gradient":""},"mobile":{"background-color":"var(--ast-global-color-5)","background-image":"","background-repeat":"repeat","background-position":"center center","background-size":"auto","background-attachment":"scroll","background-type":"","background-media":"","overlay-type":"","overlay-color":"","overlay-opacity":"","overlay-gradient":""}}},"product_brand":[],"product_cat":[25,1681],"product_tag":[125,1608,1541,1606,1607,434],"class_list":{"0":"post-17881","1":"product","2":"type-product","3":"status-publish","4":"has-post-thumbnail","6":"product_cat-fragrances","7":"product_cat-fragrances-ufi-exempt","8":"product_tag-coffee","9":"product_tag-coffee-beans","10":"product_tag-cream","11":"product_tag-italian","12":"product_tag-rum","13":"product_tag-vanilla","14":"desktop-align-left","15":"tablet-align-left","16":"mobile-align-left","17":"ast-product-gallery-layout-horizontal-slider","18":"ast-product-single-variable","19":"ast-product-tabs-layout-horizontal","21":"first","22":"outofstock","23":"taxable","24":"shipping-taxable","25":"purchasable","26":"product-type-variable"},"acf":[],"yoast_head":"<title>Irish Coffee - UFI exempt<\/title>\n<meta name=\"robots\" content=\"index, follow, max-snippet:-1, max-image-preview:large, max-video-preview:-1\" \/>\n<link rel=\"canonical\" href=\"https:\/\/luxurycandlesupplies.eu\/nl\/product\/irish-coffee\/\" \/>\n<meta property=\"og:locale\" content=\"nl_NL\" \/>\n<meta property=\"og:type\" content=\"article\" \/>\n<meta property=\"og:title\" content=\"Irish Coffee - UFI exempt\" \/>\n<meta property=\"og:description\" content=\"Irish Coffee &nbsp;  Experience the delicious scent of our Irish Coffee Fragrance Oil.  This captivating mix melds the robust tones of roasted coffee beans with the creamy luxury of Irish creme. The aroma of French roasted coffee beans is enhanced by shades of oak-aged liquor, offering a profound and gratifying scent. Silky notes of sweet vanilla creme and milk powder provide a lavish foundation to this caf\u00e9-style fragrance.  Perfect for setting a welcoming atmosphere, our Irish Coffee fragrance oil infuses any room with refined warmth.  &nbsp;  Top notes:\u00a0 Coffee Beans  Middle notes: Milk Powder  Base notes: Vanilla, Rum\" \/>\n<meta property=\"og:url\" content=\"https:\/\/luxurycandlesupplies.eu\/nl\/product\/irish-coffee\/\" \/>\n<meta property=\"og:site_name\" content=\"Antwerp Luxury Candle Supplies\" \/>\n<meta property=\"article:publisher\" content=\"https:\/\/www.facebook.com\/Antwerpluxurycandlesupplies\/\" \/>\n<meta property=\"article:modified_time\" content=\"2026-03-26T11:46:24+00:00\" \/>\n<meta property=\"og:image\" content=\"https:\/\/luxurycandlesupplies.eu\/app\/uploads\/2024\/09\/Irish-Coffee-1.jpg\" \/>\n\t<meta property=\"og:image:width\" content=\"1080\" \/>\n\t<meta property=\"og:image:height\" content=\"1080\" \/>\n\t<meta property=\"og:image:type\" content=\"image\/jpeg\" \/>\n<meta name=\"twitter:card\" content=\"summary_large_image\" \/>\n<meta name=\"twitter:label1\" content=\"Geschatte leestijd\" \/>\n\t<meta name=\"twitter:data1\" content=\"4 minuten\" \/>\n<script type=\"application\/ld+json\" class=\"yoast-schema-graph\">{\"@context\":\"https:\\\/\\\/schema.org\",\"@graph\":[{\"@type\":\"WebPage\",\"@id\":\"https:\\\/\\\/luxurycandlesupplies.eu\\\/product\\\/irish-coffee\\\/\",\"url\":\"https:\\\/\\\/luxurycandlesupplies.eu\\\/product\\\/irish-coffee\\\/\",\"name\":\"Irish Coffee - UFI exempt\",\"isPartOf\":{\"@id\":\"https:\\\/\\\/luxurycandlesupplies.eu\\\/#website\"},\"primaryImageOfPage\":{\"@id\":\"https:\\\/\\\/luxurycandlesupplies.eu\\\/product\\\/irish-coffee\\\/#primaryimage\"},\"image\":{\"@id\":\"https:\\\/\\\/luxurycandlesupplies.eu\\\/product\\\/irish-coffee\\\/#primaryimage\"},\"thumbnailUrl\":\"https:\\\/\\\/luxurycandlesupplies.eu\\\/app\\\/uploads\\\/2024\\\/09\\\/Irish-Coffee-1.jpg\",\"datePublished\":\"2024-09-24T07:12:24+00:00\",\"dateModified\":\"2026-03-26T11:46:24+00:00\",\"breadcrumb\":{\"@id\":\"https:\\\/\\\/luxurycandlesupplies.eu\\\/product\\\/irish-coffee\\\/#breadcrumb\"},\"inLanguage\":\"nl-NL\",\"potentialAction\":[{\"@type\":\"ReadAction\",\"target\":[\"https:\\\/\\\/luxurycandlesupplies.eu\\\/product\\\/irish-coffee\\\/\"]}]},{\"@type\":\"ImageObject\",\"inLanguage\":\"nl-NL\",\"@id\":\"https:\\\/\\\/luxurycandlesupplies.eu\\\/product\\\/irish-coffee\\\/#primaryimage\",\"url\":\"https:\\\/\\\/luxurycandlesupplies.eu\\\/app\\\/uploads\\\/2024\\\/09\\\/Irish-Coffee-1.jpg\",\"contentUrl\":\"https:\\\/\\\/luxurycandlesupplies.eu\\\/app\\\/uploads\\\/2024\\\/09\\\/Irish-Coffee-1.jpg\",\"width\":1080,\"height\":1080},{\"@type\":\"BreadcrumbList\",\"@id\":\"https:\\\/\\\/luxurycandlesupplies.eu\\\/product\\\/irish-coffee\\\/#breadcrumb\",\"itemListElement\":[{\"@type\":\"ListItem\",\"position\":1,\"name\":\"Home\",\"item\":\"https:\\\/\\\/luxurycandlesupplies.eu\\\/\"},{\"@type\":\"ListItem\",\"position\":2,\"name\":\"Shop\",\"item\":\"https:\\\/\\\/luxurycandlesupplies.eu\\\/shop\\\/\"},{\"@type\":\"ListItem\",\"position\":3,\"name\":\"Irish Coffee &#8211; UFI exempt\"}]},{\"@type\":\"WebSite\",\"@id\":\"https:\\\/\\\/luxurycandlesupplies.eu\\\/#website\",\"url\":\"https:\\\/\\\/luxurycandlesupplies.eu\\\/\",\"name\":\"Antwerp Luxury Candle Supplies\",\"description\":\"Distributor of all seasons soy wax\",\"publisher\":{\"@id\":\"https:\\\/\\\/luxurycandlesupplies.eu\\\/#organization\"},\"potentialAction\":[{\"@type\":\"SearchAction\",\"target\":{\"@type\":\"EntryPoint\",\"urlTemplate\":\"https:\\\/\\\/luxurycandlesupplies.eu\\\/?s={search_term_string}\"},\"query-input\":{\"@type\":\"PropertyValueSpecification\",\"valueRequired\":true,\"valueName\":\"search_term_string\"}}],\"inLanguage\":\"nl-NL\"},{\"@type\":\"Organization\",\"@id\":\"https:\\\/\\\/luxurycandlesupplies.eu\\\/#organization\",\"name\":\"Antwerp Luxury Candle Supplies\",\"url\":\"https:\\\/\\\/luxurycandlesupplies.eu\\\/\",\"logo\":{\"@type\":\"ImageObject\",\"inLanguage\":\"nl-NL\",\"@id\":\"https:\\\/\\\/luxurycandlesupplies.eu\\\/#\\\/schema\\\/logo\\\/image\\\/\",\"url\":\"https:\\\/\\\/luxurycandlesupplies.eu\\\/app\\\/uploads\\\/2022\\\/03\\\/antwerp-luxury-candle-supplies-1x.png\",\"contentUrl\":\"https:\\\/\\\/luxurycandlesupplies.eu\\\/app\\\/uploads\\\/2022\\\/03\\\/antwerp-luxury-candle-supplies-1x.png\",\"width\":330,\"height\":60,\"caption\":\"Antwerp Luxury Candle Supplies\"},\"image\":{\"@id\":\"https:\\\/\\\/luxurycandlesupplies.eu\\\/#\\\/schema\\\/logo\\\/image\\\/\"},\"sameAs\":[\"https:\\\/\\\/www.facebook.com\\\/Antwerpluxurycandlesupplies\\\/\",\"https:\\\/\\\/www.instagram.com\\\/antwerp_luxury_candle_supplies\\\/\",\"https:\\\/\\\/pin.it\\\/7joOXRW\"]}]}<\/script>","yoast_head_json":{"title":"Irish Coffee - UFI vrijgesteld","robots":{"index":"index","follow":"follow","max-snippet":"max-snippet:-1","max-image-preview":"max-image-preview:large","max-video-preview":"max-video-preview:-1"},"canonical":"https:\/\/luxurycandlesupplies.eu\/nl\/product\/irish-coffee\/","og_locale":"nl_NL","og_type":"article","og_title":"Irish Coffee - UFI exempt","og_description":"Irish Coffee &nbsp;  Experience the delicious scent of our Irish Coffee Fragrance Oil.  This captivating mix melds the robust tones of roasted coffee beans with the creamy luxury of Irish creme. The aroma of French roasted coffee beans is enhanced by shades of oak-aged liquor, offering a profound and gratifying scent. Silky notes of sweet vanilla creme and milk powder provide a lavish foundation to this caf\u00e9-style fragrance.  Perfect for setting a welcoming atmosphere, our Irish Coffee fragrance oil infuses any room with refined warmth.  &nbsp;  Top notes:\u00a0 Coffee Beans  Middle notes: Milk Powder  Base notes: Vanilla, Rum","og_url":"https:\/\/luxurycandlesupplies.eu\/nl\/product\/irish-coffee\/","og_site_name":"Antwerp Luxury Candle Supplies","article_publisher":"https:\/\/www.facebook.com\/Antwerpluxurycandlesupplies\/","article_modified_time":"2026-03-26T11:46:24+00:00","og_image":[{"width":1080,"height":1080,"url":"https:\/\/luxurycandlesupplies.eu\/app\/uploads\/2024\/09\/Irish-Coffee-1.jpg","type":"image\/jpeg"}],"twitter_card":"summary_large_image","twitter_misc":{"Geschatte leestijd":"4 minuten"},"schema":{"@context":"https:\/\/schema.org","@graph":[{"@type":"WebPage","@id":"https:\/\/luxurycandlesupplies.eu\/product\/irish-coffee\/","url":"https:\/\/luxurycandlesupplies.eu\/product\/irish-coffee\/","name":"Irish Coffee - UFI vrijgesteld","isPartOf":{"@id":"https:\/\/luxurycandlesupplies.eu\/#website"},"primaryImageOfPage":{"@id":"https:\/\/luxurycandlesupplies.eu\/product\/irish-coffee\/#primaryimage"},"image":{"@id":"https:\/\/luxurycandlesupplies.eu\/product\/irish-coffee\/#primaryimage"},"thumbnailUrl":"https:\/\/luxurycandlesupplies.eu\/app\/uploads\/2024\/09\/Irish-Coffee-1.jpg","datePublished":"2024-09-24T07:12:24+00:00","dateModified":"2026-03-26T11:46:24+00:00","breadcrumb":{"@id":"https:\/\/luxurycandlesupplies.eu\/product\/irish-coffee\/#breadcrumb"},"inLanguage":"nl-NL","potentialAction":[{"@type":"ReadAction","target":["https:\/\/luxurycandlesupplies.eu\/product\/irish-coffee\/"]}]},{"@type":"ImageObject","inLanguage":"nl-NL","@id":"https:\/\/luxurycandlesupplies.eu\/product\/irish-coffee\/#primaryimage","url":"https:\/\/luxurycandlesupplies.eu\/app\/uploads\/2024\/09\/Irish-Coffee-1.jpg","contentUrl":"https:\/\/luxurycandlesupplies.eu\/app\/uploads\/2024\/09\/Irish-Coffee-1.jpg","width":1080,"height":1080},{"@type":"BreadcrumbList","@id":"https:\/\/luxurycandlesupplies.eu\/product\/irish-coffee\/#breadcrumb","itemListElement":[{"@type":"ListItem","position":1,"name":"Home","item":"https:\/\/luxurycandlesupplies.eu\/"},{"@type":"ListItem","position":2,"name":"Shop","item":"https:\/\/luxurycandlesupplies.eu\/shop\/"},{"@type":"ListItem","position":3,"name":"Irish Coffee &#8211; UFI exempt"}]},{"@type":"WebSite","@id":"https:\/\/luxurycandlesupplies.eu\/#website","url":"https:\/\/luxurycandlesupplies.eu\/","name":"Antwerpen Luxe Kaars Benodigdheden","description":"Verdeler van sojawas voor alle seizoenen","publisher":{"@id":"https:\/\/luxurycandlesupplies.eu\/#organization"},"potentialAction":[{"@type":"SearchAction","target":{"@type":"EntryPoint","urlTemplate":"https:\/\/luxurycandlesupplies.eu\/?s={search_term_string}"},"query-input":{"@type":"PropertyValueSpecification","valueRequired":true,"valueName":"search_term_string"}}],"inLanguage":"nl-NL"},{"@type":"Organization","@id":"https:\/\/luxurycandlesupplies.eu\/#organization","name":"Antwerpen Luxe Kaars Benodigdheden","url":"https:\/\/luxurycandlesupplies.eu\/","logo":{"@type":"ImageObject","inLanguage":"nl-NL","@id":"https:\/\/luxurycandlesupplies.eu\/#\/schema\/logo\/image\/","url":"https:\/\/luxurycandlesupplies.eu\/app\/uploads\/2022\/03\/antwerp-luxury-candle-supplies-1x.png","contentUrl":"https:\/\/luxurycandlesupplies.eu\/app\/uploads\/2022\/03\/antwerp-luxury-candle-supplies-1x.png","width":330,"height":60,"caption":"Antwerp Luxury Candle Supplies"},"image":{"@id":"https:\/\/luxurycandlesupplies.eu\/#\/schema\/logo\/image\/"},"sameAs":["https:\/\/www.facebook.com\/Antwerpluxurycandlesupplies\/","https:\/\/www.instagram.com\/antwerp_luxury_candle_supplies\/","https:\/\/pin.it\/7joOXRW"]}]}},"_links":{"self":[{"href":"https:\/\/luxurycandlesupplies.eu\/nl\/wp-json\/wp\/v2\/product\/17881","targetHints":{"allow":["GET"]}}],"collection":[{"href":"https:\/\/luxurycandlesupplies.eu\/nl\/wp-json\/wp\/v2\/product"}],"about":[{"href":"https:\/\/luxurycandlesupplies.eu\/nl\/wp-json\/wp\/v2\/types\/product"}],"wp:featuredmedia":[{"embeddable":true,"href":"https:\/\/luxurycandlesupplies.eu\/nl\/wp-json\/wp\/v2\/media\/17890"}],"wp:attachment":[{"href":"https:\/\/luxurycandlesupplies.eu\/nl\/wp-json\/wp\/v2\/media?parent=17881"}],"wp:term":[{"taxonomy":"product_brand","embeddable":true,"href":"https:\/\/luxurycandlesupplies.eu\/nl\/wp-json\/wp\/v2\/product_brand?post=17881"},{"taxonomy":"product_cat","embeddable":true,"href":"https:\/\/luxurycandlesupplies.eu\/nl\/wp-json\/wp\/v2\/product_cat?post=17881"},{"taxonomy":"product_tag","embeddable":true,"href":"https:\/\/luxurycandlesupplies.eu\/nl\/wp-json\/wp\/v2\/product_tag?post=17881"}],"curies":[{"name":"wp","href":"https:\/\/api.w.org\/{rel}","templated":true}]}}