{"id":21825,"date":"2025-07-14T15:19:26","date_gmt":"2025-07-14T13:19:26","guid":{"rendered":"https:\/\/luxurycandlesupplies.eu\/?post_type=product&#038;p=21825"},"modified":"2026-04-08T13:12:13","modified_gmt":"2026-04-08T11:12:13","slug":"kerstballen-klein-rood-goud-groen","status":"publish","type":"product","link":"https:\/\/luxurycandlesupplies.eu\/nl\/product\/christmas-baubles-small-red-gold-green\/","title":{"rendered":"Kerstballen 3 pak Klein: Rood - Goud - Groen"},"content":{"rendered":"<h2>Beschrijving<\/h2>\n<hr \/>\n<p>Deze elegante set van drie kerstkaarsvaatjes, in de vorm van kerstballen met een slanke gegalvaniseerde zilveren binnenkant, wordt samen geleverd in een doos met drie feestelijke kleuren. Ze hebben elk een afneembaar deksel en een stevige basis, waardoor ze perfect zijn voor vakantiegeuren en ideaal als opvallende geschenken of decoratieve stukken voor het seizoen.<\/p>\n<p>Deze collectie wordt handmatig vervaardigd wat zorgt dat het glaswerk sterker en veiliger is en een grotere hittebestendigheid heeft.<\/p>\n<p>&nbsp;<\/p>\n<h3>SPECIFICATIES<\/h3>\n<hr \/>\n<div><\/div>\n<p><strong>Externe afmetingen (met deksel)<\/strong>: 80mm\u00d8 x 113mmH<br \/>\n<strong>Externe afmetingen (alleen basis)<\/strong>: 78mm\u00d8 x 42mmH<br \/>\n<strong>Binnenafmetingen<\/strong>: 65mm\u00d8<br \/>\n<strong>Capaciteit pot<\/strong>: 80 ml<br \/>\n<strong>Aanbevolen vulcapaciteit<\/strong>: Ca. 70 g<br \/>\n<strong>Gewicht pot<\/strong>: 0,218g \/stuk<\/p>\n<p><strong>Aanbevolen lontmaat*<\/strong>:<br \/>\n*Let op: de lontmaten zijn slechts suggesties. Voor optimale resultaten raden we gebruikers aan hun eigen lonttests uit te voeren met verschillende types van was en parfumoli\u00ebn.<\/p>\n<p>Verkrijgbaar in een doos van 3 stuks.<strong><br \/>\nHele doos:<\/strong>8 potten<\/p>\n<p>BELANGRIJK! Let op: productfoto's kunnen qua kleur afwijken van het daadwerkelijke artikel door belichting en\/of productie.<\/p>\n<p>&nbsp;<\/p>","protected":false},"excerpt":{"rendered":"<h2>Beschrijving<\/h2>\n<hr \/>\n<p>Deze elegante set van drie kerstkaarsvaatjes, in de vorm van kerstballen met een slanke gegalvaniseerde zilveren binnenkant, wordt samen geleverd in een doos met drie feestelijke kleuren. Ze hebben elk een afneembaar deksel en een stevige basis, waardoor ze perfect zijn voor vakantiegeuren en ideaal als opvallende geschenken of decoratieve stukken voor het seizoen.<\/p>\n<p>Deze collectie wordt handmatig vervaardigd wat zorgt dat het glaswerk sterker en veiliger is en een grotere hittebestendigheid heeft.<\/p>\n<p>&nbsp;<\/p>\n<h3>SPECIFICATIES<\/h3>\n<hr \/>\n<div><\/div>\n<p><strong>Externe afmetingen (met deksel)<\/strong>: 80mm\u00d8 x 113mmH<br \/>\n<strong>Externe afmetingen (alleen basis)<\/strong>: 78mm\u00d8 x 42mmH<br \/>\n<strong>Binnenafmetingen<\/strong>: 65mm\u00d8<br \/>\n<strong>Capaciteit pot<\/strong>: 230ml<br \/>\n<strong>Aanbevolen vulcapaciteit<\/strong>: Ca. g<br \/>\n<strong>Gewicht pot<\/strong>: 0,218g \/stuk<\/p>\n<p><strong>Aanbevolen lontmaat*<\/strong>:<br \/>\n*Let op: de lontmaten zijn slechts suggesties. Voor optimale resultaten raden we gebruikers aan hun eigen lonttests uit te voeren met verschillende types van was en parfumoli\u00ebn.<\/p>\n<p>Verkrijgbaar in een doos van 3 stuks.<strong><br \/>\nHele doos:<\/strong>8 potten<\/p>\n<p>BELANGRIJK! Let op: productfoto's kunnen qua kleur afwijken van het daadwerkelijke artikel door belichting en\/of productie.<\/p>","protected":false},"featured_media":22456,"template":"","meta":{"_acf_changed":false,"site-sidebar-layout":"default","site-content-layout":"default","ast-site-content-layout":"default","site-content-style":"default","site-sidebar-style":"default","ast-global-header-display":"","ast-banner-title-visibility":"","ast-main-header-display":"","ast-hfb-above-header-display":"","ast-hfb-below-header-display":"","ast-hfb-mobile-header-display":"","site-post-title":"","ast-breadcrumbs-content":"","ast-featured-img":"","footer-sml-layout":"","ast-disable-related-posts":"","theme-transparent-header-meta":"default","adv-header-id-meta":"","stick-header-meta":"","header-above-stick-meta":"","header-main-stick-meta":"","header-below-stick-meta":"","astra-migrate-meta-layouts":"set","ast-page-background-enabled":"default","ast-page-background-meta":{"desktop":{"background-color":"","background-image":"","background-repeat":"repeat","background-position":"center center","background-size":"auto","background-attachment":"scroll","background-type":"","background-media":"","overlay-type":"","overlay-color":"","overlay-opacity":"","overlay-gradient":""},"tablet":{"background-color":"","background-image":"","background-repeat":"repeat","background-position":"center center","background-size":"auto","background-attachment":"scroll","background-type":"","background-media":"","overlay-type":"","overlay-color":"","overlay-opacity":"","overlay-gradient":""},"mobile":{"background-color":"","background-image":"","background-repeat":"repeat","background-position":"center center","background-size":"auto","background-attachment":"scroll","background-type":"","background-media":"","overlay-type":"","overlay-color":"","overlay-opacity":"","overlay-gradient":""}},"ast-content-background-meta":{"desktop":{"background-color":"var(--ast-global-color-5)","background-image":"","background-repeat":"repeat","background-position":"center center","background-size":"auto","background-attachment":"scroll","background-type":"","background-media":"","overlay-type":"","overlay-color":"","overlay-opacity":"","overlay-gradient":""},"tablet":{"background-color":"var(--ast-global-color-5)","background-image":"","background-repeat":"repeat","background-position":"center center","background-size":"auto","background-attachment":"scroll","background-type":"","background-media":"","overlay-type":"","overlay-color":"","overlay-opacity":"","overlay-gradient":""},"mobile":{"background-color":"var(--ast-global-color-5)","background-image":"","background-repeat":"repeat","background-position":"center center","background-size":"auto","background-attachment":"scroll","background-type":"","background-media":"","overlay-type":"","overlay-color":"","overlay-opacity":"","overlay-gradient":""}}},"product_brand":[],"product_cat":[67,1596],"product_tag":[1597,59],"class_list":{"0":"post-21825","1":"product","2":"type-product","3":"status-publish","4":"has-post-thumbnail","6":"product_cat-candlejars","7":"product_cat-christmas-bauble","8":"product_tag-bauble","9":"product_tag-christmas","10":"desktop-align-left","11":"tablet-align-left","12":"mobile-align-left","13":"ast-product-gallery-layout-horizontal-slider","14":"ast-product-tabs-layout-horizontal","16":"first","17":"outofstock","18":"taxable","19":"shipping-taxable","20":"purchasable","21":"product-type-simple"},"acf":[],"yoast_head":"<title>Christmas Baubles 3 pack Small: Red - Gold - Green - Antwerp Luxury Candle Supplies<\/title>\n<meta name=\"robots\" content=\"index, follow, max-snippet:-1, max-image-preview:large, max-video-preview:-1\" \/>\n<link rel=\"canonical\" href=\"https:\/\/luxurycandlesupplies.eu\/nl\/product\/kerstballen-klein-rood-goud-groen\/\" \/>\n<meta property=\"og:locale\" content=\"nl_NL\" \/>\n<meta property=\"og:type\" content=\"article\" \/>\n<meta property=\"og:title\" content=\"Christmas Baubles 3 pack Small: Red - Gold - Green - Antwerp Luxury Candle Supplies\" \/>\n<meta property=\"og:description\" content=\"Description    This elegant set of three Christmas candle vessels, shaped like Christmas baubles with a sleek electroplated silver inner lining, comes packaged together in a box of three festive colors. Each has a removable lid and sturdy base, making them perfect for holiday scents and ideal as standout gifts or decorative pieces for the season.  Not dishwasher safe, we recommend a damp cloth to wipe any excess dust from the inside only.  &nbsp; SPECIFICATIONS     External Dimensions (with lid): 80mm\u00d8 x 113mmH External Dimensions (base only): 78mm\u00d8 x 42mmH Inner Dimensions: 65mm\u00d8 Vessel capacity: 230ml Suggested Fill Capacity: Approx. g Vessel weight: 0,218g \/piece  Suggested wick size*: *Please note, we recommend users conduct their own wick tests with different blends of wax and oil that they intend to use.  Available in a box of 3 pieces. Carton size: 8 units  IMPORTANT! Please note, product photo may differ from actual item in terms of colour due to lighting and\/or manufacturing.\" \/>\n<meta property=\"og:url\" content=\"https:\/\/luxurycandlesupplies.eu\/nl\/product\/kerstballen-klein-rood-goud-groen\/\" \/>\n<meta property=\"og:site_name\" content=\"Antwerp Luxury Candle Supplies\" \/>\n<meta property=\"article:publisher\" content=\"https:\/\/www.facebook.com\/Antwerpluxurycandlesupplies\/\" \/>\n<meta property=\"article:modified_time\" content=\"2026-04-08T11:12:13+00:00\" \/>\n<meta property=\"og:image\" content=\"https:\/\/luxurycandlesupplies.eu\/app\/uploads\/2025\/07\/Luxury-Candle-supplies-33-web-1.jpg\" \/>\n\t<meta property=\"og:image:width\" content=\"2000\" \/>\n\t<meta property=\"og:image:height\" content=\"2000\" \/>\n\t<meta property=\"og:image:type\" content=\"image\/jpeg\" \/>\n<meta name=\"twitter:card\" content=\"summary_large_image\" \/>\n<meta name=\"twitter:label1\" content=\"Geschatte leestijd\" \/>\n\t<meta name=\"twitter:data1\" content=\"1 minuut\" \/>\n<script type=\"application\/ld+json\" class=\"yoast-schema-graph\">{\"@context\":\"https:\\\/\\\/schema.org\",\"@graph\":[{\"@type\":\"WebPage\",\"@id\":\"https:\\\/\\\/luxurycandlesupplies.eu\\\/product\\\/christmas-baubles-small-red-gold-green\\\/\",\"url\":\"https:\\\/\\\/luxurycandlesupplies.eu\\\/product\\\/christmas-baubles-small-red-gold-green\\\/\",\"name\":\"Christmas Baubles 3 pack Small: Red - Gold - Green - Antwerp Luxury Candle Supplies\",\"isPartOf\":{\"@id\":\"https:\\\/\\\/luxurycandlesupplies.eu\\\/#website\"},\"primaryImageOfPage\":{\"@id\":\"https:\\\/\\\/luxurycandlesupplies.eu\\\/product\\\/christmas-baubles-small-red-gold-green\\\/#primaryimage\"},\"image\":{\"@id\":\"https:\\\/\\\/luxurycandlesupplies.eu\\\/product\\\/christmas-baubles-small-red-gold-green\\\/#primaryimage\"},\"thumbnailUrl\":\"https:\\\/\\\/luxurycandlesupplies.eu\\\/app\\\/uploads\\\/2025\\\/07\\\/Luxury-Candle-supplies-33-web-1.jpg\",\"datePublished\":\"2025-07-14T13:19:26+00:00\",\"dateModified\":\"2026-04-08T11:12:13+00:00\",\"breadcrumb\":{\"@id\":\"https:\\\/\\\/luxurycandlesupplies.eu\\\/product\\\/christmas-baubles-small-red-gold-green\\\/#breadcrumb\"},\"inLanguage\":\"nl-NL\",\"potentialAction\":[{\"@type\":\"ReadAction\",\"target\":[\"https:\\\/\\\/luxurycandlesupplies.eu\\\/product\\\/christmas-baubles-small-red-gold-green\\\/\"]}]},{\"@type\":\"ImageObject\",\"inLanguage\":\"nl-NL\",\"@id\":\"https:\\\/\\\/luxurycandlesupplies.eu\\\/product\\\/christmas-baubles-small-red-gold-green\\\/#primaryimage\",\"url\":\"https:\\\/\\\/luxurycandlesupplies.eu\\\/app\\\/uploads\\\/2025\\\/07\\\/Luxury-Candle-supplies-33-web-1.jpg\",\"contentUrl\":\"https:\\\/\\\/luxurycandlesupplies.eu\\\/app\\\/uploads\\\/2025\\\/07\\\/Luxury-Candle-supplies-33-web-1.jpg\",\"width\":2000,\"height\":2000},{\"@type\":\"BreadcrumbList\",\"@id\":\"https:\\\/\\\/luxurycandlesupplies.eu\\\/product\\\/christmas-baubles-small-red-gold-green\\\/#breadcrumb\",\"itemListElement\":[{\"@type\":\"ListItem\",\"position\":1,\"name\":\"Home\",\"item\":\"https:\\\/\\\/luxurycandlesupplies.eu\\\/\"},{\"@type\":\"ListItem\",\"position\":2,\"name\":\"Shop\",\"item\":\"https:\\\/\\\/luxurycandlesupplies.eu\\\/shop\\\/\"},{\"@type\":\"ListItem\",\"position\":3,\"name\":\"Christmas Baubles 3 pack Small: Red &#8211; Gold &#8211; Green\"}]},{\"@type\":\"WebSite\",\"@id\":\"https:\\\/\\\/luxurycandlesupplies.eu\\\/#website\",\"url\":\"https:\\\/\\\/luxurycandlesupplies.eu\\\/\",\"name\":\"Antwerp Luxury Candle Supplies\",\"description\":\"Distributor of all seasons soy wax\",\"publisher\":{\"@id\":\"https:\\\/\\\/luxurycandlesupplies.eu\\\/#organization\"},\"potentialAction\":[{\"@type\":\"SearchAction\",\"target\":{\"@type\":\"EntryPoint\",\"urlTemplate\":\"https:\\\/\\\/luxurycandlesupplies.eu\\\/?s={search_term_string}\"},\"query-input\":{\"@type\":\"PropertyValueSpecification\",\"valueRequired\":true,\"valueName\":\"search_term_string\"}}],\"inLanguage\":\"nl-NL\"},{\"@type\":\"Organization\",\"@id\":\"https:\\\/\\\/luxurycandlesupplies.eu\\\/#organization\",\"name\":\"Antwerp Luxury Candle Supplies\",\"url\":\"https:\\\/\\\/luxurycandlesupplies.eu\\\/\",\"logo\":{\"@type\":\"ImageObject\",\"inLanguage\":\"nl-NL\",\"@id\":\"https:\\\/\\\/luxurycandlesupplies.eu\\\/#\\\/schema\\\/logo\\\/image\\\/\",\"url\":\"https:\\\/\\\/luxurycandlesupplies.eu\\\/app\\\/uploads\\\/2022\\\/03\\\/antwerp-luxury-candle-supplies-1x.png\",\"contentUrl\":\"https:\\\/\\\/luxurycandlesupplies.eu\\\/app\\\/uploads\\\/2022\\\/03\\\/antwerp-luxury-candle-supplies-1x.png\",\"width\":330,\"height\":60,\"caption\":\"Antwerp Luxury Candle Supplies\"},\"image\":{\"@id\":\"https:\\\/\\\/luxurycandlesupplies.eu\\\/#\\\/schema\\\/logo\\\/image\\\/\"},\"sameAs\":[\"https:\\\/\\\/www.facebook.com\\\/Antwerpluxurycandlesupplies\\\/\",\"https:\\\/\\\/www.instagram.com\\\/antwerp_luxury_candle_supplies\\\/\",\"https:\\\/\\\/pin.it\\\/7joOXRW\"]}]}<\/script>","yoast_head_json":{"title":"Kerstballen 3 pak Klein: Rood - Goud - Groen - Antwerpen Luxe Kaarsbenodigdheden","robots":{"index":"index","follow":"follow","max-snippet":"max-snippet:-1","max-image-preview":"max-image-preview:large","max-video-preview":"max-video-preview:-1"},"canonical":"https:\/\/luxurycandlesupplies.eu\/nl\/product\/kerstballen-klein-rood-goud-groen\/","og_locale":"nl_NL","og_type":"article","og_title":"Christmas Baubles 3 pack Small: Red - Gold - Green - Antwerp Luxury Candle Supplies","og_description":"Description    This elegant set of three Christmas candle vessels, shaped like Christmas baubles with a sleek electroplated silver inner lining, comes packaged together in a box of three festive colors. Each has a removable lid and sturdy base, making them perfect for holiday scents and ideal as standout gifts or decorative pieces for the season.  Not dishwasher safe, we recommend a damp cloth to wipe any excess dust from the inside only.  &nbsp; SPECIFICATIONS     External Dimensions (with lid): 80mm\u00d8 x 113mmH External Dimensions (base only): 78mm\u00d8 x 42mmH Inner Dimensions: 65mm\u00d8 Vessel capacity: 230ml Suggested Fill Capacity: Approx. g Vessel weight: 0,218g \/piece  Suggested wick size*: *Please note, we recommend users conduct their own wick tests with different blends of wax and oil that they intend to use.  Available in a box of 3 pieces. Carton size: 8 units  IMPORTANT! Please note, product photo may differ from actual item in terms of colour due to lighting and\/or manufacturing.","og_url":"https:\/\/luxurycandlesupplies.eu\/nl\/product\/kerstballen-klein-rood-goud-groen\/","og_site_name":"Antwerp Luxury Candle Supplies","article_publisher":"https:\/\/www.facebook.com\/Antwerpluxurycandlesupplies\/","article_modified_time":"2026-04-08T11:12:13+00:00","og_image":[{"width":2000,"height":2000,"url":"https:\/\/luxurycandlesupplies.eu\/app\/uploads\/2025\/07\/Luxury-Candle-supplies-33-web-1.jpg","type":"image\/jpeg"}],"twitter_card":"summary_large_image","twitter_misc":{"Geschatte leestijd":"1 minuut"},"schema":{"@context":"https:\/\/schema.org","@graph":[{"@type":"WebPage","@id":"https:\/\/luxurycandlesupplies.eu\/product\/christmas-baubles-small-red-gold-green\/","url":"https:\/\/luxurycandlesupplies.eu\/product\/christmas-baubles-small-red-gold-green\/","name":"Kerstballen 3 pak Klein: Rood - Goud - Groen - Antwerpen Luxe Kaarsbenodigdheden","isPartOf":{"@id":"https:\/\/luxurycandlesupplies.eu\/#website"},"primaryImageOfPage":{"@id":"https:\/\/luxurycandlesupplies.eu\/product\/christmas-baubles-small-red-gold-green\/#primaryimage"},"image":{"@id":"https:\/\/luxurycandlesupplies.eu\/product\/christmas-baubles-small-red-gold-green\/#primaryimage"},"thumbnailUrl":"https:\/\/luxurycandlesupplies.eu\/app\/uploads\/2025\/07\/Luxury-Candle-supplies-33-web-1.jpg","datePublished":"2025-07-14T13:19:26+00:00","dateModified":"2026-04-08T11:12:13+00:00","breadcrumb":{"@id":"https:\/\/luxurycandlesupplies.eu\/product\/christmas-baubles-small-red-gold-green\/#breadcrumb"},"inLanguage":"nl-NL","potentialAction":[{"@type":"ReadAction","target":["https:\/\/luxurycandlesupplies.eu\/product\/christmas-baubles-small-red-gold-green\/"]}]},{"@type":"ImageObject","inLanguage":"nl-NL","@id":"https:\/\/luxurycandlesupplies.eu\/product\/christmas-baubles-small-red-gold-green\/#primaryimage","url":"https:\/\/luxurycandlesupplies.eu\/app\/uploads\/2025\/07\/Luxury-Candle-supplies-33-web-1.jpg","contentUrl":"https:\/\/luxurycandlesupplies.eu\/app\/uploads\/2025\/07\/Luxury-Candle-supplies-33-web-1.jpg","width":2000,"height":2000},{"@type":"BreadcrumbList","@id":"https:\/\/luxurycandlesupplies.eu\/product\/christmas-baubles-small-red-gold-green\/#breadcrumb","itemListElement":[{"@type":"ListItem","position":1,"name":"Home","item":"https:\/\/luxurycandlesupplies.eu\/"},{"@type":"ListItem","position":2,"name":"Shop","item":"https:\/\/luxurycandlesupplies.eu\/shop\/"},{"@type":"ListItem","position":3,"name":"Christmas Baubles 3 pack Small: Red &#8211; Gold &#8211; Green"}]},{"@type":"WebSite","@id":"https:\/\/luxurycandlesupplies.eu\/#website","url":"https:\/\/luxurycandlesupplies.eu\/","name":"Antwerpen Luxe Kaars Benodigdheden","description":"Verdeler van sojawas voor alle seizoenen","publisher":{"@id":"https:\/\/luxurycandlesupplies.eu\/#organization"},"potentialAction":[{"@type":"SearchAction","target":{"@type":"EntryPoint","urlTemplate":"https:\/\/luxurycandlesupplies.eu\/?s={search_term_string}"},"query-input":{"@type":"PropertyValueSpecification","valueRequired":true,"valueName":"search_term_string"}}],"inLanguage":"nl-NL"},{"@type":"Organization","@id":"https:\/\/luxurycandlesupplies.eu\/#organization","name":"Antwerpen Luxe Kaars Benodigdheden","url":"https:\/\/luxurycandlesupplies.eu\/","logo":{"@type":"ImageObject","inLanguage":"nl-NL","@id":"https:\/\/luxurycandlesupplies.eu\/#\/schema\/logo\/image\/","url":"https:\/\/luxurycandlesupplies.eu\/app\/uploads\/2022\/03\/antwerp-luxury-candle-supplies-1x.png","contentUrl":"https:\/\/luxurycandlesupplies.eu\/app\/uploads\/2022\/03\/antwerp-luxury-candle-supplies-1x.png","width":330,"height":60,"caption":"Antwerp Luxury Candle Supplies"},"image":{"@id":"https:\/\/luxurycandlesupplies.eu\/#\/schema\/logo\/image\/"},"sameAs":["https:\/\/www.facebook.com\/Antwerpluxurycandlesupplies\/","https:\/\/www.instagram.com\/antwerp_luxury_candle_supplies\/","https:\/\/pin.it\/7joOXRW"]}]}},"_links":{"self":[{"href":"https:\/\/luxurycandlesupplies.eu\/nl\/wp-json\/wp\/v2\/product\/21825","targetHints":{"allow":["GET"]}}],"collection":[{"href":"https:\/\/luxurycandlesupplies.eu\/nl\/wp-json\/wp\/v2\/product"}],"about":[{"href":"https:\/\/luxurycandlesupplies.eu\/nl\/wp-json\/wp\/v2\/types\/product"}],"wp:featuredmedia":[{"embeddable":true,"href":"https:\/\/luxurycandlesupplies.eu\/nl\/wp-json\/wp\/v2\/media\/22456"}],"wp:attachment":[{"href":"https:\/\/luxurycandlesupplies.eu\/nl\/wp-json\/wp\/v2\/media?parent=21825"}],"wp:term":[{"taxonomy":"product_brand","embeddable":true,"href":"https:\/\/luxurycandlesupplies.eu\/nl\/wp-json\/wp\/v2\/product_brand?post=21825"},{"taxonomy":"product_cat","embeddable":true,"href":"https:\/\/luxurycandlesupplies.eu\/nl\/wp-json\/wp\/v2\/product_cat?post=21825"},{"taxonomy":"product_tag","embeddable":true,"href":"https:\/\/luxurycandlesupplies.eu\/nl\/wp-json\/wp\/v2\/product_tag?post=21825"}],"curies":[{"name":"wp","href":"https:\/\/api.w.org\/{rel}","templated":true}]}}