{"id":22015,"date":"2025-07-18T13:10:24","date_gmt":"2025-07-18T11:10:24","guid":{"rendered":"https:\/\/luxurycandlesupplies.eu\/?post_type=product&#038;p=22015"},"modified":"2026-04-21T14:14:30","modified_gmt":"2026-04-21T12:14:30","slug":"rozenoud","status":"publish","type":"product","link":"https:\/\/luxurycandlesupplies.eu\/nl\/product\/rose-oud\/","title":{"rendered":"Roos Oud - UFI vrijgesteld < 8%"},"content":{"rendered":"<h3>BESCHRIJVING<\/h3>\n<p>&nbsp;<\/p>\n<div class=\"page\" title=\"Pagina 5\">\n<div class=\"layoutArea\">\n<div class=\"column\">\n<h2><strong><em>Roze Oud<\/em><\/strong><\/h2>\n<p>&nbsp;<\/p>\n<p>Een verleidelijke geur met rijk rozenhout en elegante Bulgaarse roos in de topnoten. In het hart zorgen fluweelzachte oud en zoete kweepeer voor een mysterieuze, warme omhelzing. Verankerd door romig sandelhout en aardse patchoeli laat deze luxe geur een blijvende indruk van diepte en sensualiteit achter.<\/p>\n<p>&nbsp;<\/p>\n<p>Top: Rozenhout, Bulgaarse roos<br \/>\nHart: Oud, Kweepeer<br \/>\nBasis: Sandelhout, Patchouli<\/p>\n<\/div>\n<\/div>\n<\/div>\n<p>&nbsp;<\/p>\n<p>&nbsp;<\/p>\n<h3>ONZE AANBEVELING<\/h3>\n<hr \/>\n<div>\n<p>Het gebruik van geurolie is afhankelijk van het product dat je gaat maken.<\/p>\n<p>Let op: De onderstaande waarden zijn slechts suggesties. We raden kaarsenmakers aan om steeds uitgebreid te testen voor optimale resultaten.<\/p>\n<p>Kaarsen: 6-10%, UFI vrij max 8%<br \/>\nWaxmelts: 10-12%<\/p>\n<\/div>\n<h2><\/h2>\n<h3>INFORMATIE OVER CLP EN SDS<\/h3>\n<hr \/>\n<div>\n<p>&nbsp;<\/p>\n<\/div>\n<p><a href=\"https:\/\/luxurycandlesupplies.eu\/app\/uploads\/2025\/07\/CLP-label-_-Rose-oud-_-candle-8_-Free-of-UFI.pdf\">CLP-label _ Roos oud _ kaars 8%_ Vrij van BIV<\/a><\/p>\n<p><a href=\"https:\/\/luxurycandlesupplies.eu\/app\/uploads\/2025\/07\/SDS-ROSE-OUD-ENG-ALCS-1.pdf\">SDS ROZE OUD <\/a><\/p>\n<p><a href=\"https:\/\/luxurycandlesupplies.eu\/app\/uploads\/2025\/07\/IFRA-ROSE-OUD-1.pdf\">IFRA ROZE OUD<\/a><\/p>\n<p>&nbsp;<\/p>\n<p>UFI: 7J90-A05U-K00K-8Q0R<\/p>\n<p><img decoding=\"async\" class=\"alignnone wp-image-23489\" src=\"https:\/\/luxurycandlesupplies.eu\/app\/uploads\/2025\/07\/Danger-4-300x300.png\" alt=\"\" width=\"123\" height=\"123\" srcset=\"https:\/\/luxurycandlesupplies.eu\/app\/uploads\/2025\/07\/Danger-4-300x300.png 300w, https:\/\/luxurycandlesupplies.eu\/app\/uploads\/2025\/07\/Danger-4-1024x1024.png 1024w, https:\/\/luxurycandlesupplies.eu\/app\/uploads\/2025\/07\/Danger-4-150x150.png 150w, https:\/\/luxurycandlesupplies.eu\/app\/uploads\/2025\/07\/Danger-4-768x768.png 768w, https:\/\/luxurycandlesupplies.eu\/app\/uploads\/2025\/07\/Danger-4-12x12.png 12w, https:\/\/luxurycandlesupplies.eu\/app\/uploads\/2025\/07\/Danger-4-600x600.png 600w, https:\/\/luxurycandlesupplies.eu\/app\/uploads\/2025\/07\/Danger-4-100x100.png 100w, https:\/\/luxurycandlesupplies.eu\/app\/uploads\/2025\/07\/Danger-4.png 1080w\" sizes=\"(max-width: 123px) 100vw, 123px\" \/> <img decoding=\"async\" class=\"alignnone wp-image-23488\" src=\"https:\/\/luxurycandlesupplies.eu\/app\/uploads\/2025\/07\/Danger-3-300x300.png\" alt=\"\" width=\"123\" height=\"123\" srcset=\"https:\/\/luxurycandlesupplies.eu\/app\/uploads\/2025\/07\/Danger-3-300x300.png 300w, https:\/\/luxurycandlesupplies.eu\/app\/uploads\/2025\/07\/Danger-3-1024x1024.png 1024w, https:\/\/luxurycandlesupplies.eu\/app\/uploads\/2025\/07\/Danger-3-150x150.png 150w, https:\/\/luxurycandlesupplies.eu\/app\/uploads\/2025\/07\/Danger-3-768x768.png 768w, https:\/\/luxurycandlesupplies.eu\/app\/uploads\/2025\/07\/Danger-3-12x12.png 12w, https:\/\/luxurycandlesupplies.eu\/app\/uploads\/2025\/07\/Danger-3-600x600.png 600w, https:\/\/luxurycandlesupplies.eu\/app\/uploads\/2025\/07\/Danger-3-100x100.png 100w, https:\/\/luxurycandlesupplies.eu\/app\/uploads\/2025\/07\/Danger-3.png 1080w\" sizes=\"(max-width: 123px) 100vw, 123px\" \/><\/p>\n<p><strong>Roos Oud NL<\/strong><\/p>\n<p>H315 Veroorzaakt huidirritatie. H319 Veroorzaakt ernstige oogirritatie. H317 Kan een allergische<br \/>\nhuidreactie veroorzaken. H400 Zeer giftig voor in het water levende organismen. H410 Zeer giftig<br \/>\nvoor in het water levende organismen, met langdurige gevolgen. P264 Na het werken met dit product<br \/>\naangetaste gebieden grondig wassen. P280 Beschermende handschoenen\/beschermende<br \/>\nkleding\/oogbescherming\/gelaatsbescherming dragen. P321 Specifieke behandeling vereist (zie op dit<br \/>\netiket). P362 Verontreinigde kleding uittrekken. P302+P352 BIJ CONTACT MET DE HUID: met veel<br \/>\nwater en zeep wassen. P332+P313 Bij huidirritatie: een kunst raadplegen. P305+P351+P338 BIJ<br \/>\nCONTACT MET DE OGEN: voorzichtig afspoelen met water gedurende een aantal minuten;<br \/>\ncontactlenzen verwijderen, indien mogelijk; blijven spoelen. P261 Inademing van<br \/>\nstof\/rook\/gas\/nevel\/damp\/spuitnevel vermijden. P272 Verontreinigde werkkleding mag de<br \/>\nwerkruimte niet verlaten. P363 Verontreinigde kleding wassen alvorens deze opnieuw te gebruiken.<br \/>\nP501 Inhoud\/verpakking afvoeren naar een erkende afvalinzamelaar conform VLAREMA en OVAMregelgeving.<br \/>\nP333+P313 Bij huidirritatie of uitslag: een kunst raadplegen. P273 Voorkom lozing in het<br \/>\nmilieu. P391 Gelekte\/gemorste stof opruimen.<\/p>\n<p>&nbsp;<\/p>\n<p><strong>Roos Oud FR<\/strong><\/p>\n<p>H315 Provoque une irritation cutan\u00e9e. H319 Provoque une irritation s\u00e9v\u00e8re des yeux. H317 Kan<br \/>\nune r\u00e9action allergique cutan\u00e9e. H400 Zeer giftig voor in het water levende organismen. H410 Zeer giftig voor<br \/>\nde organismen in het water, op lange termijn tot lang aanhoudende effecten leidt. P264 Lavez soigneusement les zones<br \/>\ntouch\u00e9es apr\u00e8s manipulation. P280 Porter des gants de protection\/des v\u00eatements de protection\/une<br \/>\nbescherming van de ogen. P321 Specifieke behandeling vereist (zie op het etiket). P362 Verwijder de<br \/>\nbesmette kleding. P302+P352 EN CAS DE CONTACT AVEC LA PEAU : laver abondamment \u00e0 l'eau et au<br \/>\nsavon. P332+P313 En cas d'irritation cutan\u00e9e : consulter un m\u00e9decin. P305+P351+P338 IN GEVAL VAN CONTACT<br \/>\nAVEC LES YEUX : spoel met voorzichtigheid in het water gedurende enkele minuten ; trek de lentilles uit indien mogelijk ;<br \/>\nBlijf spoelen. P261 Vermijd het inademen van poussi\u00e8res\/fum\u00e9es\/gaz\/brouillards\/vapeurs\/a\u00e9rosols. P272 Les<br \/>\nV\u00eatements de travail contamin\u00e9s ne doivent pas sortir du lieu de travail. P363 De kleding uittrekken<br \/>\ncontamin\u00e9s avant de les r\u00e9utiliser. P501 De inhoud\/het afval verwijderen via een afvalverzamelaar.<br \/>\nconform de voorschriften van VLAREMA en OVAM. P333+P313 En cas d'irritation ou d'\u00e9ruption cutan\u00e9e :<br \/>\neen arts raadplegen. P273 Reject in het milieu vermijden. P391 De achtergebleven stof verwijderen.<\/p>\n<p>&nbsp;<\/p>\n<p><strong>Roos Oud ENG<\/strong><\/p>\n<p>HH315 Veroorzaakt huidirritatie. H319 Veroorzaakt ernstige oogirritatie. H317 Kan een allergische huid veroorzaken<br \/>\nreactie. H400 Zeer giftig voor in het water levende organismen. H410 Zeer giftig voor in het water levende organismen, met langdurige gevolgen. P264<br \/>\nNa het werken met de stof grondig wassen. P280 Draag beschermende handschoenen\/beschermende kleding\/oogbescherming.<br \/>\nbescherming\/gelaatsbescherming. P321 Specifieke behandeling vereist (zie op etiket). P362 Verwijderen<br \/>\nverontreinigde kleding. P302+P352 BIJ CONTACT MET DE HUID: met veel water en zeep wassen. P332+P313 Indien<br \/>\nhuidirritatie optreedt: Medische hulp inroepen. P305+P351+P338 BIJ CONTACT MET DE OGEN: voorzichtig spoelen met water gedurende 10 minuten.<br \/>\nenkele minuten. Verwijder contactlenzen indien aanwezig en gemakkelijk te doen. Ga door met spoelen. P261 Vermijden<br \/>\nstof\/rook\/gas\/nevel\/damp\/spuitnevel inademen. P272 Verontreinigde werkkleding mag niet<br \/>\ntoegestaan buiten de werkplek. P363 Verontreinigde kleding wassen voor hergebruik. P501 Verwijderen<br \/>\ninhoud\/container via een erkende ophaler volgens VLAREMA en OVAM<br \/>\nvoorschriften. P333+P313 Bij huidirritatie of huiduitslag: Medisch advies inwinnen. P273 Voorkom lozing in de<br \/>\nmilieu. P391 Gemorst product opvangen.<\/p>","protected":false},"excerpt":{"rendered":"<p>DESCRIPTION &nbsp; Rose Oud &nbsp; A seductive fragrance where rich rosewood and elegant Bulgarian rose bloom in the top notes. At its heart, velvety oud and sweet quince create a mysterious, warm embrace. Anchored by creamy sandalwood and earthy patchouli, this luxurious scent leaves a lasting impression of depth and sensuality. &nbsp; Top: Rosewood, Bulgarian [&hellip;]<\/p>\n","protected":false},"featured_media":22295,"template":"","meta":{"_acf_changed":false,"site-sidebar-layout":"default","site-content-layout":"default","ast-site-content-layout":"default","site-content-style":"default","site-sidebar-style":"default","ast-global-header-display":"","ast-banner-title-visibility":"","ast-main-header-display":"","ast-hfb-above-header-display":"","ast-hfb-below-header-display":"","ast-hfb-mobile-header-display":"","site-post-title":"","ast-breadcrumbs-content":"","ast-featured-img":"","footer-sml-layout":"","ast-disable-related-posts":"","theme-transparent-header-meta":"default","adv-header-id-meta":"","stick-header-meta":"","header-above-stick-meta":"","header-main-stick-meta":"","header-below-stick-meta":"","astra-migrate-meta-layouts":"set","ast-page-background-enabled":"default","ast-page-background-meta":{"desktop":{"background-color":"","background-image":"","background-repeat":"repeat","background-position":"center center","background-size":"auto","background-attachment":"scroll","background-type":"","background-media":"","overlay-type":"","overlay-color":"","overlay-opacity":"","overlay-gradient":""},"tablet":{"background-color":"","background-image":"","background-repeat":"repeat","background-position":"center center","background-size":"auto","background-attachment":"scroll","background-type":"","background-media":"","overlay-type":"","overlay-color":"","overlay-opacity":"","overlay-gradient":""},"mobile":{"background-color":"","background-image":"","background-repeat":"repeat","background-position":"center center","background-size":"auto","background-attachment":"scroll","background-type":"","background-media":"","overlay-type":"","overlay-color":"","overlay-opacity":"","overlay-gradient":""}},"ast-content-background-meta":{"desktop":{"background-color":"var(--ast-global-color-5)","background-image":"","background-repeat":"repeat","background-position":"center center","background-size":"auto","background-attachment":"scroll","background-type":"","background-media":"","overlay-type":"","overlay-color":"","overlay-opacity":"","overlay-gradient":""},"tablet":{"background-color":"var(--ast-global-color-5)","background-image":"","background-repeat":"repeat","background-position":"center center","background-size":"auto","background-attachment":"scroll","background-type":"","background-media":"","overlay-type":"","overlay-color":"","overlay-opacity":"","overlay-gradient":""},"mobile":{"background-color":"var(--ast-global-color-5)","background-image":"","background-repeat":"repeat","background-position":"center center","background-size":"auto","background-attachment":"scroll","background-type":"","background-media":"","overlay-type":"","overlay-color":"","overlay-opacity":"","overlay-gradient":""}}},"product_brand":[],"product_cat":[25,1681],"product_tag":[31,1682,1454,23,30,435,20,27,22],"class_list":{"0":"post-22015","1":"product","2":"type-product","3":"status-publish","4":"has-post-thumbnail","6":"product_cat-fragrances","7":"product_cat-fragrances-ufi-exempt","8":"product_tag-m12-wax","9":"product_tag-oud","10":"product_tag-rose","11":"product_tag-s100-wax","12":"product_tag-s16-wax","13":"product_tag-sandalwood","14":"product_tag-soy-wax","15":"product_tag-vegan-wax","16":"product_tag-wax","17":"desktop-align-left","18":"tablet-align-left","19":"mobile-align-left","20":"ast-product-gallery-layout-horizontal-slider","21":"ast-product-single-variable","22":"ast-product-tabs-layout-horizontal","24":"first","25":"instock","26":"taxable","27":"shipping-taxable","28":"purchasable","29":"product-type-variable"},"acf":[],"yoast_head":"<title>Rose Oud - UFI exempt &lt; 8% - Antwerp Luxury Candle Supplies<\/title>\n<meta name=\"description\" content=\"A seductive fragrance where rich rosewood and elegant Bulgarian rose bloom in the top notes. At its heart, velvety oud and sweet quince create a mysterious, warm embrace. Anchored by creamy sandalwood and earthy patchouli, this luxurious scent leaves a lasting impression of depth and sensuality.\" \/>\n<meta name=\"robots\" content=\"index, follow, max-snippet:-1, max-image-preview:large, max-video-preview:-1\" \/>\n<link rel=\"canonical\" href=\"https:\/\/luxurycandlesupplies.eu\/nl\/product\/rozenoud\/\" \/>\n<meta property=\"og:locale\" content=\"nl_NL\" \/>\n<meta property=\"og:type\" content=\"article\" \/>\n<meta property=\"og:title\" content=\"Rose Oud - UFI exempt &lt; 8% - Antwerp Luxury Candle Supplies\" \/>\n<meta property=\"og:description\" content=\"A seductive fragrance where rich rosewood and elegant Bulgarian rose bloom in the top notes. At its heart, velvety oud and sweet quince create a mysterious, warm embrace. Anchored by creamy sandalwood and earthy patchouli, this luxurious scent leaves a lasting impression of depth and sensuality.\" \/>\n<meta property=\"og:url\" content=\"https:\/\/luxurycandlesupplies.eu\/nl\/product\/rozenoud\/\" \/>\n<meta property=\"og:site_name\" content=\"Antwerp Luxury Candle Supplies\" \/>\n<meta property=\"article:publisher\" content=\"https:\/\/www.facebook.com\/Antwerpluxurycandlesupplies\/\" \/>\n<meta property=\"article:modified_time\" content=\"2026-04-21T12:14:30+00:00\" \/>\n<meta property=\"og:image\" content=\"https:\/\/luxurycandlesupplies.eu\/app\/uploads\/2025\/07\/Rose-Oud.jpg\" \/>\n\t<meta property=\"og:image:width\" content=\"1080\" \/>\n\t<meta property=\"og:image:height\" content=\"1080\" \/>\n\t<meta property=\"og:image:type\" content=\"image\/jpeg\" \/>\n<meta name=\"twitter:card\" content=\"summary_large_image\" \/>\n<meta name=\"twitter:label1\" content=\"Geschatte leestijd\" \/>\n\t<meta name=\"twitter:data1\" content=\"4 minuten\" \/>\n<script type=\"application\/ld+json\" class=\"yoast-schema-graph\">{\"@context\":\"https:\\\/\\\/schema.org\",\"@graph\":[{\"@type\":\"WebPage\",\"@id\":\"https:\\\/\\\/luxurycandlesupplies.eu\\\/product\\\/rose-oud\\\/\",\"url\":\"https:\\\/\\\/luxurycandlesupplies.eu\\\/product\\\/rose-oud\\\/\",\"name\":\"Rose Oud - UFI exempt < 8% - Antwerp Luxury Candle Supplies\",\"isPartOf\":{\"@id\":\"https:\\\/\\\/luxurycandlesupplies.eu\\\/#website\"},\"primaryImageOfPage\":{\"@id\":\"https:\\\/\\\/luxurycandlesupplies.eu\\\/product\\\/rose-oud\\\/#primaryimage\"},\"image\":{\"@id\":\"https:\\\/\\\/luxurycandlesupplies.eu\\\/product\\\/rose-oud\\\/#primaryimage\"},\"thumbnailUrl\":\"https:\\\/\\\/luxurycandlesupplies.eu\\\/app\\\/uploads\\\/2025\\\/07\\\/Rose-Oud.jpg\",\"datePublished\":\"2025-07-18T11:10:24+00:00\",\"dateModified\":\"2026-04-21T12:14:30+00:00\",\"description\":\"A seductive fragrance where rich rosewood and elegant Bulgarian rose bloom in the top notes. At its heart, velvety oud and sweet quince create a mysterious, warm embrace. Anchored by creamy sandalwood and earthy patchouli, this luxurious scent leaves a lasting impression of depth and sensuality.\",\"breadcrumb\":{\"@id\":\"https:\\\/\\\/luxurycandlesupplies.eu\\\/product\\\/rose-oud\\\/#breadcrumb\"},\"inLanguage\":\"nl-NL\",\"potentialAction\":[{\"@type\":\"ReadAction\",\"target\":[\"https:\\\/\\\/luxurycandlesupplies.eu\\\/product\\\/rose-oud\\\/\"]}]},{\"@type\":\"ImageObject\",\"inLanguage\":\"nl-NL\",\"@id\":\"https:\\\/\\\/luxurycandlesupplies.eu\\\/product\\\/rose-oud\\\/#primaryimage\",\"url\":\"https:\\\/\\\/luxurycandlesupplies.eu\\\/app\\\/uploads\\\/2025\\\/07\\\/Rose-Oud.jpg\",\"contentUrl\":\"https:\\\/\\\/luxurycandlesupplies.eu\\\/app\\\/uploads\\\/2025\\\/07\\\/Rose-Oud.jpg\",\"width\":1080,\"height\":1080},{\"@type\":\"BreadcrumbList\",\"@id\":\"https:\\\/\\\/luxurycandlesupplies.eu\\\/product\\\/rose-oud\\\/#breadcrumb\",\"itemListElement\":[{\"@type\":\"ListItem\",\"position\":1,\"name\":\"Home\",\"item\":\"https:\\\/\\\/luxurycandlesupplies.eu\\\/\"},{\"@type\":\"ListItem\",\"position\":2,\"name\":\"Shop\",\"item\":\"https:\\\/\\\/luxurycandlesupplies.eu\\\/shop\\\/\"},{\"@type\":\"ListItem\",\"position\":3,\"name\":\"Rose Oud &#8211; UFI exempt < 8%\"}]},{\"@type\":\"WebSite\",\"@id\":\"https:\\\/\\\/luxurycandlesupplies.eu\\\/#website\",\"url\":\"https:\\\/\\\/luxurycandlesupplies.eu\\\/\",\"name\":\"Antwerp Luxury Candle Supplies\",\"description\":\"Distributor of all seasons soy wax\",\"publisher\":{\"@id\":\"https:\\\/\\\/luxurycandlesupplies.eu\\\/#organization\"},\"potentialAction\":[{\"@type\":\"SearchAction\",\"target\":{\"@type\":\"EntryPoint\",\"urlTemplate\":\"https:\\\/\\\/luxurycandlesupplies.eu\\\/?s={search_term_string}\"},\"query-input\":{\"@type\":\"PropertyValueSpecification\",\"valueRequired\":true,\"valueName\":\"search_term_string\"}}],\"inLanguage\":\"nl-NL\"},{\"@type\":\"Organization\",\"@id\":\"https:\\\/\\\/luxurycandlesupplies.eu\\\/#organization\",\"name\":\"Antwerp Luxury Candle Supplies\",\"url\":\"https:\\\/\\\/luxurycandlesupplies.eu\\\/\",\"logo\":{\"@type\":\"ImageObject\",\"inLanguage\":\"nl-NL\",\"@id\":\"https:\\\/\\\/luxurycandlesupplies.eu\\\/#\\\/schema\\\/logo\\\/image\\\/\",\"url\":\"https:\\\/\\\/luxurycandlesupplies.eu\\\/app\\\/uploads\\\/2022\\\/03\\\/antwerp-luxury-candle-supplies-1x.png\",\"contentUrl\":\"https:\\\/\\\/luxurycandlesupplies.eu\\\/app\\\/uploads\\\/2022\\\/03\\\/antwerp-luxury-candle-supplies-1x.png\",\"width\":330,\"height\":60,\"caption\":\"Antwerp Luxury Candle Supplies\"},\"image\":{\"@id\":\"https:\\\/\\\/luxurycandlesupplies.eu\\\/#\\\/schema\\\/logo\\\/image\\\/\"},\"sameAs\":[\"https:\\\/\\\/www.facebook.com\\\/Antwerpluxurycandlesupplies\\\/\",\"https:\\\/\\\/www.instagram.com\\\/antwerp_luxury_candle_supplies\\\/\",\"https:\\\/\\\/pin.it\\\/7joOXRW\"]}]}<\/script>","yoast_head_json":{"title":"Roos Oud - UFI vrijgesteld &lt; 8% - Antwerpen Luxe Kaarsbenodigdheden","description":"Een verleidelijke geur met rijk rozenhout en elegante Bulgaarse roos in de topnoten. In het hart zorgen fluweelzachte oud en zoete kweepeer voor een mysterieuze, warme omhelzing. Verankerd door romig sandelhout en aardse patchoeli laat deze luxe geur een blijvende indruk van diepte en sensualiteit achter.","robots":{"index":"index","follow":"follow","max-snippet":"max-snippet:-1","max-image-preview":"max-image-preview:large","max-video-preview":"max-video-preview:-1"},"canonical":"https:\/\/luxurycandlesupplies.eu\/nl\/product\/rozenoud\/","og_locale":"nl_NL","og_type":"article","og_title":"Rose Oud - UFI exempt < 8% - Antwerp Luxury Candle Supplies","og_description":"A seductive fragrance where rich rosewood and elegant Bulgarian rose bloom in the top notes. At its heart, velvety oud and sweet quince create a mysterious, warm embrace. Anchored by creamy sandalwood and earthy patchouli, this luxurious scent leaves a lasting impression of depth and sensuality.","og_url":"https:\/\/luxurycandlesupplies.eu\/nl\/product\/rozenoud\/","og_site_name":"Antwerp Luxury Candle Supplies","article_publisher":"https:\/\/www.facebook.com\/Antwerpluxurycandlesupplies\/","article_modified_time":"2026-04-21T12:14:30+00:00","og_image":[{"width":1080,"height":1080,"url":"https:\/\/luxurycandlesupplies.eu\/app\/uploads\/2025\/07\/Rose-Oud.jpg","type":"image\/jpeg"}],"twitter_card":"summary_large_image","twitter_misc":{"Geschatte leestijd":"4 minuten"},"schema":{"@context":"https:\/\/schema.org","@graph":[{"@type":"WebPage","@id":"https:\/\/luxurycandlesupplies.eu\/product\/rose-oud\/","url":"https:\/\/luxurycandlesupplies.eu\/product\/rose-oud\/","name":"Roos Oud - UFI vrijgesteld &lt; 8% - Antwerpen Luxe Kaarsbenodigdheden","isPartOf":{"@id":"https:\/\/luxurycandlesupplies.eu\/#website"},"primaryImageOfPage":{"@id":"https:\/\/luxurycandlesupplies.eu\/product\/rose-oud\/#primaryimage"},"image":{"@id":"https:\/\/luxurycandlesupplies.eu\/product\/rose-oud\/#primaryimage"},"thumbnailUrl":"https:\/\/luxurycandlesupplies.eu\/app\/uploads\/2025\/07\/Rose-Oud.jpg","datePublished":"2025-07-18T11:10:24+00:00","dateModified":"2026-04-21T12:14:30+00:00","description":"Een verleidelijke geur met rijk rozenhout en elegante Bulgaarse roos in de topnoten. In het hart zorgen fluweelzachte oud en zoete kweepeer voor een mysterieuze, warme omhelzing. Verankerd door romig sandelhout en aardse patchoeli laat deze luxe geur een blijvende indruk van diepte en sensualiteit achter.","breadcrumb":{"@id":"https:\/\/luxurycandlesupplies.eu\/product\/rose-oud\/#breadcrumb"},"inLanguage":"nl-NL","potentialAction":[{"@type":"ReadAction","target":["https:\/\/luxurycandlesupplies.eu\/product\/rose-oud\/"]}]},{"@type":"ImageObject","inLanguage":"nl-NL","@id":"https:\/\/luxurycandlesupplies.eu\/product\/rose-oud\/#primaryimage","url":"https:\/\/luxurycandlesupplies.eu\/app\/uploads\/2025\/07\/Rose-Oud.jpg","contentUrl":"https:\/\/luxurycandlesupplies.eu\/app\/uploads\/2025\/07\/Rose-Oud.jpg","width":1080,"height":1080},{"@type":"BreadcrumbList","@id":"https:\/\/luxurycandlesupplies.eu\/product\/rose-oud\/#breadcrumb","itemListElement":[{"@type":"ListItem","position":1,"name":"Home","item":"https:\/\/luxurycandlesupplies.eu\/"},{"@type":"ListItem","position":2,"name":"Shop","item":"https:\/\/luxurycandlesupplies.eu\/shop\/"},{"@type":"ListItem","position":3,"name":"Rose Oud &#8211; UFI exempt < 8%"}]},{"@type":"WebSite","@id":"https:\/\/luxurycandlesupplies.eu\/#website","url":"https:\/\/luxurycandlesupplies.eu\/","name":"Antwerpen Luxe Kaars Benodigdheden","description":"Verdeler van sojawas voor alle seizoenen","publisher":{"@id":"https:\/\/luxurycandlesupplies.eu\/#organization"},"potentialAction":[{"@type":"SearchAction","target":{"@type":"EntryPoint","urlTemplate":"https:\/\/luxurycandlesupplies.eu\/?s={search_term_string}"},"query-input":{"@type":"PropertyValueSpecification","valueRequired":true,"valueName":"search_term_string"}}],"inLanguage":"nl-NL"},{"@type":"Organization","@id":"https:\/\/luxurycandlesupplies.eu\/#organization","name":"Antwerpen Luxe Kaars Benodigdheden","url":"https:\/\/luxurycandlesupplies.eu\/","logo":{"@type":"ImageObject","inLanguage":"nl-NL","@id":"https:\/\/luxurycandlesupplies.eu\/#\/schema\/logo\/image\/","url":"https:\/\/luxurycandlesupplies.eu\/app\/uploads\/2022\/03\/antwerp-luxury-candle-supplies-1x.png","contentUrl":"https:\/\/luxurycandlesupplies.eu\/app\/uploads\/2022\/03\/antwerp-luxury-candle-supplies-1x.png","width":330,"height":60,"caption":"Antwerp Luxury Candle Supplies"},"image":{"@id":"https:\/\/luxurycandlesupplies.eu\/#\/schema\/logo\/image\/"},"sameAs":["https:\/\/www.facebook.com\/Antwerpluxurycandlesupplies\/","https:\/\/www.instagram.com\/antwerp_luxury_candle_supplies\/","https:\/\/pin.it\/7joOXRW"]}]}},"_links":{"self":[{"href":"https:\/\/luxurycandlesupplies.eu\/nl\/wp-json\/wp\/v2\/product\/22015","targetHints":{"allow":["GET"]}}],"collection":[{"href":"https:\/\/luxurycandlesupplies.eu\/nl\/wp-json\/wp\/v2\/product"}],"about":[{"href":"https:\/\/luxurycandlesupplies.eu\/nl\/wp-json\/wp\/v2\/types\/product"}],"wp:featuredmedia":[{"embeddable":true,"href":"https:\/\/luxurycandlesupplies.eu\/nl\/wp-json\/wp\/v2\/media\/22295"}],"wp:attachment":[{"href":"https:\/\/luxurycandlesupplies.eu\/nl\/wp-json\/wp\/v2\/media?parent=22015"}],"wp:term":[{"taxonomy":"product_brand","embeddable":true,"href":"https:\/\/luxurycandlesupplies.eu\/nl\/wp-json\/wp\/v2\/product_brand?post=22015"},{"taxonomy":"product_cat","embeddable":true,"href":"https:\/\/luxurycandlesupplies.eu\/nl\/wp-json\/wp\/v2\/product_cat?post=22015"},{"taxonomy":"product_tag","embeddable":true,"href":"https:\/\/luxurycandlesupplies.eu\/nl\/wp-json\/wp\/v2\/product_tag?post=22015"}],"curies":[{"name":"wp","href":"https:\/\/api.w.org\/{rel}","templated":true}]}}