{"id":29303,"date":"2026-04-11T15:55:38","date_gmt":"2026-04-11T13:55:38","guid":{"rendered":"https:\/\/luxurycandlesupplies.eu\/?post_type=product&#038;p=29303"},"modified":"2026-04-14T09:53:01","modified_gmt":"2026-04-14T07:53:01","slug":"kruidige-bossen-2","status":"publish","type":"product","link":"https:\/\/luxurycandlesupplies.eu\/nl\/product\/spicy-woods-2\/","title":{"rendered":"Kruidige bossen"},"content":{"rendered":"<h3>BESCHRIJVING<\/h3>\n<div><\/div>\n<h3><em><strong>Kruidige bossen<\/strong><\/em><\/h3>\n<p>&nbsp;<\/p>\n<p>De geur 'Spicy Woods' biedt een mix van zachte houtachtige geuren die voornamelijk afkomstig zijn van dennen en eucalyptus, aangevuld met krachtige noten van populaire specerijen zoals nootmuskaat, kaneel en kruidnagel.<\/p>\n<p>Deze combinatie geeft de geur van ous kruidige houtsoorten zijn warme, aangename mannelijke uitstraling.<\/p>\n<p>&nbsp;<\/p>\n<p>Topnoten: kaneelblaadjes - grapefruit - nootmuskaat<br \/>\nHartnoten: leer - eucalyptus - den<br \/>\nBasisnoten: patchoeli - cederhout<\/p>\n<p>&nbsp;<\/p>\n<p>&nbsp;<\/p>\n<h3>ONZE AANBEVELING<\/h3>\n<hr \/>\n<div>\n<p>Het gebruik van geurolie is afhankelijk van het product dat je gaat maken.<\/p>\n<p>Let op: De onderstaande waarden zijn slechts suggesties. We raden kaarsenmakers aan om steeds uitgebreid te testen voor optimale resultaten.<\/p>\n<p>Kaarsen: 6-10%<br \/>\nWaxmelts: 10-12%<\/p>\n<p>Roosters: 20-30%<\/p>\n<p>&nbsp;<\/p>\n<\/div>\n<h2>INFORMATIE OVER CLP EN SDS<\/h2>\n<hr \/>\n<p><a href=\"https:\/\/luxurycandlesupplies.eu\/app\/uploads\/2022\/01\/Spicy-Woods-SDS-1.pdf\">Kruidig hout - SDS 100%<\/a><\/p>\n<p><a href=\"https:\/\/luxurycandlesupplies.eu\/app\/uploads\/2022\/01\/Spicy-Woods-IFRA.pdf\">Kruidige bossen - IFRA<\/a><\/p>\n<p><a href=\"https:\/\/luxurycandlesupplies.eu\/app\/uploads\/2022\/01\/CLP-label-_-Spicy-woods-_-candle-8.pdf\">CLP-label _ Kruidig hout _ kaars 8%<\/a><\/p>\n<p>&nbsp;<\/p>\n<p>UFI: G0F0-N02G-H00A-NFA3<\/p>\n<p><img decoding=\"async\" class=\"alignnone wp-image-23489\" src=\"https:\/\/luxurycandlesupplies.eu\/app\/uploads\/2025\/07\/Danger-4-300x300.png\" alt=\"\" width=\"123\" height=\"123\" srcset=\"https:\/\/luxurycandlesupplies.eu\/app\/uploads\/2025\/07\/Danger-4-300x300.png 300w, https:\/\/luxurycandlesupplies.eu\/app\/uploads\/2025\/07\/Danger-4-1024x1024.png 1024w, https:\/\/luxurycandlesupplies.eu\/app\/uploads\/2025\/07\/Danger-4-150x150.png 150w, https:\/\/luxurycandlesupplies.eu\/app\/uploads\/2025\/07\/Danger-4-768x768.png 768w, https:\/\/luxurycandlesupplies.eu\/app\/uploads\/2025\/07\/Danger-4-12x12.png 12w, https:\/\/luxurycandlesupplies.eu\/app\/uploads\/2025\/07\/Danger-4-600x600.png 600w, https:\/\/luxurycandlesupplies.eu\/app\/uploads\/2025\/07\/Danger-4-100x100.png 100w, https:\/\/luxurycandlesupplies.eu\/app\/uploads\/2025\/07\/Danger-4.png 1080w\" sizes=\"(max-width: 123px) 100vw, 123px\" \/> <img decoding=\"async\" class=\"alignnone wp-image-23488\" src=\"https:\/\/luxurycandlesupplies.eu\/app\/uploads\/2025\/07\/Danger-3-300x300.png\" alt=\"\" width=\"123\" height=\"123\" srcset=\"https:\/\/luxurycandlesupplies.eu\/app\/uploads\/2025\/07\/Danger-3-300x300.png 300w, https:\/\/luxurycandlesupplies.eu\/app\/uploads\/2025\/07\/Danger-3-1024x1024.png 1024w, https:\/\/luxurycandlesupplies.eu\/app\/uploads\/2025\/07\/Danger-3-150x150.png 150w, https:\/\/luxurycandlesupplies.eu\/app\/uploads\/2025\/07\/Danger-3-768x768.png 768w, https:\/\/luxurycandlesupplies.eu\/app\/uploads\/2025\/07\/Danger-3-12x12.png 12w, https:\/\/luxurycandlesupplies.eu\/app\/uploads\/2025\/07\/Danger-3-600x600.png 600w, https:\/\/luxurycandlesupplies.eu\/app\/uploads\/2025\/07\/Danger-3-100x100.png 100w, https:\/\/luxurycandlesupplies.eu\/app\/uploads\/2025\/07\/Danger-3.png 1080w\" sizes=\"(max-width: 123px) 100vw, 123px\" \/><\/p>\n<p><strong>Kruidig bos NL<\/strong><\/p>\n<p>H315 Veroorzaakt huidirritatie. H317 Kan een allergische huidreactie veroorzaken. H319 Veroorzaakt<br \/>\nernstige oogirritatie. H411 Giftig voor in het water levende organismen, met langdurige gevolgen.<br \/>\nP261 Inademing van stof\/rook\/gas\/nevel\/damp\/spuitnevel vermijden. P280 Beschermende<br \/>\nhandschoenen\/beschermende kleding\/oogbescherming\/gelaatsbescherming dragen. P302+P352 BIJ<br \/>\nCONTACT MET DE HUID: met veel water en zeep wassen. P305+P351+P338 BIJ CONTACT MET DE<br \/>\nOGEN: voorzichtig afspoelen met water gedurende een aantal minuten; contactlenzen verwijderen,<br \/>\nindien mogelijk; blijven spoelen. P333+P313 Bij huidirritatie of uitslag: een kunst raadplegen.<br \/>\nP337+P313 Bij aanhoudende oogirritatie: een arts raadplegen. P501 Inhoud\/verpakking afvoeren<br \/>\nnaar een erkende afvalinzamelaar conform VLAREMA en OVAM-regelgeving.<\/p>\n<p>&nbsp;<\/p>\n<p><strong>Kruidig bos FR<\/strong><\/p>\n<p>H315 Kan huidirritatie veroorzaken. H317 Kan een allergische huidreactie veroorzaken. H319<br \/>\nVeroorzaakt ernstige irritatie van de ogen. H411 Giftig voor in het water levende organismen, veroorzaakt vergiftiging van de huid.<br \/>\nlangetermijneffecten. P261 Adem niet in.<br \/>\npoussi\u00e8res\/fum\u00e9es\/gaz\/brouillards\/vapeurs\/a\u00e9rosols. P280 Porter des gants de protection\/des<br \/>\nv\u00eatements de protection\/une protection des yeux\/du visage. P302+P352 IN GEVAL VAN CONTACT MET<br \/>\nLA PEAU : laver abondamment \u00e0 l'eau et au savon. P305+P351+P338 IN GEVAL VAN CONTACT MET LES<br \/>\nYEUX : spoel met voorzichtigheid in het water gedurende enkele minuten; verwijder indien mogelijk de lentilles;<br \/>\nBlijf spoelen. P333+P313 En cas d'irritation ou d'\u00e9ruption cutan\u00e9e : consulter un m\u00e9decin.<br \/>\nP337+P313 En cas d'irritation oculaire persistante : consulter un m\u00e9decin. P501 De inhoud verwijderen\/le<br \/>\nr\u00e9cipient via un collecteur de d\u00e9chets agr\u00e9\u00e9ment conform\u00e9ment \u00e0 la r\u00e9glementation VLAREMA et OVAM.<\/p>\n<p>&nbsp;<\/p>\n<p><strong>Kruidig Bos ENG<\/strong><\/p>\n<p>H315 Veroorzaakt huidirritatie. H317 Kan een allergische huidreactie veroorzaken. H319 Veroorzaakt ernstige oog<br \/>\nirritatie. H411 Giftig voor in het water levende organismen, met langdurige gevolgen. P261 Inademing vermijden<br \/>\nstof\/rook\/gas\/nevel\/damp\/spuitnevel. P280 Draag beschermende handschoenen\/beschermende kleding\/oogbescherming.<br \/>\nbescherming\/gelaatsbescherming. P302+P352 BIJ CONTACT MET DE HUID: met veel water en zeep wassen.<br \/>\nP305+P351+P338 BIJ CONTACT MET DE OGEN: voorzichtig afspoelen met water gedurende enkele minuten. Contactlenzen verwijderen<br \/>\nindien aanwezig en gemakkelijk te doen. Blijven spoelen. P333+P313 Als huidirritatie of huiduitslag optreedt: Een arts raadplegen<br \/>\nadvies. P337+P313 Indien oogirritatie aanhoudt: Medisch advies inwinnen. P501 Inhoud\/verpakking afvoeren<br \/>\nvia een erkende ophaler volgens de voorschriften van VLAREMA en OVAM.<\/p>","protected":false},"excerpt":{"rendered":"<h3><em><strong>Kruidige bossen<\/strong><\/em><\/h3>\n<p>&nbsp;<\/p>\n<p>De geur 'Spicy Woods' biedt een mix van zachte houtachtige geuren die voornamelijk afkomstig zijn van dennen en eucalyptus, aangevuld met krachtige noten van populaire specerijen zoals nootmuskaat, kaneel en kruidnagel.<\/p>\n<p>Deze combinatie geeft de geur van ous kruidige houtsoorten zijn warme, aangename mannelijke uitstraling.<\/p>\n<p>&nbsp;<\/p>\n<p>Topnoten: kaneelblaadjes - grapefruit - nootmuskaat<br \/>\nHartnoten: leer - eucalyptus - den<br \/>\nBasisnoten: patchoeli - cederhout<\/p>","protected":false},"featured_media":20762,"template":"","meta":{"_acf_changed":false,"site-sidebar-layout":"default","site-content-layout":"default","ast-site-content-layout":"default","site-content-style":"default","site-sidebar-style":"default","ast-global-header-display":"","ast-banner-title-visibility":"","ast-main-header-display":"","ast-hfb-above-header-display":"","ast-hfb-below-header-display":"","ast-hfb-mobile-header-display":"","site-post-title":"","ast-breadcrumbs-content":"","ast-featured-img":"","footer-sml-layout":"","ast-disable-related-posts":"","theme-transparent-header-meta":"default","adv-header-id-meta":"","stick-header-meta":"","header-above-stick-meta":"","header-main-stick-meta":"","header-below-stick-meta":"","astra-migrate-meta-layouts":"set","ast-page-background-enabled":"default","ast-page-background-meta":{"desktop":{"background-color":"","background-image":"","background-repeat":"repeat","background-position":"center center","background-size":"auto","background-attachment":"scroll","background-type":"","background-media":"","overlay-type":"","overlay-color":"","overlay-opacity":"","overlay-gradient":""},"tablet":{"background-color":"","background-image":"","background-repeat":"repeat","background-position":"center center","background-size":"auto","background-attachment":"scroll","background-type":"","background-media":"","overlay-type":"","overlay-color":"","overlay-opacity":"","overlay-gradient":""},"mobile":{"background-color":"","background-image":"","background-repeat":"repeat","background-position":"center center","background-size":"auto","background-attachment":"scroll","background-type":"","background-media":"","overlay-type":"","overlay-color":"","overlay-opacity":"","overlay-gradient":""}},"ast-content-background-meta":{"desktop":{"background-color":"var(--ast-global-color-5)","background-image":"","background-repeat":"repeat","background-position":"center center","background-size":"auto","background-attachment":"scroll","background-type":"","background-media":"","overlay-type":"","overlay-color":"","overlay-opacity":"","overlay-gradient":""},"tablet":{"background-color":"var(--ast-global-color-5)","background-image":"","background-repeat":"repeat","background-position":"center center","background-size":"auto","background-attachment":"scroll","background-type":"","background-media":"","overlay-type":"","overlay-color":"","overlay-opacity":"","overlay-gradient":""},"mobile":{"background-color":"var(--ast-global-color-5)","background-image":"","background-repeat":"repeat","background-position":"center center","background-size":"auto","background-attachment":"scroll","background-type":"","background-media":"","overlay-type":"","overlay-color":"","overlay-opacity":"","overlay-gradient":""}}},"product_brand":[],"product_cat":[25],"product_tag":[29,26,19,59,28,57,31,58,23,30,20,450,464,27,22],"class_list":{"0":"post-29303","1":"product","2":"type-product","3":"status-publish","4":"has-post-thumbnail","6":"product_cat-fragrances","7":"product_tag-a05-wax","8":"product_tag-a27-wax","9":"product_tag-all-seasons-wax","10":"product_tag-christmas","11":"product_tag-cocosoy","12":"product_tag-fragrances","13":"product_tag-m12-wax","14":"product_tag-mulled-wine","15":"product_tag-s100-wax","16":"product_tag-s16-wax","17":"product_tag-soy-wax","18":"product_tag-spicy","19":"product_tag-spicy-woods","20":"product_tag-vegan-wax","21":"product_tag-wax","22":"desktop-align-left","23":"tablet-align-left","24":"mobile-align-left","25":"ast-product-gallery-layout-horizontal-slider","26":"ast-product-gallery-with-no-image","27":"ast-product-single-variable","28":"ast-product-tabs-layout-horizontal","30":"first","31":"instock","32":"taxable","33":"shipping-taxable","34":"purchasable","35":"product-type-variable"},"acf":[],"yoast_head":"<title>Spicy Woods - Antwerp Luxury Candle Supplies<\/title>\n<meta name=\"robots\" content=\"index, follow, max-snippet:-1, max-image-preview:large, max-video-preview:-1\" \/>\n<link rel=\"canonical\" href=\"https:\/\/luxurycandlesupplies.eu\/nl\/product\/kruidige-bossen-2\/\" \/>\n<meta property=\"og:locale\" content=\"nl_NL\" \/>\n<meta property=\"og:type\" content=\"article\" \/>\n<meta property=\"og:title\" content=\"Spicy Woods - Antwerp Luxury Candle Supplies\" \/>\n<meta property=\"og:description\" content=\"Spicy Woods &nbsp;  &#039;Spicy Woods&#039; fragrance offers a blend of soft woody fragrances derived mainly from pine and eucalyptus, topped with bold notes from popular spices such as nutmeg, cinnamon, and cloves.  This combination gives ous spicy woods fragrance its warm, pleasant masculine aura.  &nbsp;  Top notes: cinnamon leaves - grapefruit - nutmeg Middle notes: leather - eucalyptus - pine Base notes: patchouli - cedarwood\" \/>\n<meta property=\"og:url\" content=\"https:\/\/luxurycandlesupplies.eu\/nl\/product\/kruidige-bossen-2\/\" \/>\n<meta property=\"og:site_name\" content=\"Antwerp Luxury Candle Supplies\" \/>\n<meta property=\"article:publisher\" content=\"https:\/\/www.facebook.com\/Antwerpluxurycandlesupplies\/\" \/>\n<meta property=\"article:modified_time\" content=\"2026-04-14T07:53:01+00:00\" \/>\n<meta property=\"og:image\" content=\"https:\/\/luxurycandlesupplies.eu\/app\/uploads\/2022\/01\/1.jpg\" \/>\n\t<meta property=\"og:image:width\" content=\"1080\" \/>\n\t<meta property=\"og:image:height\" content=\"1080\" \/>\n\t<meta property=\"og:image:type\" content=\"image\/jpeg\" \/>\n<meta name=\"twitter:card\" content=\"summary_large_image\" \/>\n<meta name=\"twitter:label1\" content=\"Geschatte leestijd\" \/>\n\t<meta name=\"twitter:data1\" content=\"3 minuten\" \/>\n<script type=\"application\/ld+json\" class=\"yoast-schema-graph\">{\"@context\":\"https:\\\/\\\/schema.org\",\"@graph\":[{\"@type\":\"WebPage\",\"@id\":\"https:\\\/\\\/luxurycandlesupplies.eu\\\/product\\\/spicy-woods-2\\\/\",\"url\":\"https:\\\/\\\/luxurycandlesupplies.eu\\\/product\\\/spicy-woods-2\\\/\",\"name\":\"Spicy Woods - Antwerp Luxury Candle Supplies\",\"isPartOf\":{\"@id\":\"https:\\\/\\\/luxurycandlesupplies.eu\\\/#website\"},\"primaryImageOfPage\":{\"@id\":\"https:\\\/\\\/luxurycandlesupplies.eu\\\/product\\\/spicy-woods-2\\\/#primaryimage\"},\"image\":{\"@id\":\"https:\\\/\\\/luxurycandlesupplies.eu\\\/product\\\/spicy-woods-2\\\/#primaryimage\"},\"thumbnailUrl\":\"https:\\\/\\\/luxurycandlesupplies.eu\\\/app\\\/uploads\\\/2022\\\/01\\\/1.jpg\",\"datePublished\":\"2026-04-11T13:55:38+00:00\",\"dateModified\":\"2026-04-14T07:53:01+00:00\",\"breadcrumb\":{\"@id\":\"https:\\\/\\\/luxurycandlesupplies.eu\\\/product\\\/spicy-woods-2\\\/#breadcrumb\"},\"inLanguage\":\"nl-NL\",\"potentialAction\":[{\"@type\":\"ReadAction\",\"target\":[\"https:\\\/\\\/luxurycandlesupplies.eu\\\/product\\\/spicy-woods-2\\\/\"]}]},{\"@type\":\"ImageObject\",\"inLanguage\":\"nl-NL\",\"@id\":\"https:\\\/\\\/luxurycandlesupplies.eu\\\/product\\\/spicy-woods-2\\\/#primaryimage\",\"url\":\"https:\\\/\\\/luxurycandlesupplies.eu\\\/app\\\/uploads\\\/2022\\\/01\\\/1.jpg\",\"contentUrl\":\"https:\\\/\\\/luxurycandlesupplies.eu\\\/app\\\/uploads\\\/2022\\\/01\\\/1.jpg\",\"width\":1080,\"height\":1080},{\"@type\":\"BreadcrumbList\",\"@id\":\"https:\\\/\\\/luxurycandlesupplies.eu\\\/product\\\/spicy-woods-2\\\/#breadcrumb\",\"itemListElement\":[{\"@type\":\"ListItem\",\"position\":1,\"name\":\"Home\",\"item\":\"https:\\\/\\\/luxurycandlesupplies.eu\\\/\"},{\"@type\":\"ListItem\",\"position\":2,\"name\":\"Shop\",\"item\":\"https:\\\/\\\/luxurycandlesupplies.eu\\\/shop\\\/\"},{\"@type\":\"ListItem\",\"position\":3,\"name\":\"Spicy Woods\"}]},{\"@type\":\"WebSite\",\"@id\":\"https:\\\/\\\/luxurycandlesupplies.eu\\\/#website\",\"url\":\"https:\\\/\\\/luxurycandlesupplies.eu\\\/\",\"name\":\"Antwerp Luxury Candle Supplies\",\"description\":\"Distributor of all seasons soy wax\",\"publisher\":{\"@id\":\"https:\\\/\\\/luxurycandlesupplies.eu\\\/#organization\"},\"potentialAction\":[{\"@type\":\"SearchAction\",\"target\":{\"@type\":\"EntryPoint\",\"urlTemplate\":\"https:\\\/\\\/luxurycandlesupplies.eu\\\/?s={search_term_string}\"},\"query-input\":{\"@type\":\"PropertyValueSpecification\",\"valueRequired\":true,\"valueName\":\"search_term_string\"}}],\"inLanguage\":\"nl-NL\"},{\"@type\":\"Organization\",\"@id\":\"https:\\\/\\\/luxurycandlesupplies.eu\\\/#organization\",\"name\":\"Antwerp Luxury Candle Supplies\",\"url\":\"https:\\\/\\\/luxurycandlesupplies.eu\\\/\",\"logo\":{\"@type\":\"ImageObject\",\"inLanguage\":\"nl-NL\",\"@id\":\"https:\\\/\\\/luxurycandlesupplies.eu\\\/#\\\/schema\\\/logo\\\/image\\\/\",\"url\":\"https:\\\/\\\/luxurycandlesupplies.eu\\\/app\\\/uploads\\\/2022\\\/03\\\/antwerp-luxury-candle-supplies-1x.png\",\"contentUrl\":\"https:\\\/\\\/luxurycandlesupplies.eu\\\/app\\\/uploads\\\/2022\\\/03\\\/antwerp-luxury-candle-supplies-1x.png\",\"width\":330,\"height\":60,\"caption\":\"Antwerp Luxury Candle Supplies\"},\"image\":{\"@id\":\"https:\\\/\\\/luxurycandlesupplies.eu\\\/#\\\/schema\\\/logo\\\/image\\\/\"},\"sameAs\":[\"https:\\\/\\\/www.facebook.com\\\/Antwerpluxurycandlesupplies\\\/\",\"https:\\\/\\\/www.instagram.com\\\/antwerp_luxury_candle_supplies\\\/\",\"https:\\\/\\\/pin.it\\\/7joOXRW\"]}]}<\/script>","yoast_head_json":{"title":"Spicy Woods - Antwerpen Luxe Kaars Benodigdheden","robots":{"index":"index","follow":"follow","max-snippet":"max-snippet:-1","max-image-preview":"max-image-preview:large","max-video-preview":"max-video-preview:-1"},"canonical":"https:\/\/luxurycandlesupplies.eu\/nl\/product\/kruidige-bossen-2\/","og_locale":"nl_NL","og_type":"article","og_title":"Spicy Woods - Antwerp Luxury Candle Supplies","og_description":"Spicy Woods &nbsp;  'Spicy Woods' fragrance offers a blend of soft woody fragrances derived mainly from pine and eucalyptus, topped with bold notes from popular spices such as nutmeg, cinnamon, and cloves.  This combination gives ous spicy woods fragrance its warm, pleasant masculine aura.  &nbsp;  Top notes: cinnamon leaves - grapefruit - nutmeg Middle notes: leather - eucalyptus - pine Base notes: patchouli - cedarwood","og_url":"https:\/\/luxurycandlesupplies.eu\/nl\/product\/kruidige-bossen-2\/","og_site_name":"Antwerp Luxury Candle Supplies","article_publisher":"https:\/\/www.facebook.com\/Antwerpluxurycandlesupplies\/","article_modified_time":"2026-04-14T07:53:01+00:00","og_image":[{"width":1080,"height":1080,"url":"https:\/\/luxurycandlesupplies.eu\/app\/uploads\/2022\/01\/1.jpg","type":"image\/jpeg"}],"twitter_card":"summary_large_image","twitter_misc":{"Geschatte leestijd":"3 minuten"},"schema":{"@context":"https:\/\/schema.org","@graph":[{"@type":"WebPage","@id":"https:\/\/luxurycandlesupplies.eu\/product\/spicy-woods-2\/","url":"https:\/\/luxurycandlesupplies.eu\/product\/spicy-woods-2\/","name":"Spicy Woods - Antwerpen Luxe Kaars Benodigdheden","isPartOf":{"@id":"https:\/\/luxurycandlesupplies.eu\/#website"},"primaryImageOfPage":{"@id":"https:\/\/luxurycandlesupplies.eu\/product\/spicy-woods-2\/#primaryimage"},"image":{"@id":"https:\/\/luxurycandlesupplies.eu\/product\/spicy-woods-2\/#primaryimage"},"thumbnailUrl":"https:\/\/luxurycandlesupplies.eu\/app\/uploads\/2022\/01\/1.jpg","datePublished":"2026-04-11T13:55:38+00:00","dateModified":"2026-04-14T07:53:01+00:00","breadcrumb":{"@id":"https:\/\/luxurycandlesupplies.eu\/product\/spicy-woods-2\/#breadcrumb"},"inLanguage":"nl-NL","potentialAction":[{"@type":"ReadAction","target":["https:\/\/luxurycandlesupplies.eu\/product\/spicy-woods-2\/"]}]},{"@type":"ImageObject","inLanguage":"nl-NL","@id":"https:\/\/luxurycandlesupplies.eu\/product\/spicy-woods-2\/#primaryimage","url":"https:\/\/luxurycandlesupplies.eu\/app\/uploads\/2022\/01\/1.jpg","contentUrl":"https:\/\/luxurycandlesupplies.eu\/app\/uploads\/2022\/01\/1.jpg","width":1080,"height":1080},{"@type":"BreadcrumbList","@id":"https:\/\/luxurycandlesupplies.eu\/product\/spicy-woods-2\/#breadcrumb","itemListElement":[{"@type":"ListItem","position":1,"name":"Home","item":"https:\/\/luxurycandlesupplies.eu\/"},{"@type":"ListItem","position":2,"name":"Shop","item":"https:\/\/luxurycandlesupplies.eu\/shop\/"},{"@type":"ListItem","position":3,"name":"Spicy Woods"}]},{"@type":"WebSite","@id":"https:\/\/luxurycandlesupplies.eu\/#website","url":"https:\/\/luxurycandlesupplies.eu\/","name":"Antwerpen Luxe Kaars Benodigdheden","description":"Verdeler van sojawas voor alle seizoenen","publisher":{"@id":"https:\/\/luxurycandlesupplies.eu\/#organization"},"potentialAction":[{"@type":"SearchAction","target":{"@type":"EntryPoint","urlTemplate":"https:\/\/luxurycandlesupplies.eu\/?s={search_term_string}"},"query-input":{"@type":"PropertyValueSpecification","valueRequired":true,"valueName":"search_term_string"}}],"inLanguage":"nl-NL"},{"@type":"Organization","@id":"https:\/\/luxurycandlesupplies.eu\/#organization","name":"Antwerpen Luxe Kaars Benodigdheden","url":"https:\/\/luxurycandlesupplies.eu\/","logo":{"@type":"ImageObject","inLanguage":"nl-NL","@id":"https:\/\/luxurycandlesupplies.eu\/#\/schema\/logo\/image\/","url":"https:\/\/luxurycandlesupplies.eu\/app\/uploads\/2022\/03\/antwerp-luxury-candle-supplies-1x.png","contentUrl":"https:\/\/luxurycandlesupplies.eu\/app\/uploads\/2022\/03\/antwerp-luxury-candle-supplies-1x.png","width":330,"height":60,"caption":"Antwerp Luxury Candle Supplies"},"image":{"@id":"https:\/\/luxurycandlesupplies.eu\/#\/schema\/logo\/image\/"},"sameAs":["https:\/\/www.facebook.com\/Antwerpluxurycandlesupplies\/","https:\/\/www.instagram.com\/antwerp_luxury_candle_supplies\/","https:\/\/pin.it\/7joOXRW"]}]}},"_links":{"self":[{"href":"https:\/\/luxurycandlesupplies.eu\/nl\/wp-json\/wp\/v2\/product\/29303","targetHints":{"allow":["GET"]}}],"collection":[{"href":"https:\/\/luxurycandlesupplies.eu\/nl\/wp-json\/wp\/v2\/product"}],"about":[{"href":"https:\/\/luxurycandlesupplies.eu\/nl\/wp-json\/wp\/v2\/types\/product"}],"wp:featuredmedia":[{"embeddable":true,"href":"https:\/\/luxurycandlesupplies.eu\/nl\/wp-json\/wp\/v2\/media\/20762"}],"wp:attachment":[{"href":"https:\/\/luxurycandlesupplies.eu\/nl\/wp-json\/wp\/v2\/media?parent=29303"}],"wp:term":[{"taxonomy":"product_brand","embeddable":true,"href":"https:\/\/luxurycandlesupplies.eu\/nl\/wp-json\/wp\/v2\/product_brand?post=29303"},{"taxonomy":"product_cat","embeddable":true,"href":"https:\/\/luxurycandlesupplies.eu\/nl\/wp-json\/wp\/v2\/product_cat?post=29303"},{"taxonomy":"product_tag","embeddable":true,"href":"https:\/\/luxurycandlesupplies.eu\/nl\/wp-json\/wp\/v2\/product_tag?post=29303"}],"curies":[{"name":"wp","href":"https:\/\/api.w.org\/{rel}","templated":true}]}}