{"id":29870,"date":"2026-04-24T15:13:07","date_gmt":"2026-04-24T13:13:07","guid":{"rendered":"https:\/\/luxurycandlesupplies.eu\/?post_type=product&#038;p=29870"},"modified":"2026-04-24T15:16:49","modified_gmt":"2026-04-24T13:16:49","slug":"oudh-patchoeli-_-ufi-vrijgesteld","status":"publish","type":"product","link":"https:\/\/luxurycandlesupplies.eu\/nl\/product\/oudh-patchouli-_-ufi-exempt\/","title":{"rendered":"Oudh &amp; Patchouli _ UFI vrijgesteld <10%"},"content":{"rendered":"<h3>BESCHRIJVING<\/h3>\n<p>&nbsp;<\/p>\n<div class=\"page\" title=\"Pagina 5\">\n<div class=\"layoutArea\">\n<div class=\"column\">\n<h2><strong><em>Oudh &amp; Patchouli<\/em><\/strong><\/h2>\n<p>&nbsp;<\/p>\n<p>Deze geur heeft intense noten van oudh met de kruidige geur van patchoeli.<\/p>\n<p>Oudh &amp; Patchouli verjongt de stemming en cre\u00ebert een langdurige indruk van oud en aromatische houtsoorten die een intense aardse geur cre\u00ebren.<\/p>\n<p>&nbsp;<\/p>\n<\/div>\n<\/div>\n<\/div>\n<p><strong>Top:<\/strong> Agarhout en berkenteer<\/p>\n<p><strong>Hart:<\/strong> Palmarosa &amp; Patchouli<\/p>\n<p><strong>Basis:<\/strong> Vetiver &amp; Ceder<\/p>\n<p>&nbsp;<\/p>\n<p>&nbsp;<\/p>\n<h3>ONZE AANBEVELING<\/h3>\n<hr \/>\n<div>\n<p>Het gebruik van geurolie is afhankelijk van het product dat je gaat maken.<\/p>\n<p>Let op: De onderstaande waarden zijn slechts suggesties. We raden kaarsenmakers aan om steeds uitgebreid te testen voor optimale resultaten.<\/p>\n<p>Kaarsen: 6-10%, UFI vrij max 10%<br \/>\nWaxmelts: 10-12%<\/p>\n<\/div>\n<h2><\/h2>\n<h3>INFORMATIE OVER CLP EN SDS<\/h3>\n<hr \/>\n<div>\n<p><a href=\"https:\/\/luxurycandlesupplies.eu\/app\/uploads\/2023\/11\/CLP-label-_-Oud-Patchouli_-candle-10_Free-of-UFI.pdf\">CLP label _ Oud &amp; Patchouli_ kaars 10%\/Vrij van UFI<\/a><\/p>\n<p><a href=\"https:\/\/luxurycandlesupplies.eu\/app\/uploads\/2023\/11\/CLP-label-_-diffuser-Oud-Patchouli-1087.pdf\">CLP label _ verspreider Oud &amp; Patchouli 10,87%<\/a><\/p>\n<\/div>\n<p><a href=\"https:\/\/luxurycandlesupplies.eu\/app\/uploads\/2023\/11\/CLP-label-_-Oud-Patchouli_-candle-8-1.pdf\">CLP label _ Oud &amp; Patchouli_ kaars 8%<\/a><\/p>\n<p><a href=\"https:\/\/luxurycandlesupplies.eu\/app\/uploads\/2023\/11\/Oudh-Patchouli-SDS-100.pdf\">Oudh &amp; Patchouli SDS 100%<\/a><\/p>\n<p><a href=\"https:\/\/luxurycandlesupplies.eu\/app\/uploads\/2023\/11\/Oudh-Patchouli-IFRA-1.pdf\">Oudh &amp; Patchouli IFRA<\/a><\/p>\n<p>&nbsp;<\/p>\n<p>UFI: V7E0-20UW-R00V-QD2H<\/p>\n<p><img decoding=\"async\" class=\"alignnone wp-image-23489\" src=\"https:\/\/luxurycandlesupplies.eu\/app\/uploads\/2025\/07\/Danger-4-300x300.png\" alt=\"\" width=\"122\" height=\"122\" srcset=\"https:\/\/luxurycandlesupplies.eu\/app\/uploads\/2025\/07\/Danger-4-300x300.png 300w, https:\/\/luxurycandlesupplies.eu\/app\/uploads\/2025\/07\/Danger-4-1024x1024.png 1024w, https:\/\/luxurycandlesupplies.eu\/app\/uploads\/2025\/07\/Danger-4-150x150.png 150w, https:\/\/luxurycandlesupplies.eu\/app\/uploads\/2025\/07\/Danger-4-768x768.png 768w, https:\/\/luxurycandlesupplies.eu\/app\/uploads\/2025\/07\/Danger-4-12x12.png 12w, https:\/\/luxurycandlesupplies.eu\/app\/uploads\/2025\/07\/Danger-4-600x600.png 600w, https:\/\/luxurycandlesupplies.eu\/app\/uploads\/2025\/07\/Danger-4-100x100.png 100w, https:\/\/luxurycandlesupplies.eu\/app\/uploads\/2025\/07\/Danger-4.png 1080w\" sizes=\"(max-width: 122px) 100vw, 122px\" \/> <img decoding=\"async\" class=\"alignnone wp-image-23488\" src=\"https:\/\/luxurycandlesupplies.eu\/app\/uploads\/2025\/07\/Danger-3-300x300.png\" alt=\"\" width=\"123\" height=\"123\" srcset=\"https:\/\/luxurycandlesupplies.eu\/app\/uploads\/2025\/07\/Danger-3-300x300.png 300w, https:\/\/luxurycandlesupplies.eu\/app\/uploads\/2025\/07\/Danger-3-1024x1024.png 1024w, https:\/\/luxurycandlesupplies.eu\/app\/uploads\/2025\/07\/Danger-3-150x150.png 150w, https:\/\/luxurycandlesupplies.eu\/app\/uploads\/2025\/07\/Danger-3-768x768.png 768w, https:\/\/luxurycandlesupplies.eu\/app\/uploads\/2025\/07\/Danger-3-12x12.png 12w, https:\/\/luxurycandlesupplies.eu\/app\/uploads\/2025\/07\/Danger-3-600x600.png 600w, https:\/\/luxurycandlesupplies.eu\/app\/uploads\/2025\/07\/Danger-3-100x100.png 100w, https:\/\/luxurycandlesupplies.eu\/app\/uploads\/2025\/07\/Danger-3.png 1080w\" sizes=\"(max-width: 123px) 100vw, 123px\" \/><\/p>\n<p><strong>Oudh &amp; Patchouli NL<\/strong><\/p>\n<p>H315 Veroorzaakt huidirritatie. H319 Veroorzaakt ernstige oogirritatie. H317 Kan een allergische<br \/>\nhuidreactie veroorzaken. H410 Zeer giftig voor in het water levende organismen, met langdurige<br \/>\ngevolgen. P264 Na het werken met dit product aangetaste gebieden grondig wassen. P280<br \/>\nBeschermende handschoenen\/beschermende kleding\/oogbescherming\/gelaatsbescherming dragen.<br \/>\nP261 Inademing van stof\/rook\/gas\/nevel\/damp\/spuitnevel vermijden. P333+P313 Bij huidirritatie of<br \/>\nuitslag: een kunst raadplegen. P273 Voorkom lozing in het milieu. P391 Gelekte\/gemorste stof<br \/>\nopruimen.<\/p>\n<p>&nbsp;<\/p>\n<p><strong>Oudh &amp; Patchouli FR<\/strong><\/p>\n<p>H315 Provoque une irritation cutan\u00e9e. H319 Provoque une irritation s\u00e9v\u00e8re des yeux. H317 Kan<br \/>\nprovoquer une r\u00e9action allergique cutan\u00e9e. H410 Zeer giftig voor in het water levende organismen,<br \/>\nop de lange termijn niet snelle effecten teweegbrengt. P264 Lavez soigneusement les zones touch\u00e9es apr\u00e8s<br \/>\nmanipulatie. P280 Porter des gants de protection\/des v\u00eatements de protection\/une protection des<br \/>\nyeux\/du visage. P261 Vermijd het inademen van poussi\u00e8res\/fum\u00e9es\/gaz\/brouillards\/vapeurs\/a\u00e9rosols.<br \/>\nP333+P313 En cas d'irritation ou d'\u00e9ruption cutan\u00e9e : consulter un m\u00e9decin. P273 Vermijd rejet dans<br \/>\nl'environnement. P391 De achtergebleven stof verwijderen.<\/p>\n<p>&nbsp;<\/p>\n<p><strong>Oudh &amp; Patchouli ENG<\/strong><\/p>\n<p>H315 Veroorzaakt huidirritatie. H319 Veroorzaakt ernstige oogirritatie. H317 Kan een allergische huid veroorzaken<br \/>\nreactie. H410 Zeer giftig voor in het water levende organismen, met langdurige gevolgen. P264 Na gebruik grondig wassen.<br \/>\nhantering. P280 Beschermende handschoenen\/beschermende kleding\/oogbescherming\/gelaatsbescherming dragen. P261 Vermijd<br \/>\nstof\/rook\/gas\/nevel\/damp\/spuitnevel inademen. P333+P313 Als huidirritatie of huiduitslag optreedt: Een arts raadplegen<br \/>\nadvies. P273 Voorkom lozing in het milieu. P391 Gemorst product opvangen.<\/p>","protected":false},"excerpt":{"rendered":"<p>DESCRIPTION &nbsp; Oudh &amp; Patchouli &nbsp; This fragrance has intense notes of oudh with the spicy scent of patchouli. Oudh &amp; Patchouli rejuvenates the mood and creates a long-lasting impression of oud and aromatic woods creating an intense earthy fragrance. &nbsp; Top: Agarwood &amp; Birch Tar Heart: Palmarosa &amp; Patchouli Base: Vetiver &amp; Cedar &nbsp; [&hellip;]<\/p>\n","protected":false},"featured_media":13812,"template":"","meta":{"_acf_changed":false,"site-sidebar-layout":"default","site-content-layout":"default","ast-site-content-layout":"default","site-content-style":"default","site-sidebar-style":"default","ast-global-header-display":"","ast-banner-title-visibility":"","ast-main-header-display":"","ast-hfb-above-header-display":"","ast-hfb-below-header-display":"","ast-hfb-mobile-header-display":"","site-post-title":"","ast-breadcrumbs-content":"","ast-featured-img":"","footer-sml-layout":"","ast-disable-related-posts":"","theme-transparent-header-meta":"default","adv-header-id-meta":"","stick-header-meta":"","header-above-stick-meta":"","header-main-stick-meta":"","header-below-stick-meta":"","astra-migrate-meta-layouts":"set","ast-page-background-enabled":"default","ast-page-background-meta":{"desktop":{"background-color":"","background-image":"","background-repeat":"repeat","background-position":"center center","background-size":"auto","background-attachment":"scroll","background-type":"","background-media":"","overlay-type":"","overlay-color":"","overlay-opacity":"","overlay-gradient":""},"tablet":{"background-color":"","background-image":"","background-repeat":"repeat","background-position":"center center","background-size":"auto","background-attachment":"scroll","background-type":"","background-media":"","overlay-type":"","overlay-color":"","overlay-opacity":"","overlay-gradient":""},"mobile":{"background-color":"","background-image":"","background-repeat":"repeat","background-position":"center center","background-size":"auto","background-attachment":"scroll","background-type":"","background-media":"","overlay-type":"","overlay-color":"","overlay-opacity":"","overlay-gradient":""}},"ast-content-background-meta":{"desktop":{"background-color":"var(--ast-global-color-5)","background-image":"","background-repeat":"repeat","background-position":"center center","background-size":"auto","background-attachment":"scroll","background-type":"","background-media":"","overlay-type":"","overlay-color":"","overlay-opacity":"","overlay-gradient":""},"tablet":{"background-color":"var(--ast-global-color-5)","background-image":"","background-repeat":"repeat","background-position":"center center","background-size":"auto","background-attachment":"scroll","background-type":"","background-media":"","overlay-type":"","overlay-color":"","overlay-opacity":"","overlay-gradient":""},"mobile":{"background-color":"var(--ast-global-color-5)","background-image":"","background-repeat":"repeat","background-position":"center center","background-size":"auto","background-attachment":"scroll","background-type":"","background-media":"","overlay-type":"","overlay-color":"","overlay-opacity":"","overlay-gradient":""}}},"product_brand":[],"product_cat":[25,1681],"product_tag":[29,26,19,28,281,31,1420,1421,23,30,435,20,27,22,321],"class_list":{"0":"post-29870","1":"product","2":"type-product","3":"status-publish","4":"has-post-thumbnail","6":"product_cat-fragrances","7":"product_cat-fragrances-ufi-exempt","8":"product_tag-a05-wax","9":"product_tag-a27-wax","10":"product_tag-all-seasons-wax","11":"product_tag-cocosoy","12":"product_tag-fragrance","13":"product_tag-m12-wax","14":"product_tag-oudh","15":"product_tag-patchouli","16":"product_tag-s100-wax","17":"product_tag-s16-wax","18":"product_tag-sandalwood","19":"product_tag-soy-wax","20":"product_tag-vegan-wax","21":"product_tag-wax","22":"product_tag-wood","23":"desktop-align-left","24":"tablet-align-left","25":"mobile-align-left","26":"ast-product-gallery-layout-horizontal-slider","27":"ast-product-gallery-with-no-image","28":"ast-product-single-variable","29":"ast-product-tabs-layout-horizontal","31":"first","32":"instock","33":"taxable","34":"shipping-taxable","35":"purchasable","36":"product-type-variable"},"acf":[],"yoast_head":"<title>Oudh &amp; Patchouli _ UFI exempt<\/title>\n<meta name=\"robots\" content=\"index, follow, max-snippet:-1, max-image-preview:large, max-video-preview:-1\" \/>\n<link rel=\"canonical\" href=\"https:\/\/luxurycandlesupplies.eu\/nl\/product\/oudh-patchoeli-_-ufi-vrijgesteld\/\" \/>\n<meta property=\"og:locale\" content=\"nl_NL\" \/>\n<meta property=\"og:type\" content=\"article\" \/>\n<meta property=\"og:title\" content=\"Oudh &amp; Patchouli _ UFI exempt\" \/>\n<meta property=\"og:description\" content=\"DESCRIPTION &nbsp; Oudh &amp; Patchouli &nbsp; This fragrance has intense notes of oudh with the spicy scent of patchouli. Oudh &amp; Patchouli rejuvenates the mood and creates a long-lasting impression of oud and aromatic woods creating an intense earthy fragrance. &nbsp; Top: Agarwood &amp; Birch Tar Heart: Palmarosa &amp; Patchouli Base: Vetiver &amp; Cedar &nbsp; [&hellip;]\" \/>\n<meta property=\"og:url\" content=\"https:\/\/luxurycandlesupplies.eu\/nl\/product\/oudh-patchoeli-_-ufi-vrijgesteld\/\" \/>\n<meta property=\"og:site_name\" content=\"Antwerp Luxury Candle Supplies\" \/>\n<meta property=\"article:publisher\" content=\"https:\/\/www.facebook.com\/Antwerpluxurycandlesupplies\/\" \/>\n<meta property=\"article:modified_time\" content=\"2026-04-24T13:16:49+00:00\" \/>\n<meta property=\"og:image\" content=\"https:\/\/luxurycandlesupplies.eu\/app\/uploads\/2023\/11\/Ontwerp-zonder-titel.jpg\" \/>\n\t<meta property=\"og:image:width\" content=\"1080\" \/>\n\t<meta property=\"og:image:height\" content=\"1080\" \/>\n\t<meta property=\"og:image:type\" content=\"image\/jpeg\" \/>\n<meta name=\"twitter:card\" content=\"summary_large_image\" \/>\n<meta name=\"twitter:label1\" content=\"Geschatte leestijd\" \/>\n\t<meta name=\"twitter:data1\" content=\"3 minuten\" \/>\n<script type=\"application\/ld+json\" class=\"yoast-schema-graph\">{\"@context\":\"https:\\\/\\\/schema.org\",\"@graph\":[{\"@type\":\"WebPage\",\"@id\":\"https:\\\/\\\/luxurycandlesupplies.eu\\\/product\\\/oudh-patchouli-_-ufi-exempt\\\/\",\"url\":\"https:\\\/\\\/luxurycandlesupplies.eu\\\/product\\\/oudh-patchouli-_-ufi-exempt\\\/\",\"name\":\"Oudh & Patchouli _ UFI exempt\",\"isPartOf\":{\"@id\":\"https:\\\/\\\/luxurycandlesupplies.eu\\\/#website\"},\"primaryImageOfPage\":{\"@id\":\"https:\\\/\\\/luxurycandlesupplies.eu\\\/product\\\/oudh-patchouli-_-ufi-exempt\\\/#primaryimage\"},\"image\":{\"@id\":\"https:\\\/\\\/luxurycandlesupplies.eu\\\/product\\\/oudh-patchouli-_-ufi-exempt\\\/#primaryimage\"},\"thumbnailUrl\":\"https:\\\/\\\/luxurycandlesupplies.eu\\\/app\\\/uploads\\\/2023\\\/11\\\/Ontwerp-zonder-titel.jpg\",\"datePublished\":\"2026-04-24T13:13:07+00:00\",\"dateModified\":\"2026-04-24T13:16:49+00:00\",\"breadcrumb\":{\"@id\":\"https:\\\/\\\/luxurycandlesupplies.eu\\\/product\\\/oudh-patchouli-_-ufi-exempt\\\/#breadcrumb\"},\"inLanguage\":\"nl-NL\",\"potentialAction\":[{\"@type\":\"ReadAction\",\"target\":[\"https:\\\/\\\/luxurycandlesupplies.eu\\\/product\\\/oudh-patchouli-_-ufi-exempt\\\/\"]}]},{\"@type\":\"ImageObject\",\"inLanguage\":\"nl-NL\",\"@id\":\"https:\\\/\\\/luxurycandlesupplies.eu\\\/product\\\/oudh-patchouli-_-ufi-exempt\\\/#primaryimage\",\"url\":\"https:\\\/\\\/luxurycandlesupplies.eu\\\/app\\\/uploads\\\/2023\\\/11\\\/Ontwerp-zonder-titel.jpg\",\"contentUrl\":\"https:\\\/\\\/luxurycandlesupplies.eu\\\/app\\\/uploads\\\/2023\\\/11\\\/Ontwerp-zonder-titel.jpg\",\"width\":1080,\"height\":1080},{\"@type\":\"BreadcrumbList\",\"@id\":\"https:\\\/\\\/luxurycandlesupplies.eu\\\/product\\\/oudh-patchouli-_-ufi-exempt\\\/#breadcrumb\",\"itemListElement\":[{\"@type\":\"ListItem\",\"position\":1,\"name\":\"Home\",\"item\":\"https:\\\/\\\/luxurycandlesupplies.eu\\\/\"},{\"@type\":\"ListItem\",\"position\":2,\"name\":\"Shop\",\"item\":\"https:\\\/\\\/luxurycandlesupplies.eu\\\/shop\\\/\"},{\"@type\":\"ListItem\",\"position\":3,\"name\":\"Oudh &#038; Patchouli _ UFI exempt\"}]},{\"@type\":\"WebSite\",\"@id\":\"https:\\\/\\\/luxurycandlesupplies.eu\\\/#website\",\"url\":\"https:\\\/\\\/luxurycandlesupplies.eu\\\/\",\"name\":\"Antwerp Luxury Candle Supplies\",\"description\":\"Distributor of all seasons soy wax\",\"publisher\":{\"@id\":\"https:\\\/\\\/luxurycandlesupplies.eu\\\/#organization\"},\"potentialAction\":[{\"@type\":\"SearchAction\",\"target\":{\"@type\":\"EntryPoint\",\"urlTemplate\":\"https:\\\/\\\/luxurycandlesupplies.eu\\\/?s={search_term_string}\"},\"query-input\":{\"@type\":\"PropertyValueSpecification\",\"valueRequired\":true,\"valueName\":\"search_term_string\"}}],\"inLanguage\":\"nl-NL\"},{\"@type\":\"Organization\",\"@id\":\"https:\\\/\\\/luxurycandlesupplies.eu\\\/#organization\",\"name\":\"Antwerp Luxury Candle Supplies\",\"url\":\"https:\\\/\\\/luxurycandlesupplies.eu\\\/\",\"logo\":{\"@type\":\"ImageObject\",\"inLanguage\":\"nl-NL\",\"@id\":\"https:\\\/\\\/luxurycandlesupplies.eu\\\/#\\\/schema\\\/logo\\\/image\\\/\",\"url\":\"https:\\\/\\\/luxurycandlesupplies.eu\\\/app\\\/uploads\\\/2022\\\/03\\\/antwerp-luxury-candle-supplies-1x.png\",\"contentUrl\":\"https:\\\/\\\/luxurycandlesupplies.eu\\\/app\\\/uploads\\\/2022\\\/03\\\/antwerp-luxury-candle-supplies-1x.png\",\"width\":330,\"height\":60,\"caption\":\"Antwerp Luxury Candle Supplies\"},\"image\":{\"@id\":\"https:\\\/\\\/luxurycandlesupplies.eu\\\/#\\\/schema\\\/logo\\\/image\\\/\"},\"sameAs\":[\"https:\\\/\\\/www.facebook.com\\\/Antwerpluxurycandlesupplies\\\/\",\"https:\\\/\\\/www.instagram.com\\\/antwerp_luxury_candle_supplies\\\/\",\"https:\\\/\\\/pin.it\\\/7joOXRW\"]}]}<\/script>","yoast_head_json":{"title":"Oudh &amp; Patchouli _ UFI vrijgesteld","robots":{"index":"index","follow":"follow","max-snippet":"max-snippet:-1","max-image-preview":"max-image-preview:large","max-video-preview":"max-video-preview:-1"},"canonical":"https:\/\/luxurycandlesupplies.eu\/nl\/product\/oudh-patchoeli-_-ufi-vrijgesteld\/","og_locale":"nl_NL","og_type":"article","og_title":"Oudh & Patchouli _ UFI exempt","og_description":"DESCRIPTION &nbsp; Oudh &amp; Patchouli &nbsp; This fragrance has intense notes of oudh with the spicy scent of patchouli. Oudh &amp; Patchouli rejuvenates the mood and creates a long-lasting impression of oud and aromatic woods creating an intense earthy fragrance. &nbsp; Top: Agarwood &amp; Birch Tar Heart: Palmarosa &amp; Patchouli Base: Vetiver &amp; Cedar &nbsp; [&hellip;]","og_url":"https:\/\/luxurycandlesupplies.eu\/nl\/product\/oudh-patchoeli-_-ufi-vrijgesteld\/","og_site_name":"Antwerp Luxury Candle Supplies","article_publisher":"https:\/\/www.facebook.com\/Antwerpluxurycandlesupplies\/","article_modified_time":"2026-04-24T13:16:49+00:00","og_image":[{"width":1080,"height":1080,"url":"https:\/\/luxurycandlesupplies.eu\/app\/uploads\/2023\/11\/Ontwerp-zonder-titel.jpg","type":"image\/jpeg"}],"twitter_card":"summary_large_image","twitter_misc":{"Geschatte leestijd":"3 minuten"},"schema":{"@context":"https:\/\/schema.org","@graph":[{"@type":"WebPage","@id":"https:\/\/luxurycandlesupplies.eu\/product\/oudh-patchouli-_-ufi-exempt\/","url":"https:\/\/luxurycandlesupplies.eu\/product\/oudh-patchouli-_-ufi-exempt\/","name":"Oudh &amp; Patchouli _ UFI vrijgesteld","isPartOf":{"@id":"https:\/\/luxurycandlesupplies.eu\/#website"},"primaryImageOfPage":{"@id":"https:\/\/luxurycandlesupplies.eu\/product\/oudh-patchouli-_-ufi-exempt\/#primaryimage"},"image":{"@id":"https:\/\/luxurycandlesupplies.eu\/product\/oudh-patchouli-_-ufi-exempt\/#primaryimage"},"thumbnailUrl":"https:\/\/luxurycandlesupplies.eu\/app\/uploads\/2023\/11\/Ontwerp-zonder-titel.jpg","datePublished":"2026-04-24T13:13:07+00:00","dateModified":"2026-04-24T13:16:49+00:00","breadcrumb":{"@id":"https:\/\/luxurycandlesupplies.eu\/product\/oudh-patchouli-_-ufi-exempt\/#breadcrumb"},"inLanguage":"nl-NL","potentialAction":[{"@type":"ReadAction","target":["https:\/\/luxurycandlesupplies.eu\/product\/oudh-patchouli-_-ufi-exempt\/"]}]},{"@type":"ImageObject","inLanguage":"nl-NL","@id":"https:\/\/luxurycandlesupplies.eu\/product\/oudh-patchouli-_-ufi-exempt\/#primaryimage","url":"https:\/\/luxurycandlesupplies.eu\/app\/uploads\/2023\/11\/Ontwerp-zonder-titel.jpg","contentUrl":"https:\/\/luxurycandlesupplies.eu\/app\/uploads\/2023\/11\/Ontwerp-zonder-titel.jpg","width":1080,"height":1080},{"@type":"BreadcrumbList","@id":"https:\/\/luxurycandlesupplies.eu\/product\/oudh-patchouli-_-ufi-exempt\/#breadcrumb","itemListElement":[{"@type":"ListItem","position":1,"name":"Home","item":"https:\/\/luxurycandlesupplies.eu\/"},{"@type":"ListItem","position":2,"name":"Shop","item":"https:\/\/luxurycandlesupplies.eu\/shop\/"},{"@type":"ListItem","position":3,"name":"Oudh &#038; Patchouli _ UFI exempt"}]},{"@type":"WebSite","@id":"https:\/\/luxurycandlesupplies.eu\/#website","url":"https:\/\/luxurycandlesupplies.eu\/","name":"Antwerpen Luxe Kaars Benodigdheden","description":"Verdeler van sojawas voor alle seizoenen","publisher":{"@id":"https:\/\/luxurycandlesupplies.eu\/#organization"},"potentialAction":[{"@type":"SearchAction","target":{"@type":"EntryPoint","urlTemplate":"https:\/\/luxurycandlesupplies.eu\/?s={search_term_string}"},"query-input":{"@type":"PropertyValueSpecification","valueRequired":true,"valueName":"search_term_string"}}],"inLanguage":"nl-NL"},{"@type":"Organization","@id":"https:\/\/luxurycandlesupplies.eu\/#organization","name":"Antwerpen Luxe Kaars Benodigdheden","url":"https:\/\/luxurycandlesupplies.eu\/","logo":{"@type":"ImageObject","inLanguage":"nl-NL","@id":"https:\/\/luxurycandlesupplies.eu\/#\/schema\/logo\/image\/","url":"https:\/\/luxurycandlesupplies.eu\/app\/uploads\/2022\/03\/antwerp-luxury-candle-supplies-1x.png","contentUrl":"https:\/\/luxurycandlesupplies.eu\/app\/uploads\/2022\/03\/antwerp-luxury-candle-supplies-1x.png","width":330,"height":60,"caption":"Antwerp Luxury Candle Supplies"},"image":{"@id":"https:\/\/luxurycandlesupplies.eu\/#\/schema\/logo\/image\/"},"sameAs":["https:\/\/www.facebook.com\/Antwerpluxurycandlesupplies\/","https:\/\/www.instagram.com\/antwerp_luxury_candle_supplies\/","https:\/\/pin.it\/7joOXRW"]}]}},"_links":{"self":[{"href":"https:\/\/luxurycandlesupplies.eu\/nl\/wp-json\/wp\/v2\/product\/29870","targetHints":{"allow":["GET"]}}],"collection":[{"href":"https:\/\/luxurycandlesupplies.eu\/nl\/wp-json\/wp\/v2\/product"}],"about":[{"href":"https:\/\/luxurycandlesupplies.eu\/nl\/wp-json\/wp\/v2\/types\/product"}],"wp:featuredmedia":[{"embeddable":true,"href":"https:\/\/luxurycandlesupplies.eu\/nl\/wp-json\/wp\/v2\/media\/13812"}],"wp:attachment":[{"href":"https:\/\/luxurycandlesupplies.eu\/nl\/wp-json\/wp\/v2\/media?parent=29870"}],"wp:term":[{"taxonomy":"product_brand","embeddable":true,"href":"https:\/\/luxurycandlesupplies.eu\/nl\/wp-json\/wp\/v2\/product_brand?post=29870"},{"taxonomy":"product_cat","embeddable":true,"href":"https:\/\/luxurycandlesupplies.eu\/nl\/wp-json\/wp\/v2\/product_cat?post=29870"},{"taxonomy":"product_tag","embeddable":true,"href":"https:\/\/luxurycandlesupplies.eu\/nl\/wp-json\/wp\/v2\/product_tag?post=29870"}],"curies":[{"name":"wp","href":"https:\/\/api.w.org\/{rel}","templated":true}]}}