{"id":29878,"date":"2026-04-24T15:20:09","date_gmt":"2026-04-24T13:20:09","guid":{"rendered":"https:\/\/luxurycandlesupplies.eu\/?post_type=product&#038;p=29878"},"modified":"2026-04-24T15:49:03","modified_gmt":"2026-04-24T13:49:03","slug":"bergamot-patchouli-ufi-vrijgesteld-10","status":"publish","type":"product","link":"https:\/\/luxurycandlesupplies.eu\/nl\/product\/bergamot-patchouli-ufi-exempt-10\/","title":{"rendered":"Bergamot &amp; Patchouli - UFI Vrijgesteld 10%"},"content":{"rendered":"<h3>BESCHRIJVING<\/h3>\n<p>&nbsp;<\/p>\n<h3>Bergamot &amp; Patchouli<\/h3>\n<div class=\"page\" title=\"Pagina 5\">\n<div class=\"layoutArea\">\n<div class=\"column\">\n<p>&nbsp;<\/p>\n<p>Een verfrissende geur die de essentie van de oceaanlucht en de aarde combineert. Heldere bergamot opent de geur met een frisse citrusnoot en mondt uit in een hart van koele zeebries die golven en vrijheid oproept. De basis van diepe patchoeli voegt warmte en verfijning toe en laat een serene en blijvende indruk achter.<\/p>\n<p>&nbsp;<\/p>\n<p>Top: Bergamot<br \/>\nHart: Zee<br \/>\nBasis: Patchouli<\/p>\n<\/div>\n<\/div>\n<\/div>\n<p>&nbsp;<\/p>\n<p>&nbsp;<\/p>\n<h3>ONZE AANBEVELING<\/h3>\n<hr \/>\n<div>\n<p>Het gebruik van geurolie is afhankelijk van het product dat je gaat maken.<\/p>\n<p>Let op: De onderstaande waarden zijn slechts suggesties. We raden kaarsenmakers aan om steeds uitgebreid te testen voor optimale resultaten.<\/p>\n<p>Kaarsen: 6-10%, UFI vrijgesteld max 10%<br \/>\nWaxmelts: 10-12%<\/p>\n<\/div>\n<h2><\/h2>\n<h3>INFORMATIE OVER CLP EN SDS<\/h3>\n<hr \/>\n<div>\n<p><a href=\"https:\/\/luxurycandlesupplies.eu\/app\/uploads\/2025\/07\/SDS-ALCS-BEGAMOT-PATCHOULI-ENG.pdf\">SDS ALCS BEGAMOT &amp; PATCHOELI ENG<\/a><\/p>\n<\/div>\n<p><a href=\"https:\/\/luxurycandlesupplies.eu\/app\/uploads\/2025\/07\/IFRA-BERGAMOT-PATCHOULI.pdf\">IFRA BERGAMOT &amp; PATCHOELI<\/a><\/p>\n<p><a href=\"https:\/\/luxurycandlesupplies.eu\/app\/uploads\/2025\/07\/CLP-label-_Bergamot-Patchouli-_-candle-10_Free-of-UFI.pdf\">CLP label _Bergamot &amp; Patchouli _ kaars 10%_Free of UFI<\/a><\/p>\n<p>&nbsp;<\/p>\n<p>UFI: P4D0-G0VR-S00E-3XGP<\/p>\n<p><img decoding=\"async\" class=\"alignnone wp-image-23489\" src=\"https:\/\/luxurycandlesupplies.eu\/app\/uploads\/2025\/07\/Danger-4-300x300.png\" alt=\"\" width=\"122\" height=\"122\" srcset=\"https:\/\/luxurycandlesupplies.eu\/app\/uploads\/2025\/07\/Danger-4-300x300.png 300w, https:\/\/luxurycandlesupplies.eu\/app\/uploads\/2025\/07\/Danger-4-1024x1024.png 1024w, https:\/\/luxurycandlesupplies.eu\/app\/uploads\/2025\/07\/Danger-4-150x150.png 150w, https:\/\/luxurycandlesupplies.eu\/app\/uploads\/2025\/07\/Danger-4-768x768.png 768w, https:\/\/luxurycandlesupplies.eu\/app\/uploads\/2025\/07\/Danger-4-12x12.png 12w, https:\/\/luxurycandlesupplies.eu\/app\/uploads\/2025\/07\/Danger-4-600x600.png 600w, https:\/\/luxurycandlesupplies.eu\/app\/uploads\/2025\/07\/Danger-4-100x100.png 100w, https:\/\/luxurycandlesupplies.eu\/app\/uploads\/2025\/07\/Danger-4.png 1080w\" sizes=\"(max-width: 122px) 100vw, 122px\" \/> <img decoding=\"async\" class=\"alignnone wp-image-23488\" src=\"https:\/\/luxurycandlesupplies.eu\/app\/uploads\/2025\/07\/Danger-3-300x300.png\" alt=\"\" width=\"122\" height=\"122\" srcset=\"https:\/\/luxurycandlesupplies.eu\/app\/uploads\/2025\/07\/Danger-3-300x300.png 300w, https:\/\/luxurycandlesupplies.eu\/app\/uploads\/2025\/07\/Danger-3-1024x1024.png 1024w, https:\/\/luxurycandlesupplies.eu\/app\/uploads\/2025\/07\/Danger-3-150x150.png 150w, https:\/\/luxurycandlesupplies.eu\/app\/uploads\/2025\/07\/Danger-3-768x768.png 768w, https:\/\/luxurycandlesupplies.eu\/app\/uploads\/2025\/07\/Danger-3-12x12.png 12w, https:\/\/luxurycandlesupplies.eu\/app\/uploads\/2025\/07\/Danger-3-600x600.png 600w, https:\/\/luxurycandlesupplies.eu\/app\/uploads\/2025\/07\/Danger-3-100x100.png 100w, https:\/\/luxurycandlesupplies.eu\/app\/uploads\/2025\/07\/Danger-3.png 1080w\" sizes=\"(max-width: 122px) 100vw, 122px\" \/><\/p>\n<p><strong>Bergamot &amp; Patchouli NL<\/strong><\/p>\n<p>H315 Veroorzaakt huidirritatie. H319 Veroorzaakt ernstige oogirritatie. H317 Kan een allergische huidreactie<br \/>\nveroorzaken. H411 Giftig voor in het water levende organismen, met langdurige gevolgen. P264 Na het<br \/>\nwerken met dit product aangetaste gebieden grondig wassen. P280 Beschermende<br \/>\nhandschoenen\/beschermende kleding\/oogbescherming\/gelaatsbescherming dragen. P321 Specifieke<br \/>\nbehandeling vereist (zie op dit etiket). P362 Verontreinigde kleding uittrekken. P302+P352 BIJ CONTACT MET<br \/>\nDE HUID: met veel water en zeep wassen. P332+P313 Bij huidirritatie: een kunst raadplegen. P305+P351+P338<br \/>\nBIJ CONTACT MET DE OGEN: voorzichtig afspoelen met water gedurende een aantal minuten; contactlenzen<br \/>\nverwijderen, indien mogelijk; blijven spoelen. P337+P313 Bij aanhoudende oogirritatie: een arts raadplegen.<br \/>\nP261 Inademing van stof\/rook\/gas\/nevel\/damp\/spuitnevel vermijden. P272 Verontreinigde werkkleding mag<br \/>\nde werkruimte niet verlaten. P363 Verontreinigde kleding wassen alvorens deze opnieuw te gebruiken. P501<br \/>\nInhoud\/verpakking afvoeren naar een erkende afvalinzamelaar conform VLAREMA en OVAM-regelgeving.<br \/>\nP333+P313 Bij huidirritatie of uitslag: een kunst raadplegen. P273 Voorkom lozing in het milieu. P391<br \/>\nGelekte\/gemorste stof opruimen.<\/p>\n<p>&nbsp;<\/p>\n<p><strong>Bergamot &amp; Patchouli FR<\/strong><\/p>\n<p>H315 Provoque une irritation cutan\u00e9e. H319 Provoque une irritation s\u00e9v\u00e8re des yeux. H317 Kan<br \/>\nune r\u00e9action allergique cutan\u00e9e. H411 Giftig voor in het water levende organismen, veroorzaakt niet-echte effecten<br \/>\nop lange termijn. P264 Lavez soigneusement les zones touch\u00e9es apr\u00e8s manipulation. P280 Porter des gants de<br \/>\nprotection\/des v\u00eatements de protection\/une protection des yeux\/du visage. P321 Specifieke behandeling<br \/>\nvereist (zie op de verpakking). P362 Verwijder het besmette kledingstuk. P302+P352 IN GEVAL VAN CONTACT MET<br \/>\nLA PEAU : laver abondamment \u00e0 l'eau et au savon. P332+P313 En cas d'irritation cutan\u00e9e : consulter un<br \/>\narts. P305+P351+P338 EN CAS DE CONTACT AVEC LES YEUX : met voorzorg afspoelen met l'eau pendant<br \/>\nmeerdere minuten; haal indien mogelijk de lentilles weg; ga door met spoelen. P337+P313 In geval van oogirritatie<br \/>\npersistante: raadpleeg een arts. P261 Adem niet in.<br \/>\npoussi\u00e8res\/fum\u00e9es\/gaz\/brouillards\/vapeurs\/a\u00e9rosols. P272 Les v\u00eatements de travail contamin\u00e9s ne doivent<br \/>\npas sortir du lieu de travail. P363 Laver les v\u00eatements contamin\u00e9s avant de les r\u00e9utiliser. P501 De<br \/>\ncontenu\/le r\u00e9cipient via un collecteur de d\u00e9chets agr\u00e9\u00e9ment conform la r\u00e9glementation VLAREMA et<br \/>\nOVAM. P333+P313 En cas d'irritation ou d'\u00e9ruption cutan\u00e9e : consulter un m\u00e9decin. P273 Vermijd rejet dans<br \/>\nl'environnement. P391 De achtergebleven stof verwijderen.<\/p>\n<p>&nbsp;<\/p>\n<p><strong>Bergamot &amp; Patchouli ENG<\/strong><\/p>\n<p>H315 Veroorzaakt huidirritatie. H319 Veroorzaakt ernstige oogirritatie. H317 Kan een allergische huidreactie veroorzaken.<br \/>\nH411 Giftig voor in het water levende organismen, met langdurige gevolgen. P264 Na het werken met dit product grondig wassen. P280 Draag<br \/>\nbeschermende handschoenen\/beschermende kleding\/oogbescherming\/gelaatsbescherming. P321 Specifieke behandeling vereist (zie<br \/>\nop etiket). P362 Verontreinigde kleding uittrekken. P302+P352 BIJ CONTACT MET DE HUID: met veel water en zeep wassen.<br \/>\nP332+P313 Als huidirritatie optreedt: Medische hulp inroepen. P305+P351+P338 BIJ CONTACT MET DE OGEN: voorzichtig spoelen met<br \/>\nwater gedurende enkele minuten. Verwijder contactlenzen indien aanwezig en gemakkelijk te doen. Ga door met spoelen. P337+P313 Als<br \/>\noogirritatie aanhoudt: Medische hulp inroepen. P261 Inademing van stof\/rook\/gas\/nevel\/damp\/spuitnevel vermijden. P272<br \/>\nVerontreinigde werkkleding mag de werkplek niet verlaten. P363 Verontreinigde kleding wassen<br \/>\nvoor hergebruik. P501 Inhoud\/verpakking afvoeren via een erkende afvalinzamelaar in overeenstemming met<br \/>\nVoorschriften van VLAREMA en OVAM. P333+P313 Bij huidirritatie of huiduitslag: Een arts raadplegen. P273 Vermijden<br \/>\nvrijkomen in het milieu. P391 Gemorst product opvangen.<\/p>","protected":false},"excerpt":{"rendered":"<p>DESCRIPTION &nbsp; Bergamot &amp; Patchouli &nbsp; A refreshing yet grounded fragrance that captures the essence of ocean air meeting earth. Bright bergamot opens the scent with a crisp citrus note, flowing into a heart of cool marine breeze that evokes waves and freedom. The base of deep patchouli adds warmth and sophistication, leaving a serene [&hellip;]<\/p>\n","protected":false},"featured_media":22365,"template":"","meta":{"_acf_changed":false,"site-sidebar-layout":"default","site-content-layout":"default","ast-site-content-layout":"default","site-content-style":"default","site-sidebar-style":"default","ast-global-header-display":"","ast-banner-title-visibility":"","ast-main-header-display":"","ast-hfb-above-header-display":"","ast-hfb-below-header-display":"","ast-hfb-mobile-header-display":"","site-post-title":"","ast-breadcrumbs-content":"","ast-featured-img":"","footer-sml-layout":"","ast-disable-related-posts":"","theme-transparent-header-meta":"default","adv-header-id-meta":"","stick-header-meta":"","header-above-stick-meta":"","header-main-stick-meta":"","header-below-stick-meta":"","astra-migrate-meta-layouts":"set","ast-page-background-enabled":"default","ast-page-background-meta":{"desktop":{"background-color":"","background-image":"","background-repeat":"repeat","background-position":"center center","background-size":"auto","background-attachment":"scroll","background-type":"","background-media":"","overlay-type":"","overlay-color":"","overlay-opacity":"","overlay-gradient":""},"tablet":{"background-color":"","background-image":"","background-repeat":"repeat","background-position":"center center","background-size":"auto","background-attachment":"scroll","background-type":"","background-media":"","overlay-type":"","overlay-color":"","overlay-opacity":"","overlay-gradient":""},"mobile":{"background-color":"","background-image":"","background-repeat":"repeat","background-position":"center center","background-size":"auto","background-attachment":"scroll","background-type":"","background-media":"","overlay-type":"","overlay-color":"","overlay-opacity":"","overlay-gradient":""}},"ast-content-background-meta":{"desktop":{"background-color":"var(--ast-global-color-5)","background-image":"","background-repeat":"repeat","background-position":"center center","background-size":"auto","background-attachment":"scroll","background-type":"","background-media":"","overlay-type":"","overlay-color":"","overlay-opacity":"","overlay-gradient":""},"tablet":{"background-color":"var(--ast-global-color-5)","background-image":"","background-repeat":"repeat","background-position":"center center","background-size":"auto","background-attachment":"scroll","background-type":"","background-media":"","overlay-type":"","overlay-color":"","overlay-opacity":"","overlay-gradient":""},"mobile":{"background-color":"var(--ast-global-color-5)","background-image":"","background-repeat":"repeat","background-position":"center center","background-size":"auto","background-attachment":"scroll","background-type":"","background-media":"","overlay-type":"","overlay-color":"","overlay-opacity":"","overlay-gradient":""}}},"product_brand":[],"product_cat":[25,1681],"product_tag":[441,31,23,30,20,434,27,22],"class_list":{"0":"post-29878","1":"product","2":"type-product","3":"status-publish","4":"has-post-thumbnail","6":"product_cat-fragrances","7":"product_cat-fragrances-ufi-exempt","8":"product_tag-bergamot","9":"product_tag-m12-wax","10":"product_tag-s100-wax","11":"product_tag-s16-wax","12":"product_tag-soy-wax","13":"product_tag-vanilla","14":"product_tag-vegan-wax","15":"product_tag-wax","16":"desktop-align-left","17":"tablet-align-left","18":"mobile-align-left","19":"ast-product-gallery-layout-horizontal-slider","20":"ast-product-single-variable","21":"ast-product-tabs-layout-horizontal","23":"first","24":"instock","25":"taxable","26":"shipping-taxable","27":"purchasable","28":"product-type-variable"},"acf":[],"yoast_head":"<title>Bergamot &amp; Patchouli - UFI Exempt 10% - Antwerp Luxury Candle Supplies<\/title>\n<meta name=\"description\" content=\"A refreshing yet grounded fragrance that captures the essence of ocean air meeting earth. Bright bergamot opens the scent with a crisp citrus note, flowing into a heart of cool marine breeze that evokes waves and freedom. The base of deep patchouli adds warmth and sophistication, leaving a serene and lasting impression.\" \/>\n<meta name=\"robots\" content=\"index, follow, max-snippet:-1, max-image-preview:large, max-video-preview:-1\" \/>\n<link rel=\"canonical\" href=\"https:\/\/luxurycandlesupplies.eu\/nl\/product\/bergamot-patchouli-ufi-vrijgesteld-10\/\" \/>\n<meta property=\"og:locale\" content=\"nl_NL\" \/>\n<meta property=\"og:type\" content=\"article\" \/>\n<meta property=\"og:title\" content=\"Bergamot &amp; Patchouli - UFI Exempt 10% - Antwerp Luxury Candle Supplies\" \/>\n<meta property=\"og:description\" content=\"A refreshing yet grounded fragrance that captures the essence of ocean air meeting earth. Bright bergamot opens the scent with a crisp citrus note, flowing into a heart of cool marine breeze that evokes waves and freedom. The base of deep patchouli adds warmth and sophistication, leaving a serene and lasting impression.\" \/>\n<meta property=\"og:url\" content=\"https:\/\/luxurycandlesupplies.eu\/nl\/product\/bergamot-patchouli-ufi-vrijgesteld-10\/\" \/>\n<meta property=\"og:site_name\" content=\"Antwerp Luxury Candle Supplies\" \/>\n<meta property=\"article:publisher\" content=\"https:\/\/www.facebook.com\/Antwerpluxurycandlesupplies\/\" \/>\n<meta property=\"article:modified_time\" content=\"2026-04-24T13:49:03+00:00\" \/>\n<meta property=\"og:image\" content=\"https:\/\/luxurycandlesupplies.eu\/app\/uploads\/2025\/07\/Bergamot-1-1024x1024.png\" \/>\n\t<meta property=\"og:image:width\" content=\"1024\" \/>\n\t<meta property=\"og:image:height\" content=\"1024\" \/>\n\t<meta property=\"og:image:type\" content=\"image\/png\" \/>\n<meta name=\"twitter:card\" content=\"summary_large_image\" \/>\n<meta name=\"twitter:label1\" content=\"Geschatte leestijd\" \/>\n\t<meta name=\"twitter:data1\" content=\"4 minuten\" \/>\n<script type=\"application\/ld+json\" class=\"yoast-schema-graph\">{\"@context\":\"https:\\\/\\\/schema.org\",\"@graph\":[{\"@type\":\"WebPage\",\"@id\":\"https:\\\/\\\/luxurycandlesupplies.eu\\\/product\\\/bergamot-patchouli-ufi-exempt-10\\\/\",\"url\":\"https:\\\/\\\/luxurycandlesupplies.eu\\\/product\\\/bergamot-patchouli-ufi-exempt-10\\\/\",\"name\":\"Bergamot & Patchouli - UFI Exempt 10% - Antwerp Luxury Candle Supplies\",\"isPartOf\":{\"@id\":\"https:\\\/\\\/luxurycandlesupplies.eu\\\/#website\"},\"primaryImageOfPage\":{\"@id\":\"https:\\\/\\\/luxurycandlesupplies.eu\\\/product\\\/bergamot-patchouli-ufi-exempt-10\\\/#primaryimage\"},\"image\":{\"@id\":\"https:\\\/\\\/luxurycandlesupplies.eu\\\/product\\\/bergamot-patchouli-ufi-exempt-10\\\/#primaryimage\"},\"thumbnailUrl\":\"https:\\\/\\\/luxurycandlesupplies.eu\\\/app\\\/uploads\\\/2025\\\/07\\\/Bergamot-1.png\",\"datePublished\":\"2026-04-24T13:20:09+00:00\",\"dateModified\":\"2026-04-24T13:49:03+00:00\",\"description\":\"A refreshing yet grounded fragrance that captures the essence of ocean air meeting earth. Bright bergamot opens the scent with a crisp citrus note, flowing into a heart of cool marine breeze that evokes waves and freedom. The base of deep patchouli adds warmth and sophistication, leaving a serene and lasting impression.\",\"breadcrumb\":{\"@id\":\"https:\\\/\\\/luxurycandlesupplies.eu\\\/product\\\/bergamot-patchouli-ufi-exempt-10\\\/#breadcrumb\"},\"inLanguage\":\"nl-NL\",\"potentialAction\":[{\"@type\":\"ReadAction\",\"target\":[\"https:\\\/\\\/luxurycandlesupplies.eu\\\/product\\\/bergamot-patchouli-ufi-exempt-10\\\/\"]}]},{\"@type\":\"ImageObject\",\"inLanguage\":\"nl-NL\",\"@id\":\"https:\\\/\\\/luxurycandlesupplies.eu\\\/product\\\/bergamot-patchouli-ufi-exempt-10\\\/#primaryimage\",\"url\":\"https:\\\/\\\/luxurycandlesupplies.eu\\\/app\\\/uploads\\\/2025\\\/07\\\/Bergamot-1.png\",\"contentUrl\":\"https:\\\/\\\/luxurycandlesupplies.eu\\\/app\\\/uploads\\\/2025\\\/07\\\/Bergamot-1.png\",\"width\":1080,\"height\":1080},{\"@type\":\"BreadcrumbList\",\"@id\":\"https:\\\/\\\/luxurycandlesupplies.eu\\\/product\\\/bergamot-patchouli-ufi-exempt-10\\\/#breadcrumb\",\"itemListElement\":[{\"@type\":\"ListItem\",\"position\":1,\"name\":\"Home\",\"item\":\"https:\\\/\\\/luxurycandlesupplies.eu\\\/\"},{\"@type\":\"ListItem\",\"position\":2,\"name\":\"Shop\",\"item\":\"https:\\\/\\\/luxurycandlesupplies.eu\\\/shop\\\/\"},{\"@type\":\"ListItem\",\"position\":3,\"name\":\"Bergamot &#038; Patchouli &#8211; UFI Exempt 10%\"}]},{\"@type\":\"WebSite\",\"@id\":\"https:\\\/\\\/luxurycandlesupplies.eu\\\/#website\",\"url\":\"https:\\\/\\\/luxurycandlesupplies.eu\\\/\",\"name\":\"Antwerp Luxury Candle Supplies\",\"description\":\"Distributor of all seasons soy wax\",\"publisher\":{\"@id\":\"https:\\\/\\\/luxurycandlesupplies.eu\\\/#organization\"},\"potentialAction\":[{\"@type\":\"SearchAction\",\"target\":{\"@type\":\"EntryPoint\",\"urlTemplate\":\"https:\\\/\\\/luxurycandlesupplies.eu\\\/?s={search_term_string}\"},\"query-input\":{\"@type\":\"PropertyValueSpecification\",\"valueRequired\":true,\"valueName\":\"search_term_string\"}}],\"inLanguage\":\"nl-NL\"},{\"@type\":\"Organization\",\"@id\":\"https:\\\/\\\/luxurycandlesupplies.eu\\\/#organization\",\"name\":\"Antwerp Luxury Candle Supplies\",\"url\":\"https:\\\/\\\/luxurycandlesupplies.eu\\\/\",\"logo\":{\"@type\":\"ImageObject\",\"inLanguage\":\"nl-NL\",\"@id\":\"https:\\\/\\\/luxurycandlesupplies.eu\\\/#\\\/schema\\\/logo\\\/image\\\/\",\"url\":\"https:\\\/\\\/luxurycandlesupplies.eu\\\/app\\\/uploads\\\/2022\\\/03\\\/antwerp-luxury-candle-supplies-1x.png\",\"contentUrl\":\"https:\\\/\\\/luxurycandlesupplies.eu\\\/app\\\/uploads\\\/2022\\\/03\\\/antwerp-luxury-candle-supplies-1x.png\",\"width\":330,\"height\":60,\"caption\":\"Antwerp Luxury Candle Supplies\"},\"image\":{\"@id\":\"https:\\\/\\\/luxurycandlesupplies.eu\\\/#\\\/schema\\\/logo\\\/image\\\/\"},\"sameAs\":[\"https:\\\/\\\/www.facebook.com\\\/Antwerpluxurycandlesupplies\\\/\",\"https:\\\/\\\/www.instagram.com\\\/antwerp_luxury_candle_supplies\\\/\",\"https:\\\/\\\/pin.it\\\/7joOXRW\"]}]}<\/script>","yoast_head_json":{"title":"Bergamot &amp; Patchouli - UFI Exempt 10% - Antwerpen Luxe Kaarsbenodigdheden","description":"Een verfrissende geur die de essentie van de oceaanlucht en de aarde combineert. Heldere bergamot opent de geur met een frisse citrusnoot en mondt uit in een hart van koele zeebries die golven en vrijheid oproept. De basis van diepe patchoeli voegt warmte en verfijning toe en laat een serene en blijvende indruk achter.","robots":{"index":"index","follow":"follow","max-snippet":"max-snippet:-1","max-image-preview":"max-image-preview:large","max-video-preview":"max-video-preview:-1"},"canonical":"https:\/\/luxurycandlesupplies.eu\/nl\/product\/bergamot-patchouli-ufi-vrijgesteld-10\/","og_locale":"nl_NL","og_type":"article","og_title":"Bergamot & Patchouli - UFI Exempt 10% - Antwerp Luxury Candle Supplies","og_description":"A refreshing yet grounded fragrance that captures the essence of ocean air meeting earth. Bright bergamot opens the scent with a crisp citrus note, flowing into a heart of cool marine breeze that evokes waves and freedom. The base of deep patchouli adds warmth and sophistication, leaving a serene and lasting impression.","og_url":"https:\/\/luxurycandlesupplies.eu\/nl\/product\/bergamot-patchouli-ufi-vrijgesteld-10\/","og_site_name":"Antwerp Luxury Candle Supplies","article_publisher":"https:\/\/www.facebook.com\/Antwerpluxurycandlesupplies\/","article_modified_time":"2026-04-24T13:49:03+00:00","og_image":[{"width":1024,"height":1024,"url":"https:\/\/luxurycandlesupplies.eu\/app\/uploads\/2025\/07\/Bergamot-1-1024x1024.png","type":"image\/png"}],"twitter_card":"summary_large_image","twitter_misc":{"Geschatte leestijd":"4 minuten"},"schema":{"@context":"https:\/\/schema.org","@graph":[{"@type":"WebPage","@id":"https:\/\/luxurycandlesupplies.eu\/product\/bergamot-patchouli-ufi-exempt-10\/","url":"https:\/\/luxurycandlesupplies.eu\/product\/bergamot-patchouli-ufi-exempt-10\/","name":"Bergamot &amp; Patchouli - UFI Exempt 10% - Antwerpen Luxe Kaarsbenodigdheden","isPartOf":{"@id":"https:\/\/luxurycandlesupplies.eu\/#website"},"primaryImageOfPage":{"@id":"https:\/\/luxurycandlesupplies.eu\/product\/bergamot-patchouli-ufi-exempt-10\/#primaryimage"},"image":{"@id":"https:\/\/luxurycandlesupplies.eu\/product\/bergamot-patchouli-ufi-exempt-10\/#primaryimage"},"thumbnailUrl":"https:\/\/luxurycandlesupplies.eu\/app\/uploads\/2025\/07\/Bergamot-1.png","datePublished":"2026-04-24T13:20:09+00:00","dateModified":"2026-04-24T13:49:03+00:00","description":"Een verfrissende geur die de essentie van de oceaanlucht en de aarde combineert. Heldere bergamot opent de geur met een frisse citrusnoot en mondt uit in een hart van koele zeebries die golven en vrijheid oproept. De basis van diepe patchoeli voegt warmte en verfijning toe en laat een serene en blijvende indruk achter.","breadcrumb":{"@id":"https:\/\/luxurycandlesupplies.eu\/product\/bergamot-patchouli-ufi-exempt-10\/#breadcrumb"},"inLanguage":"nl-NL","potentialAction":[{"@type":"ReadAction","target":["https:\/\/luxurycandlesupplies.eu\/product\/bergamot-patchouli-ufi-exempt-10\/"]}]},{"@type":"ImageObject","inLanguage":"nl-NL","@id":"https:\/\/luxurycandlesupplies.eu\/product\/bergamot-patchouli-ufi-exempt-10\/#primaryimage","url":"https:\/\/luxurycandlesupplies.eu\/app\/uploads\/2025\/07\/Bergamot-1.png","contentUrl":"https:\/\/luxurycandlesupplies.eu\/app\/uploads\/2025\/07\/Bergamot-1.png","width":1080,"height":1080},{"@type":"BreadcrumbList","@id":"https:\/\/luxurycandlesupplies.eu\/product\/bergamot-patchouli-ufi-exempt-10\/#breadcrumb","itemListElement":[{"@type":"ListItem","position":1,"name":"Home","item":"https:\/\/luxurycandlesupplies.eu\/"},{"@type":"ListItem","position":2,"name":"Shop","item":"https:\/\/luxurycandlesupplies.eu\/shop\/"},{"@type":"ListItem","position":3,"name":"Bergamot &#038; Patchouli &#8211; UFI Exempt 10%"}]},{"@type":"WebSite","@id":"https:\/\/luxurycandlesupplies.eu\/#website","url":"https:\/\/luxurycandlesupplies.eu\/","name":"Antwerpen Luxe Kaars Benodigdheden","description":"Verdeler van sojawas voor alle seizoenen","publisher":{"@id":"https:\/\/luxurycandlesupplies.eu\/#organization"},"potentialAction":[{"@type":"SearchAction","target":{"@type":"EntryPoint","urlTemplate":"https:\/\/luxurycandlesupplies.eu\/?s={search_term_string}"},"query-input":{"@type":"PropertyValueSpecification","valueRequired":true,"valueName":"search_term_string"}}],"inLanguage":"nl-NL"},{"@type":"Organization","@id":"https:\/\/luxurycandlesupplies.eu\/#organization","name":"Antwerpen Luxe Kaars Benodigdheden","url":"https:\/\/luxurycandlesupplies.eu\/","logo":{"@type":"ImageObject","inLanguage":"nl-NL","@id":"https:\/\/luxurycandlesupplies.eu\/#\/schema\/logo\/image\/","url":"https:\/\/luxurycandlesupplies.eu\/app\/uploads\/2022\/03\/antwerp-luxury-candle-supplies-1x.png","contentUrl":"https:\/\/luxurycandlesupplies.eu\/app\/uploads\/2022\/03\/antwerp-luxury-candle-supplies-1x.png","width":330,"height":60,"caption":"Antwerp Luxury Candle Supplies"},"image":{"@id":"https:\/\/luxurycandlesupplies.eu\/#\/schema\/logo\/image\/"},"sameAs":["https:\/\/www.facebook.com\/Antwerpluxurycandlesupplies\/","https:\/\/www.instagram.com\/antwerp_luxury_candle_supplies\/","https:\/\/pin.it\/7joOXRW"]}]}},"_links":{"self":[{"href":"https:\/\/luxurycandlesupplies.eu\/nl\/wp-json\/wp\/v2\/product\/29878","targetHints":{"allow":["GET"]}}],"collection":[{"href":"https:\/\/luxurycandlesupplies.eu\/nl\/wp-json\/wp\/v2\/product"}],"about":[{"href":"https:\/\/luxurycandlesupplies.eu\/nl\/wp-json\/wp\/v2\/types\/product"}],"wp:featuredmedia":[{"embeddable":true,"href":"https:\/\/luxurycandlesupplies.eu\/nl\/wp-json\/wp\/v2\/media\/22365"}],"wp:attachment":[{"href":"https:\/\/luxurycandlesupplies.eu\/nl\/wp-json\/wp\/v2\/media?parent=29878"}],"wp:term":[{"taxonomy":"product_brand","embeddable":true,"href":"https:\/\/luxurycandlesupplies.eu\/nl\/wp-json\/wp\/v2\/product_brand?post=29878"},{"taxonomy":"product_cat","embeddable":true,"href":"https:\/\/luxurycandlesupplies.eu\/nl\/wp-json\/wp\/v2\/product_cat?post=29878"},{"taxonomy":"product_tag","embeddable":true,"href":"https:\/\/luxurycandlesupplies.eu\/nl\/wp-json\/wp\/v2\/product_tag?post=29878"}],"curies":[{"name":"wp","href":"https:\/\/api.w.org\/{rel}","templated":true}]}}