{"id":30041,"date":"2026-04-28T16:25:47","date_gmt":"2026-04-28T14:25:47","guid":{"rendered":"https:\/\/luxurycandlesupplies.eu\/?post_type=product&#038;p=30041"},"modified":"2026-04-28T16:30:20","modified_gmt":"2026-04-28T14:30:20","slug":"indianenbos-2","status":"publish","type":"product","link":"https:\/\/luxurycandlesupplies.eu\/nl\/product\/bois-des-indes-2\/","title":{"rendered":"Indisch bos"},"content":{"rendered":"<h3>BESCHRIJVING<\/h3>\n<p>&nbsp;<\/p>\n<h3>Indisch bos<\/h3>\n<div class=\"page\" title=\"Pagina 5\">\n<div class=\"layoutArea\">\n<div class=\"column\">\n<p>&nbsp;<\/p>\n<p data-start=\"187\" data-end=\"337\">Ge\u00efnspireerd door de tijdloze elegantie van een bekende <strong data-start=\"235\" data-end=\"247\">Guerlain<\/strong> geur, <strong data-start=\"258\" data-end=\"276\">Indisch bos<\/strong> vangt de perfecte harmonie tussen frisheid en warmte.<\/p>\n<p data-start=\"339\" data-end=\"608\">Sprankelend <strong data-start=\"349\" data-end=\"361\">bergamot<\/strong> en <strong data-start=\"366\" data-end=\"378\">mandarijn<\/strong> opent de geur en mengt zich naadloos met bloemige hartnoten van <strong data-start=\"442\" data-end=\"453\">jasmijn<\/strong>, <strong data-start=\"455\" data-end=\"463\">iris <\/strong>en <strong data-start=\"469\" data-end=\"477\">roos<\/strong>.<\/p>\n<p data-start=\"339\" data-end=\"608\">De basis ontvouwt zich in een sensuele mix van <strong data-start=\"520\" data-end=\"532\">opopanax<\/strong>, <strong data-start=\"534\" data-end=\"547\">patchoeli<\/strong>en <strong data-start=\"553\" data-end=\"564\">vetiver<\/strong>waardoor een rijk en geraffineerd spoor ontstaat.<\/p>\n<p data-start=\"610\" data-end=\"684\">Een luxe ori\u00ebntaalse geur.<\/p>\n<p>&nbsp;<\/p>\n<p>Top: Bergamot, Mandarijn<br \/>\nHart: Jasmijn, Iris, Roos<br \/>\nBasis: Opopanax, Patchouli, Vetiver<\/p>\n<\/div>\n<\/div>\n<\/div>\n<p>&nbsp;<\/p>\n<p>&nbsp;<\/p>\n<h3>ONZE AANBEVELING<\/h3>\n<hr \/>\n<div>\n<p>Het gebruik van geurolie is afhankelijk van het product dat je gaat maken.<\/p>\n<p>Let op: De onderstaande waarden zijn slechts suggesties. We raden kaarsenmakers aan om steeds uitgebreid te testen voor optimale resultaten.<\/p>\n<p>Kaarsen: 6-10%<br \/>\nWaxmelts: 10-12%<\/p>\n<\/div>\n<h2><\/h2>\n<h3>INFORMATIE OVER CLP EN SDS<\/h3>\n<hr \/>\n<div>\n<p><a href=\"https:\/\/luxurycandlesupplies.eu\/app\/uploads\/2025\/11\/SDS-ALCS-Bois-des-Indes-NL.pdf\">SDS ALCS Bois des Indes NL<\/a><\/p>\n<\/div>\n<p>&nbsp;<\/p>\n<div>\n<div>\n<div>\n<p>UFI: F300-N07Y-M008-G211<\/p>\n<\/div>\n<\/div>\n<\/div>\n<p><img decoding=\"async\" class=\"alignnone wp-image-23489\" src=\"https:\/\/luxurycandlesupplies.eu\/app\/uploads\/2025\/07\/Danger-4-300x300.png\" alt=\"\" width=\"122\" height=\"122\" srcset=\"https:\/\/luxurycandlesupplies.eu\/app\/uploads\/2025\/07\/Danger-4-300x300.png 300w, https:\/\/luxurycandlesupplies.eu\/app\/uploads\/2025\/07\/Danger-4-1024x1024.png 1024w, https:\/\/luxurycandlesupplies.eu\/app\/uploads\/2025\/07\/Danger-4-150x150.png 150w, https:\/\/luxurycandlesupplies.eu\/app\/uploads\/2025\/07\/Danger-4-768x768.png 768w, https:\/\/luxurycandlesupplies.eu\/app\/uploads\/2025\/07\/Danger-4-12x12.png 12w, https:\/\/luxurycandlesupplies.eu\/app\/uploads\/2025\/07\/Danger-4-600x600.png 600w, https:\/\/luxurycandlesupplies.eu\/app\/uploads\/2025\/07\/Danger-4-100x100.png 100w, https:\/\/luxurycandlesupplies.eu\/app\/uploads\/2025\/07\/Danger-4.png 1080w\" sizes=\"(max-width: 122px) 100vw, 122px\" \/> <img decoding=\"async\" class=\"alignnone wp-image-23488\" src=\"https:\/\/luxurycandlesupplies.eu\/app\/uploads\/2025\/07\/Danger-3-300x300.png\" alt=\"\" width=\"122\" height=\"122\" srcset=\"https:\/\/luxurycandlesupplies.eu\/app\/uploads\/2025\/07\/Danger-3-300x300.png 300w, https:\/\/luxurycandlesupplies.eu\/app\/uploads\/2025\/07\/Danger-3-1024x1024.png 1024w, https:\/\/luxurycandlesupplies.eu\/app\/uploads\/2025\/07\/Danger-3-150x150.png 150w, https:\/\/luxurycandlesupplies.eu\/app\/uploads\/2025\/07\/Danger-3-768x768.png 768w, https:\/\/luxurycandlesupplies.eu\/app\/uploads\/2025\/07\/Danger-3-12x12.png 12w, https:\/\/luxurycandlesupplies.eu\/app\/uploads\/2025\/07\/Danger-3-600x600.png 600w, https:\/\/luxurycandlesupplies.eu\/app\/uploads\/2025\/07\/Danger-3-100x100.png 100w, https:\/\/luxurycandlesupplies.eu\/app\/uploads\/2025\/07\/Danger-3.png 1080w\" sizes=\"(max-width: 122px) 100vw, 122px\" \/><img decoding=\"async\" class=\"alignnone wp-image-23490\" src=\"https:\/\/luxurycandlesupplies.eu\/app\/uploads\/2025\/07\/Danger-5-300x300.png\" alt=\"\" width=\"123\" height=\"123\" srcset=\"https:\/\/luxurycandlesupplies.eu\/app\/uploads\/2025\/07\/Danger-5-300x300.png 300w, https:\/\/luxurycandlesupplies.eu\/app\/uploads\/2025\/07\/Danger-5-1024x1024.png 1024w, https:\/\/luxurycandlesupplies.eu\/app\/uploads\/2025\/07\/Danger-5-150x150.png 150w, https:\/\/luxurycandlesupplies.eu\/app\/uploads\/2025\/07\/Danger-5-768x768.png 768w, https:\/\/luxurycandlesupplies.eu\/app\/uploads\/2025\/07\/Danger-5-12x12.png 12w, https:\/\/luxurycandlesupplies.eu\/app\/uploads\/2025\/07\/Danger-5-600x600.png 600w, https:\/\/luxurycandlesupplies.eu\/app\/uploads\/2025\/07\/Danger-5-100x100.png 100w, https:\/\/luxurycandlesupplies.eu\/app\/uploads\/2025\/07\/Danger-5.png 1080w\" sizes=\"(max-width: 123px) 100vw, 123px\" \/><\/p>\n<div><\/div>\n<p><strong>Indisch bos NL<\/strong><\/p>\n<div>\n<div>\n<div>\n<p>H319 Veroorzaakt ernstige oogirritatie. H317 Kan een allergische huidreactie veroorzaken. H361 Kan mogelijks de vruchtbaarheid of het ongeboren kind schaden. H410 Zeer giftig voor in het water levende organismen, met langdurige gevolgen. P201 Alvorens te gebruiken de speciale aanwijzingen raadplegen. P261 Inademing van stof\/rook\/gas\/nevel\/damp\/spuitnevel vermijden. P273 Voorkom lozing in het milieu. P280 Beschermende handschoenen\/beschermende kleding\/oogbescherming\/gelaatsbescherming dragen. P308+P313 NA (mogelijke) blootstelling: een arts raadplegen. P391 Gelekte\/gemorste stof opruimen.<\/p>\n<\/div>\n<\/div>\n<\/div>\n<p>&nbsp;<\/p>\n<p><strong>Indisch bos FR<\/strong><\/p>\n<p data-start=\"704\" data-end=\"971\"><strong data-start=\"704\" data-end=\"726\">Gevaren<\/strong><br data-start=\"726\" data-end=\"729\" \/>H319 Provoque une s\u00e9v\u00e8re irritation des yeux.<br data-start=\"774\" data-end=\"777\" \/>H317 Kan een allergie veroorzaken.<br data-start=\"818\" data-end=\"821\" \/>H361 Vatbaar voor nuire \u00e0 la fertilit\u00e9 ou au f\u0153tus.<br data-start=\"874\" data-end=\"877\" \/>H410 Zeer giftig voor in het water levende organismen, veroorzaakt langdurige nare effecten.<\/p>\n<p data-start=\"973\" data-end=\"1406\"><strong data-start=\"973\" data-end=\"997\">Voorzichtige raad<\/strong><br data-start=\"997\" data-end=\"1000\" \/>P201 Neem v\u00f3\u00f3r gebruik de speciale instructies in acht.<br data-start=\"1062\" data-end=\"1065\" \/>P261 Vermijd het inademen van poussi\u00e8res\/fum\u00e9es\/gaz\/brouillards\/vapeurs\/a\u00e9rosols.<br data-start=\"1144\" data-end=\"1147\" \/>P273 Rejet in het milieu vermijden.<br data-start=\"1189\" data-end=\"1192\" \/>P280 Porter des gants de protection\/des v\u00eatements de protection\/une protection des yeux\/du visage.<br data-start=\"1290\" data-end=\"1293\" \/>P308+P313 NL CAS d'exposition prouv\u00e9e ou suspect\u00e9e: consulter un m\u00e9decin.<br data-start=\"1366\" data-end=\"1369\" \/>P391 Het gerepareerde product ophalen.<\/p>\n<p>&nbsp;<\/p>\n<p><strong>Indisch bos ENG<\/strong><\/p>\n<p data-start=\"98\" data-end=\"324\"><strong data-start=\"98\" data-end=\"119\">Gevarenaanduidingen<\/strong><br data-start=\"119\" data-end=\"122\" \/>H319 Veroorzaakt ernstige oogirritatie.<br data-start=\"157\" data-end=\"160\" \/>H317 Kan een allergische huidreactie veroorzaken.<br data-start=\"201\" data-end=\"204\" \/>H361 Wordt ervan verdacht de vruchtbaarheid of het ongeboren kind te schaden.<br data-start=\"261\" data-end=\"264\" \/>H410 Zeer giftig voor in het water levende organismen, met langdurige gevolgen.<\/p>\n<p data-start=\"326\" data-end=\"675\"><strong data-start=\"326\" data-end=\"354\">Voorzorgsmaatregelen<\/strong><br data-start=\"354\" data-end=\"357\" \/>P201 Vraag speciale instructies op voor gebruik.<br data-start=\"401\" data-end=\"404\" \/>P261 Inademing van stof\/rook\/gas\/nevel\/damp\/spuitnevel vermijden.<br data-start=\"458\" data-end=\"461\" \/>P273 Voorkom lozing in het milieu.<br data-start=\"499\" data-end=\"502\" \/>P280 Draag beschermende handschoenen\/beschermende kleding\/oogbescherming\/gelaatsbescherming.<br data-start=\"581\" data-end=\"584\" \/>P308+P313 BIJ blootstelling of bezorgdheid: Medische hulp inroepen.<br data-start=\"648\" data-end=\"651\" \/>P391 Gemorst product opvangen.<\/p>","protected":false},"excerpt":{"rendered":"<p>DESCRIPTION &nbsp; Bois de Indes &nbsp; Inspired by the timeless elegance of a well known Guerlain fragrance, Bois des Indes captures the perfect harmony between freshness and warmth. Sparkling bergamot and mandarin open the scent, blending seamlessly with floral heart notes of jasmine, iris and rose. The base unfolds into a sensual blend of opopanax, [&hellip;]<\/p>\n","protected":false},"featured_media":24842,"template":"","meta":{"_acf_changed":false,"site-sidebar-layout":"default","site-content-layout":"default","ast-site-content-layout":"default","site-content-style":"default","site-sidebar-style":"default","ast-global-header-display":"","ast-banner-title-visibility":"","ast-main-header-display":"","ast-hfb-above-header-display":"","ast-hfb-below-header-display":"","ast-hfb-mobile-header-display":"","site-post-title":"","ast-breadcrumbs-content":"","ast-featured-img":"","footer-sml-layout":"","ast-disable-related-posts":"","theme-transparent-header-meta":"default","adv-header-id-meta":"","stick-header-meta":"","header-above-stick-meta":"","header-main-stick-meta":"","header-below-stick-meta":"","astra-migrate-meta-layouts":"set","ast-page-background-enabled":"default","ast-page-background-meta":{"desktop":{"background-color":"","background-image":"","background-repeat":"repeat","background-position":"center center","background-size":"auto","background-attachment":"scroll","background-type":"","background-media":"","overlay-type":"","overlay-color":"","overlay-opacity":"","overlay-gradient":""},"tablet":{"background-color":"","background-image":"","background-repeat":"repeat","background-position":"center center","background-size":"auto","background-attachment":"scroll","background-type":"","background-media":"","overlay-type":"","overlay-color":"","overlay-opacity":"","overlay-gradient":""},"mobile":{"background-color":"","background-image":"","background-repeat":"repeat","background-position":"center center","background-size":"auto","background-attachment":"scroll","background-type":"","background-media":"","overlay-type":"","overlay-color":"","overlay-opacity":"","overlay-gradient":""}},"ast-content-background-meta":{"desktop":{"background-color":"var(--ast-global-color-5)","background-image":"","background-repeat":"repeat","background-position":"center center","background-size":"auto","background-attachment":"scroll","background-type":"","background-media":"","overlay-type":"","overlay-color":"","overlay-opacity":"","overlay-gradient":""},"tablet":{"background-color":"var(--ast-global-color-5)","background-image":"","background-repeat":"repeat","background-position":"center center","background-size":"auto","background-attachment":"scroll","background-type":"","background-media":"","overlay-type":"","overlay-color":"","overlay-opacity":"","overlay-gradient":""},"mobile":{"background-color":"var(--ast-global-color-5)","background-image":"","background-repeat":"repeat","background-position":"center center","background-size":"auto","background-attachment":"scroll","background-type":"","background-media":"","overlay-type":"","overlay-color":"","overlay-opacity":"","overlay-gradient":""}}},"product_brand":[],"product_cat":[25],"product_tag":[441,31,23,30,20,434,27,22],"class_list":{"0":"post-30041","1":"product","2":"type-product","3":"status-publish","4":"has-post-thumbnail","6":"product_cat-fragrances","7":"product_tag-bergamot","8":"product_tag-m12-wax","9":"product_tag-s100-wax","10":"product_tag-s16-wax","11":"product_tag-soy-wax","12":"product_tag-vanilla","13":"product_tag-vegan-wax","14":"product_tag-wax","15":"desktop-align-left","16":"tablet-align-left","17":"mobile-align-left","18":"ast-product-gallery-layout-horizontal-slider","19":"ast-product-single-variable","20":"ast-product-tabs-layout-horizontal","22":"first","23":"instock","24":"taxable","25":"shipping-taxable","26":"purchasable","27":"product-type-variable"},"acf":[],"yoast_head":"<title>Bois des Indes - Antwerp Luxury Candle Supplies<\/title>\n<meta name=\"description\" content=\"A refreshing yet grounded fragrance that captures the essence of ocean air meeting earth. Bright bergamot opens the scent with a crisp citrus note, flowing into a heart of cool marine breeze that evokes waves and freedom. The base of deep patchouli adds warmth and sophistication, leaving a serene and lasting impression.\" \/>\n<meta name=\"robots\" content=\"index, follow, max-snippet:-1, max-image-preview:large, max-video-preview:-1\" \/>\n<link rel=\"canonical\" href=\"https:\/\/luxurycandlesupplies.eu\/nl\/product\/indianenbos-2\/\" \/>\n<meta property=\"og:locale\" content=\"nl_NL\" \/>\n<meta property=\"og:type\" content=\"article\" \/>\n<meta property=\"og:title\" content=\"Bois des Indes - Antwerp Luxury Candle Supplies\" \/>\n<meta property=\"og:description\" content=\"A refreshing yet grounded fragrance that captures the essence of ocean air meeting earth. Bright bergamot opens the scent with a crisp citrus note, flowing into a heart of cool marine breeze that evokes waves and freedom. The base of deep patchouli adds warmth and sophistication, leaving a serene and lasting impression.\" \/>\n<meta property=\"og:url\" content=\"https:\/\/luxurycandlesupplies.eu\/nl\/product\/indianenbos-2\/\" \/>\n<meta property=\"og:site_name\" content=\"Antwerp Luxury Candle Supplies\" \/>\n<meta property=\"article:publisher\" content=\"https:\/\/www.facebook.com\/Antwerpluxurycandlesupplies\/\" \/>\n<meta property=\"article:modified_time\" content=\"2026-04-28T14:30:20+00:00\" \/>\n<meta property=\"og:image\" content=\"https:\/\/luxurycandlesupplies.eu\/app\/uploads\/2025\/11\/ChatGPT-Image-6-nov-2025-14_42_05-683x1024.png\" \/>\n\t<meta property=\"og:image:width\" content=\"683\" \/>\n\t<meta property=\"og:image:height\" content=\"1024\" \/>\n\t<meta property=\"og:image:type\" content=\"image\/png\" \/>\n<meta name=\"twitter:card\" content=\"summary_large_image\" \/>\n<meta name=\"twitter:label1\" content=\"Geschatte leestijd\" \/>\n\t<meta name=\"twitter:data1\" content=\"3 minuten\" \/>\n<script type=\"application\/ld+json\" class=\"yoast-schema-graph\">{\"@context\":\"https:\\\/\\\/schema.org\",\"@graph\":[{\"@type\":\"WebPage\",\"@id\":\"https:\\\/\\\/luxurycandlesupplies.eu\\\/product\\\/bois-des-indes-2\\\/\",\"url\":\"https:\\\/\\\/luxurycandlesupplies.eu\\\/product\\\/bois-des-indes-2\\\/\",\"name\":\"Bois des Indes - Antwerp Luxury Candle Supplies\",\"isPartOf\":{\"@id\":\"https:\\\/\\\/luxurycandlesupplies.eu\\\/#website\"},\"primaryImageOfPage\":{\"@id\":\"https:\\\/\\\/luxurycandlesupplies.eu\\\/product\\\/bois-des-indes-2\\\/#primaryimage\"},\"image\":{\"@id\":\"https:\\\/\\\/luxurycandlesupplies.eu\\\/product\\\/bois-des-indes-2\\\/#primaryimage\"},\"thumbnailUrl\":\"https:\\\/\\\/luxurycandlesupplies.eu\\\/app\\\/uploads\\\/2025\\\/11\\\/ChatGPT-Image-6-nov-2025-14_42_05.png\",\"datePublished\":\"2026-04-28T14:25:47+00:00\",\"dateModified\":\"2026-04-28T14:30:20+00:00\",\"description\":\"A refreshing yet grounded fragrance that captures the essence of ocean air meeting earth. Bright bergamot opens the scent with a crisp citrus note, flowing into a heart of cool marine breeze that evokes waves and freedom. The base of deep patchouli adds warmth and sophistication, leaving a serene and lasting impression.\",\"breadcrumb\":{\"@id\":\"https:\\\/\\\/luxurycandlesupplies.eu\\\/product\\\/bois-des-indes-2\\\/#breadcrumb\"},\"inLanguage\":\"nl-NL\",\"potentialAction\":[{\"@type\":\"ReadAction\",\"target\":[\"https:\\\/\\\/luxurycandlesupplies.eu\\\/product\\\/bois-des-indes-2\\\/\"]}]},{\"@type\":\"ImageObject\",\"inLanguage\":\"nl-NL\",\"@id\":\"https:\\\/\\\/luxurycandlesupplies.eu\\\/product\\\/bois-des-indes-2\\\/#primaryimage\",\"url\":\"https:\\\/\\\/luxurycandlesupplies.eu\\\/app\\\/uploads\\\/2025\\\/11\\\/ChatGPT-Image-6-nov-2025-14_42_05.png\",\"contentUrl\":\"https:\\\/\\\/luxurycandlesupplies.eu\\\/app\\\/uploads\\\/2025\\\/11\\\/ChatGPT-Image-6-nov-2025-14_42_05.png\",\"width\":1024,\"height\":1536},{\"@type\":\"BreadcrumbList\",\"@id\":\"https:\\\/\\\/luxurycandlesupplies.eu\\\/product\\\/bois-des-indes-2\\\/#breadcrumb\",\"itemListElement\":[{\"@type\":\"ListItem\",\"position\":1,\"name\":\"Home\",\"item\":\"https:\\\/\\\/luxurycandlesupplies.eu\\\/\"},{\"@type\":\"ListItem\",\"position\":2,\"name\":\"Shop\",\"item\":\"https:\\\/\\\/luxurycandlesupplies.eu\\\/shop\\\/\"},{\"@type\":\"ListItem\",\"position\":3,\"name\":\"Bois des Indes\"}]},{\"@type\":\"WebSite\",\"@id\":\"https:\\\/\\\/luxurycandlesupplies.eu\\\/#website\",\"url\":\"https:\\\/\\\/luxurycandlesupplies.eu\\\/\",\"name\":\"Antwerp Luxury Candle Supplies\",\"description\":\"Distributor of all seasons soy wax\",\"publisher\":{\"@id\":\"https:\\\/\\\/luxurycandlesupplies.eu\\\/#organization\"},\"potentialAction\":[{\"@type\":\"SearchAction\",\"target\":{\"@type\":\"EntryPoint\",\"urlTemplate\":\"https:\\\/\\\/luxurycandlesupplies.eu\\\/?s={search_term_string}\"},\"query-input\":{\"@type\":\"PropertyValueSpecification\",\"valueRequired\":true,\"valueName\":\"search_term_string\"}}],\"inLanguage\":\"nl-NL\"},{\"@type\":\"Organization\",\"@id\":\"https:\\\/\\\/luxurycandlesupplies.eu\\\/#organization\",\"name\":\"Antwerp Luxury Candle Supplies\",\"url\":\"https:\\\/\\\/luxurycandlesupplies.eu\\\/\",\"logo\":{\"@type\":\"ImageObject\",\"inLanguage\":\"nl-NL\",\"@id\":\"https:\\\/\\\/luxurycandlesupplies.eu\\\/#\\\/schema\\\/logo\\\/image\\\/\",\"url\":\"https:\\\/\\\/luxurycandlesupplies.eu\\\/app\\\/uploads\\\/2022\\\/03\\\/antwerp-luxury-candle-supplies-1x.png\",\"contentUrl\":\"https:\\\/\\\/luxurycandlesupplies.eu\\\/app\\\/uploads\\\/2022\\\/03\\\/antwerp-luxury-candle-supplies-1x.png\",\"width\":330,\"height\":60,\"caption\":\"Antwerp Luxury Candle Supplies\"},\"image\":{\"@id\":\"https:\\\/\\\/luxurycandlesupplies.eu\\\/#\\\/schema\\\/logo\\\/image\\\/\"},\"sameAs\":[\"https:\\\/\\\/www.facebook.com\\\/Antwerpluxurycandlesupplies\\\/\",\"https:\\\/\\\/www.instagram.com\\\/antwerp_luxury_candle_supplies\\\/\",\"https:\\\/\\\/pin.it\\\/7joOXRW\"]}]}<\/script>","yoast_head_json":{"title":"Bois des Indes - Antwerpen Luxe Kaarsenbenodigdheden","description":"Een verfrissende geur die de essentie van de oceaanlucht en de aarde combineert. Heldere bergamot opent de geur met een frisse citrusnoot en mondt uit in een hart van koele zeebries die golven en vrijheid oproept. De basis van diepe patchoeli voegt warmte en verfijning toe en laat een serene en blijvende indruk achter.","robots":{"index":"index","follow":"follow","max-snippet":"max-snippet:-1","max-image-preview":"max-image-preview:large","max-video-preview":"max-video-preview:-1"},"canonical":"https:\/\/luxurycandlesupplies.eu\/nl\/product\/indianenbos-2\/","og_locale":"nl_NL","og_type":"article","og_title":"Bois des Indes - Antwerp Luxury Candle Supplies","og_description":"A refreshing yet grounded fragrance that captures the essence of ocean air meeting earth. Bright bergamot opens the scent with a crisp citrus note, flowing into a heart of cool marine breeze that evokes waves and freedom. The base of deep patchouli adds warmth and sophistication, leaving a serene and lasting impression.","og_url":"https:\/\/luxurycandlesupplies.eu\/nl\/product\/indianenbos-2\/","og_site_name":"Antwerp Luxury Candle Supplies","article_publisher":"https:\/\/www.facebook.com\/Antwerpluxurycandlesupplies\/","article_modified_time":"2026-04-28T14:30:20+00:00","og_image":[{"width":683,"height":1024,"url":"https:\/\/luxurycandlesupplies.eu\/app\/uploads\/2025\/11\/ChatGPT-Image-6-nov-2025-14_42_05-683x1024.png","type":"image\/png"}],"twitter_card":"summary_large_image","twitter_misc":{"Geschatte leestijd":"3 minuten"},"schema":{"@context":"https:\/\/schema.org","@graph":[{"@type":"WebPage","@id":"https:\/\/luxurycandlesupplies.eu\/product\/bois-des-indes-2\/","url":"https:\/\/luxurycandlesupplies.eu\/product\/bois-des-indes-2\/","name":"Bois des Indes - Antwerpen Luxe Kaarsenbenodigdheden","isPartOf":{"@id":"https:\/\/luxurycandlesupplies.eu\/#website"},"primaryImageOfPage":{"@id":"https:\/\/luxurycandlesupplies.eu\/product\/bois-des-indes-2\/#primaryimage"},"image":{"@id":"https:\/\/luxurycandlesupplies.eu\/product\/bois-des-indes-2\/#primaryimage"},"thumbnailUrl":"https:\/\/luxurycandlesupplies.eu\/app\/uploads\/2025\/11\/ChatGPT-Image-6-nov-2025-14_42_05.png","datePublished":"2026-04-28T14:25:47+00:00","dateModified":"2026-04-28T14:30:20+00:00","description":"Een verfrissende geur die de essentie van de oceaanlucht en de aarde combineert. Heldere bergamot opent de geur met een frisse citrusnoot en mondt uit in een hart van koele zeebries die golven en vrijheid oproept. De basis van diepe patchoeli voegt warmte en verfijning toe en laat een serene en blijvende indruk achter.","breadcrumb":{"@id":"https:\/\/luxurycandlesupplies.eu\/product\/bois-des-indes-2\/#breadcrumb"},"inLanguage":"nl-NL","potentialAction":[{"@type":"ReadAction","target":["https:\/\/luxurycandlesupplies.eu\/product\/bois-des-indes-2\/"]}]},{"@type":"ImageObject","inLanguage":"nl-NL","@id":"https:\/\/luxurycandlesupplies.eu\/product\/bois-des-indes-2\/#primaryimage","url":"https:\/\/luxurycandlesupplies.eu\/app\/uploads\/2025\/11\/ChatGPT-Image-6-nov-2025-14_42_05.png","contentUrl":"https:\/\/luxurycandlesupplies.eu\/app\/uploads\/2025\/11\/ChatGPT-Image-6-nov-2025-14_42_05.png","width":1024,"height":1536},{"@type":"BreadcrumbList","@id":"https:\/\/luxurycandlesupplies.eu\/product\/bois-des-indes-2\/#breadcrumb","itemListElement":[{"@type":"ListItem","position":1,"name":"Home","item":"https:\/\/luxurycandlesupplies.eu\/"},{"@type":"ListItem","position":2,"name":"Shop","item":"https:\/\/luxurycandlesupplies.eu\/shop\/"},{"@type":"ListItem","position":3,"name":"Bois des Indes"}]},{"@type":"WebSite","@id":"https:\/\/luxurycandlesupplies.eu\/#website","url":"https:\/\/luxurycandlesupplies.eu\/","name":"Antwerpen Luxe Kaars Benodigdheden","description":"Verdeler van sojawas voor alle seizoenen","publisher":{"@id":"https:\/\/luxurycandlesupplies.eu\/#organization"},"potentialAction":[{"@type":"SearchAction","target":{"@type":"EntryPoint","urlTemplate":"https:\/\/luxurycandlesupplies.eu\/?s={search_term_string}"},"query-input":{"@type":"PropertyValueSpecification","valueRequired":true,"valueName":"search_term_string"}}],"inLanguage":"nl-NL"},{"@type":"Organization","@id":"https:\/\/luxurycandlesupplies.eu\/#organization","name":"Antwerpen Luxe Kaars Benodigdheden","url":"https:\/\/luxurycandlesupplies.eu\/","logo":{"@type":"ImageObject","inLanguage":"nl-NL","@id":"https:\/\/luxurycandlesupplies.eu\/#\/schema\/logo\/image\/","url":"https:\/\/luxurycandlesupplies.eu\/app\/uploads\/2022\/03\/antwerp-luxury-candle-supplies-1x.png","contentUrl":"https:\/\/luxurycandlesupplies.eu\/app\/uploads\/2022\/03\/antwerp-luxury-candle-supplies-1x.png","width":330,"height":60,"caption":"Antwerp Luxury Candle Supplies"},"image":{"@id":"https:\/\/luxurycandlesupplies.eu\/#\/schema\/logo\/image\/"},"sameAs":["https:\/\/www.facebook.com\/Antwerpluxurycandlesupplies\/","https:\/\/www.instagram.com\/antwerp_luxury_candle_supplies\/","https:\/\/pin.it\/7joOXRW"]}]}},"_links":{"self":[{"href":"https:\/\/luxurycandlesupplies.eu\/nl\/wp-json\/wp\/v2\/product\/30041","targetHints":{"allow":["GET"]}}],"collection":[{"href":"https:\/\/luxurycandlesupplies.eu\/nl\/wp-json\/wp\/v2\/product"}],"about":[{"href":"https:\/\/luxurycandlesupplies.eu\/nl\/wp-json\/wp\/v2\/types\/product"}],"wp:featuredmedia":[{"embeddable":true,"href":"https:\/\/luxurycandlesupplies.eu\/nl\/wp-json\/wp\/v2\/media\/24842"}],"wp:attachment":[{"href":"https:\/\/luxurycandlesupplies.eu\/nl\/wp-json\/wp\/v2\/media?parent=30041"}],"wp:term":[{"taxonomy":"product_brand","embeddable":true,"href":"https:\/\/luxurycandlesupplies.eu\/nl\/wp-json\/wp\/v2\/product_brand?post=30041"},{"taxonomy":"product_cat","embeddable":true,"href":"https:\/\/luxurycandlesupplies.eu\/nl\/wp-json\/wp\/v2\/product_cat?post=30041"},{"taxonomy":"product_tag","embeddable":true,"href":"https:\/\/luxurycandlesupplies.eu\/nl\/wp-json\/wp\/v2\/product_tag?post=30041"}],"curies":[{"name":"wp","href":"https:\/\/api.w.org\/{rel}","templated":true}]}}