{"id":30046,"date":"2026-04-28T16:31:33","date_gmt":"2026-04-28T14:31:33","guid":{"rendered":"https:\/\/luxurycandlesupplies.eu\/?post_type=product&#038;p=30046"},"modified":"2026-04-28T16:32:48","modified_gmt":"2026-04-28T14:32:48","slug":"geuren-van-griekenland-ufi-vrijgesteld","status":"publish","type":"product","link":"https:\/\/luxurycandlesupplies.eu\/nl\/product\/scents-of-greece-ufi-exempt\/","title":{"rendered":"Geuren van Griekenland - UFI vrijgesteld <8%"},"content":{"rendered":"<h3>BESCHRIJVING<\/h3>\n<p>&nbsp;<\/p>\n<div><\/div>\n<h3><em><strong>Geuren van Griekenland<\/strong><\/em><\/h3>\n<p>&nbsp;<\/p>\n<p><strong>Topnoten:<\/strong> Bergamot Groen Akkoord<br \/>\n<strong>Middennoten:<\/strong> Witte bloemen<br \/>\n<strong>Basisnoten:<\/strong> Muskus Marien Akkoord Sandelhout<\/p>\n<p>&nbsp;<\/p>\n<h3>ONZE AANBEVELING<\/h3>\n<hr \/>\n<div>\n<p>Het gebruik van geurolie is afhankelijk van het product dat je gaat maken.<\/p>\n<p>Let op: De onderstaande waarden zijn slechts suggesties. We raden kaarsenmakers aan om steeds uitgebreid te testen voor optimale resultaten.<\/p>\n<p>Kaarsen: 6-10%, UFI vrij max 8%<br \/>\nWaxmelts: 10-12%<\/p>\n<\/div>\n<h2><\/h2>\n<h3>INFORMATIE OVER CLP EN SDS<\/h3>\n<hr \/>\n<div>\n<p><a style=\"font-size: 16px; background-color: #ffffff;\" href=\"https:\/\/luxurycandlesupplies.eu\/app\/uploads\/2023\/02\/CLP-label-_-Scents-of-Greece-_-candle-8.pdf\">CLP-label _ Geuren van Griekenland _ kaars 8%<\/a><\/p>\n<\/div>\n<p><a href=\"https:\/\/luxurycandlesupplies.eu\/app\/uploads\/2023\/02\/CLP-label-_-Scents-of-Greece-_-candle-10.pdf\">CLP-label _ Geuren van Griekenland _ kaars 10%<\/a><\/p>\n<p><a href=\"https:\/\/luxurycandlesupplies.eu\/app\/uploads\/2023\/02\/CLP-label-_-Scents-of-Greece-_-Augeo-16.pdf\">CLP-label _ Geuren van Griekenland _ Augeo 16%<\/a><\/p>\n<p><a href=\"https:\/\/luxurycandlesupplies.eu\/app\/uploads\/2023\/02\/Scents-of-Greece-SDS-1.pdf\">Geuren van Griekenland - SDS<\/a><\/p>\n<p><a href=\"https:\/\/luxurycandlesupplies.eu\/app\/uploads\/2023\/01\/Scents-of-Greece-TDS.pdf\">Geuren van Griekenland - TDS<\/a><\/p>\n<p><a href=\"https:\/\/luxurycandlesupplies.eu\/app\/uploads\/2023\/10\/SCENTS-OF-GREECE-IFRA.pdf\">Geuren van Griekenland - IFRA<\/a><\/p>\n<p>&nbsp;<\/p>\n<p>UFI: HGE0-K0X3-P00C-PDTQ<\/p>\n<p><img decoding=\"async\" class=\"alignnone wp-image-23488\" src=\"https:\/\/luxurycandlesupplies.eu\/app\/uploads\/2025\/07\/Danger-3-300x300.png\" alt=\"\" width=\"122\" height=\"122\" srcset=\"https:\/\/luxurycandlesupplies.eu\/app\/uploads\/2025\/07\/Danger-3-300x300.png 300w, https:\/\/luxurycandlesupplies.eu\/app\/uploads\/2025\/07\/Danger-3-1024x1024.png 1024w, https:\/\/luxurycandlesupplies.eu\/app\/uploads\/2025\/07\/Danger-3-150x150.png 150w, https:\/\/luxurycandlesupplies.eu\/app\/uploads\/2025\/07\/Danger-3-768x768.png 768w, https:\/\/luxurycandlesupplies.eu\/app\/uploads\/2025\/07\/Danger-3-12x12.png 12w, https:\/\/luxurycandlesupplies.eu\/app\/uploads\/2025\/07\/Danger-3-600x600.png 600w, https:\/\/luxurycandlesupplies.eu\/app\/uploads\/2025\/07\/Danger-3-100x100.png 100w, https:\/\/luxurycandlesupplies.eu\/app\/uploads\/2025\/07\/Danger-3.png 1080w\" sizes=\"(max-width: 122px) 100vw, 122px\" \/><\/p>\n<p><strong>Geuren van Griekenland NL<\/strong><\/p>\n<p>H315 Veroorzaakt huidirritatie. H317 Kan een allergische huidreactie veroorzaken. H319 Veroorzaakt<br \/>\nernstige oogirritatie. H410 Zeer giftig voor in het water levende organismen, met langdurige<br \/>\ngevolgen. P261 Inademing van stof\/rook\/gas\/nevel\/damp\/spuitnevel vermijden. P272 Verontreinigde<br \/>\nwerkkleding mag de werkruimte niet verlaten. P280 Beschermende handschoenen\/beschermende<br \/>\nkleding\/oogbescherming\/gelaatsbescherming dragen. P302+P352 BIJ CONTACT MET DE HUID: met<br \/>\nveel water en zeep wassen. P305+P351+P338 BIJ CONTACT MET DE OGEN: voorzichtig afspoelen met<br \/>\nwater gedurende een aantal minuten; contactlenzen verwijderen, indien mogelijk; blijven spoelen.<br \/>\nP333+P313 Bij huidirritatie of uitslag: een arts raadplegen. P337+P313 Bij aanhoudende oogirritatie:<br \/>\neen kunst raadplegen. P362+P364 Verontreinigde kleding uittrekken en wassen alvorens deze opnieuw<br \/>\nte gebruiken. P501 Inhoud\/verpakking afvoeren naar een erkende afvalinzamelaar conform<br \/>\nVLAREMA en OVAM-regelgeving.<\/p>\n<p>&nbsp;<\/p>\n<p><strong>Geuren van Griekenland FR<\/strong><\/p>\n<p>H315 Kan huidirritatie veroorzaken. H317 Kan een allergische huidreactie veroorzaken. H319<br \/>\nVeroorzaakt ernstige irritatie van de ogen. H410 Zeer giftig voor waterorganismen,<br \/>\nop lange termijn tot langdurige effecten leidt. P261 Adem niet in.<br \/>\npoussi\u00e8res\/fum\u00e9es\/gaz\/brouillards\/vapeurs\/a\u00e9rosols. P272 Les v\u00eatements de travail contamin\u00e9s ne<br \/>\ndoivent pas sortir du lieu de travail. P280 Porter des gants de protection\/des v\u00eatements de<br \/>\nbescherming\/een bescherming voor de ogen. P302+P352 EN CAS DE CONTACT AVEC LA PEAU : laver<br \/>\nabondamment \u00e0 l'eau et au savon. P305+P351+P338 EN CAS DE CONTACT AVEC LES YEUX : afspoelen<br \/>\nmet voorzichtigheid in het water gedurende meerdere minuten; haal de lentilles indien mogelijk uit het water; blijf spoelen.<br \/>\nP333+P313 En cas d'irritation ou d'\u00e9ruption cutan\u00e9e : consulter un m\u00e9decin. P337+P313 In geval van<br \/>\naanhoudende irritatie van de ogen: raadpleeg een arts. P362+P364 Verontreinigde kleding verwijderen<br \/>\nen laver deze v\u00f3\u00f3r hergebruik. P501 De inhoud\/het afval verwijderen via een afvalverzamelaar<br \/>\nagr\u00e9\u00e9ment conform\u00e9ment \u00e0 la r\u00e9glementation VLAREMA et OVAM.<\/p>\n<p>&nbsp;<\/p>\n<p><strong>Geuren van Griekenland ENG<\/strong><\/p>\n<p>H315 Veroorzaakt huidirritatie. H317 Kan een allergische huidreactie veroorzaken. H319 Veroorzaakt ernstige oog<br \/>\nirritatie. H410 Zeer giftig voor in het water levende organismen, met langdurige gevolgen. P261 Inademing vermijden<br \/>\nstof\/rook\/gas\/nevel\/dampen\/spuitnevel. P272 Verontreinigde werkkleding mag niet uit<br \/>\nde werkplek. P280 Draag beschermende handschoenen\/beschermende kleding\/oogbescherming\/gelaatsbescherming.<br \/>\nP302+P352 BIJ CONTACT MET DE HUID: met veel water en zeep wassen. P305+P351+P338 BIJ CONTACT MET DE OGEN: Spoelen.<br \/>\nvoorzichtig met water gedurende enkele minuten. Verwijder contactlenzen indien aanwezig en gemakkelijk te doen. Ga verder met<br \/>\nspoelen. P333+P313 Als huidirritatie of huiduitslag optreedt: Een arts raadplegen. P337+P313 Bij oogirritatie<br \/>\naanhoudt: Medisch advies inwinnen. P362+P364 Verontreinigde kleding uittrekken en wassen alvorens deze opnieuw te gebruiken. P501<br \/>\nInhoud\/container afvoeren via een erkende afvalinzamelaar in overeenstemming met VLAREMA en<br \/>\nOVAM-voorschriften.<\/p>","protected":false},"excerpt":{"rendered":"<p>DESCRIPTION &nbsp; Scents of Greece &nbsp; Top notes: Bergamot Green Accord Middle notes: White Flowers Base notes: Musk Marine Accord Sandalwood &nbsp; OUR RECOMMENDATION The use of fragrance oils will be dependant on the product you are creating. Please refer to the guide below for suggested ratios suitable for your product. Please note, the below [&hellip;]<\/p>\n","protected":false},"featured_media":3968,"template":"","meta":{"_acf_changed":false,"site-sidebar-layout":"default","site-content-layout":"default","ast-site-content-layout":"default","site-content-style":"default","site-sidebar-style":"default","ast-global-header-display":"","ast-banner-title-visibility":"","ast-main-header-display":"","ast-hfb-above-header-display":"","ast-hfb-below-header-display":"","ast-hfb-mobile-header-display":"","site-post-title":"","ast-breadcrumbs-content":"","ast-featured-img":"","footer-sml-layout":"","ast-disable-related-posts":"","theme-transparent-header-meta":"default","adv-header-id-meta":"","stick-header-meta":"","header-above-stick-meta":"","header-main-stick-meta":"","header-below-stick-meta":"","astra-migrate-meta-layouts":"set","ast-page-background-enabled":"default","ast-page-background-meta":{"desktop":{"background-color":"","background-image":"","background-repeat":"repeat","background-position":"center center","background-size":"auto","background-attachment":"scroll","background-type":"","background-media":"","overlay-type":"","overlay-color":"","overlay-opacity":"","overlay-gradient":""},"tablet":{"background-color":"","background-image":"","background-repeat":"repeat","background-position":"center center","background-size":"auto","background-attachment":"scroll","background-type":"","background-media":"","overlay-type":"","overlay-color":"","overlay-opacity":"","overlay-gradient":""},"mobile":{"background-color":"","background-image":"","background-repeat":"repeat","background-position":"center center","background-size":"auto","background-attachment":"scroll","background-type":"","background-media":"","overlay-type":"","overlay-color":"","overlay-opacity":"","overlay-gradient":""}},"ast-content-background-meta":{"desktop":{"background-color":"var(--ast-global-color-5)","background-image":"","background-repeat":"repeat","background-position":"center center","background-size":"auto","background-attachment":"scroll","background-type":"","background-media":"","overlay-type":"","overlay-color":"","overlay-opacity":"","overlay-gradient":""},"tablet":{"background-color":"var(--ast-global-color-5)","background-image":"","background-repeat":"repeat","background-position":"center center","background-size":"auto","background-attachment":"scroll","background-type":"","background-media":"","overlay-type":"","overlay-color":"","overlay-opacity":"","overlay-gradient":""},"mobile":{"background-color":"var(--ast-global-color-5)","background-image":"","background-repeat":"repeat","background-position":"center center","background-size":"auto","background-attachment":"scroll","background-type":"","background-media":"","overlay-type":"","overlay-color":"","overlay-opacity":"","overlay-gradient":""}}},"product_brand":[],"product_cat":[25,1681],"product_tag":[29,26,19,441,28,442,57,440,31,58,175,23,30,435,20,27,22],"class_list":{"0":"post-30046","1":"product","2":"type-product","3":"status-publish","4":"has-post-thumbnail","6":"product_cat-fragrances","7":"product_cat-fragrances-ufi-exempt","8":"product_tag-a05-wax","9":"product_tag-a27-wax","10":"product_tag-all-seasons-wax","11":"product_tag-bergamot","12":"product_tag-cocosoy","13":"product_tag-flowers","14":"product_tag-fragrances","15":"product_tag-greece","16":"product_tag-m12-wax","17":"product_tag-mulled-wine","18":"product_tag-musk","19":"product_tag-s100-wax","20":"product_tag-s16-wax","21":"product_tag-sandalwood","22":"product_tag-soy-wax","23":"product_tag-vegan-wax","24":"product_tag-wax","25":"desktop-align-left","26":"tablet-align-left","27":"mobile-align-left","28":"ast-product-gallery-layout-horizontal-slider","29":"ast-product-gallery-with-no-image","30":"ast-product-single-variable","31":"ast-product-tabs-layout-horizontal","33":"first","34":"instock","35":"taxable","36":"shipping-taxable","37":"purchasable","38":"product-type-variable"},"acf":[],"yoast_head":"<title>Scents of Greece - UFI exempt<\/title>\n<meta name=\"robots\" content=\"index, follow, max-snippet:-1, max-image-preview:large, max-video-preview:-1\" \/>\n<link rel=\"canonical\" href=\"https:\/\/luxurycandlesupplies.eu\/nl\/product\/geuren-van-griekenland-ufi-vrijgesteld\/\" \/>\n<meta property=\"og:locale\" content=\"nl_NL\" \/>\n<meta property=\"og:type\" content=\"article\" \/>\n<meta property=\"og:title\" content=\"Scents of Greece - UFI exempt\" \/>\n<meta property=\"og:description\" content=\"DESCRIPTION &nbsp; Scents of Greece &nbsp; Top notes: Bergamot Green Accord Middle notes: White Flowers Base notes: Musk Marine Accord Sandalwood &nbsp; OUR RECOMMENDATION The use of fragrance oils will be dependant on the product you are creating. Please refer to the guide below for suggested ratios suitable for your product. Please note, the below [&hellip;]\" \/>\n<meta property=\"og:url\" content=\"https:\/\/luxurycandlesupplies.eu\/nl\/product\/geuren-van-griekenland-ufi-vrijgesteld\/\" \/>\n<meta property=\"og:site_name\" content=\"Antwerp Luxury Candle Supplies\" \/>\n<meta property=\"article:publisher\" content=\"https:\/\/www.facebook.com\/Antwerpluxurycandlesupplies\/\" \/>\n<meta property=\"article:modified_time\" content=\"2026-04-28T14:32:48+00:00\" \/>\n<meta property=\"og:image\" content=\"https:\/\/luxurycandlesupplies.eu\/app\/uploads\/2023\/01\/Kopie-van-Roze-Verf-Sociale-Media-Afbeelding-6.png\" \/>\n\t<meta property=\"og:image:width\" content=\"1080\" \/>\n\t<meta property=\"og:image:height\" content=\"1080\" \/>\n\t<meta property=\"og:image:type\" content=\"image\/png\" \/>\n<meta name=\"twitter:card\" content=\"summary_large_image\" \/>\n<meta name=\"twitter:label1\" content=\"Geschatte leestijd\" \/>\n\t<meta name=\"twitter:data1\" content=\"3 minuten\" \/>\n<script type=\"application\/ld+json\" class=\"yoast-schema-graph\">{\"@context\":\"https:\\\/\\\/schema.org\",\"@graph\":[{\"@type\":\"WebPage\",\"@id\":\"https:\\\/\\\/luxurycandlesupplies.eu\\\/product\\\/scents-of-greece-ufi-exempt\\\/\",\"url\":\"https:\\\/\\\/luxurycandlesupplies.eu\\\/product\\\/scents-of-greece-ufi-exempt\\\/\",\"name\":\"Scents of Greece - UFI exempt\",\"isPartOf\":{\"@id\":\"https:\\\/\\\/luxurycandlesupplies.eu\\\/#website\"},\"primaryImageOfPage\":{\"@id\":\"https:\\\/\\\/luxurycandlesupplies.eu\\\/product\\\/scents-of-greece-ufi-exempt\\\/#primaryimage\"},\"image\":{\"@id\":\"https:\\\/\\\/luxurycandlesupplies.eu\\\/product\\\/scents-of-greece-ufi-exempt\\\/#primaryimage\"},\"thumbnailUrl\":\"https:\\\/\\\/luxurycandlesupplies.eu\\\/app\\\/uploads\\\/2023\\\/01\\\/Kopie-van-Roze-Verf-Sociale-Media-Afbeelding-6.png\",\"datePublished\":\"2026-04-28T14:31:33+00:00\",\"dateModified\":\"2026-04-28T14:32:48+00:00\",\"breadcrumb\":{\"@id\":\"https:\\\/\\\/luxurycandlesupplies.eu\\\/product\\\/scents-of-greece-ufi-exempt\\\/#breadcrumb\"},\"inLanguage\":\"nl-NL\",\"potentialAction\":[{\"@type\":\"ReadAction\",\"target\":[\"https:\\\/\\\/luxurycandlesupplies.eu\\\/product\\\/scents-of-greece-ufi-exempt\\\/\"]}]},{\"@type\":\"ImageObject\",\"inLanguage\":\"nl-NL\",\"@id\":\"https:\\\/\\\/luxurycandlesupplies.eu\\\/product\\\/scents-of-greece-ufi-exempt\\\/#primaryimage\",\"url\":\"https:\\\/\\\/luxurycandlesupplies.eu\\\/app\\\/uploads\\\/2023\\\/01\\\/Kopie-van-Roze-Verf-Sociale-Media-Afbeelding-6.png\",\"contentUrl\":\"https:\\\/\\\/luxurycandlesupplies.eu\\\/app\\\/uploads\\\/2023\\\/01\\\/Kopie-van-Roze-Verf-Sociale-Media-Afbeelding-6.png\",\"width\":1080,\"height\":1080},{\"@type\":\"BreadcrumbList\",\"@id\":\"https:\\\/\\\/luxurycandlesupplies.eu\\\/product\\\/scents-of-greece-ufi-exempt\\\/#breadcrumb\",\"itemListElement\":[{\"@type\":\"ListItem\",\"position\":1,\"name\":\"Home\",\"item\":\"https:\\\/\\\/luxurycandlesupplies.eu\\\/\"},{\"@type\":\"ListItem\",\"position\":2,\"name\":\"Shop\",\"item\":\"https:\\\/\\\/luxurycandlesupplies.eu\\\/shop\\\/\"},{\"@type\":\"ListItem\",\"position\":3,\"name\":\"Scents of Greece &#8211; UFI exempt\"}]},{\"@type\":\"WebSite\",\"@id\":\"https:\\\/\\\/luxurycandlesupplies.eu\\\/#website\",\"url\":\"https:\\\/\\\/luxurycandlesupplies.eu\\\/\",\"name\":\"Antwerp Luxury Candle Supplies\",\"description\":\"Distributor of all seasons soy wax\",\"publisher\":{\"@id\":\"https:\\\/\\\/luxurycandlesupplies.eu\\\/#organization\"},\"potentialAction\":[{\"@type\":\"SearchAction\",\"target\":{\"@type\":\"EntryPoint\",\"urlTemplate\":\"https:\\\/\\\/luxurycandlesupplies.eu\\\/?s={search_term_string}\"},\"query-input\":{\"@type\":\"PropertyValueSpecification\",\"valueRequired\":true,\"valueName\":\"search_term_string\"}}],\"inLanguage\":\"nl-NL\"},{\"@type\":\"Organization\",\"@id\":\"https:\\\/\\\/luxurycandlesupplies.eu\\\/#organization\",\"name\":\"Antwerp Luxury Candle Supplies\",\"url\":\"https:\\\/\\\/luxurycandlesupplies.eu\\\/\",\"logo\":{\"@type\":\"ImageObject\",\"inLanguage\":\"nl-NL\",\"@id\":\"https:\\\/\\\/luxurycandlesupplies.eu\\\/#\\\/schema\\\/logo\\\/image\\\/\",\"url\":\"https:\\\/\\\/luxurycandlesupplies.eu\\\/app\\\/uploads\\\/2022\\\/03\\\/antwerp-luxury-candle-supplies-1x.png\",\"contentUrl\":\"https:\\\/\\\/luxurycandlesupplies.eu\\\/app\\\/uploads\\\/2022\\\/03\\\/antwerp-luxury-candle-supplies-1x.png\",\"width\":330,\"height\":60,\"caption\":\"Antwerp Luxury Candle Supplies\"},\"image\":{\"@id\":\"https:\\\/\\\/luxurycandlesupplies.eu\\\/#\\\/schema\\\/logo\\\/image\\\/\"},\"sameAs\":[\"https:\\\/\\\/www.facebook.com\\\/Antwerpluxurycandlesupplies\\\/\",\"https:\\\/\\\/www.instagram.com\\\/antwerp_luxury_candle_supplies\\\/\",\"https:\\\/\\\/pin.it\\\/7joOXRW\"]}]}<\/script>","yoast_head_json":{"title":"Geuren van Griekenland - UFI vrijgesteld","robots":{"index":"index","follow":"follow","max-snippet":"max-snippet:-1","max-image-preview":"max-image-preview:large","max-video-preview":"max-video-preview:-1"},"canonical":"https:\/\/luxurycandlesupplies.eu\/nl\/product\/geuren-van-griekenland-ufi-vrijgesteld\/","og_locale":"nl_NL","og_type":"article","og_title":"Scents of Greece - UFI exempt","og_description":"DESCRIPTION &nbsp; Scents of Greece &nbsp; Top notes: Bergamot Green Accord Middle notes: White Flowers Base notes: Musk Marine Accord Sandalwood &nbsp; OUR RECOMMENDATION The use of fragrance oils will be dependant on the product you are creating. Please refer to the guide below for suggested ratios suitable for your product. Please note, the below [&hellip;]","og_url":"https:\/\/luxurycandlesupplies.eu\/nl\/product\/geuren-van-griekenland-ufi-vrijgesteld\/","og_site_name":"Antwerp Luxury Candle Supplies","article_publisher":"https:\/\/www.facebook.com\/Antwerpluxurycandlesupplies\/","article_modified_time":"2026-04-28T14:32:48+00:00","og_image":[{"width":1080,"height":1080,"url":"https:\/\/luxurycandlesupplies.eu\/app\/uploads\/2023\/01\/Kopie-van-Roze-Verf-Sociale-Media-Afbeelding-6.png","type":"image\/png"}],"twitter_card":"summary_large_image","twitter_misc":{"Geschatte leestijd":"3 minuten"},"schema":{"@context":"https:\/\/schema.org","@graph":[{"@type":"WebPage","@id":"https:\/\/luxurycandlesupplies.eu\/product\/scents-of-greece-ufi-exempt\/","url":"https:\/\/luxurycandlesupplies.eu\/product\/scents-of-greece-ufi-exempt\/","name":"Geuren van Griekenland - UFI vrijgesteld","isPartOf":{"@id":"https:\/\/luxurycandlesupplies.eu\/#website"},"primaryImageOfPage":{"@id":"https:\/\/luxurycandlesupplies.eu\/product\/scents-of-greece-ufi-exempt\/#primaryimage"},"image":{"@id":"https:\/\/luxurycandlesupplies.eu\/product\/scents-of-greece-ufi-exempt\/#primaryimage"},"thumbnailUrl":"https:\/\/luxurycandlesupplies.eu\/app\/uploads\/2023\/01\/Kopie-van-Roze-Verf-Sociale-Media-Afbeelding-6.png","datePublished":"2026-04-28T14:31:33+00:00","dateModified":"2026-04-28T14:32:48+00:00","breadcrumb":{"@id":"https:\/\/luxurycandlesupplies.eu\/product\/scents-of-greece-ufi-exempt\/#breadcrumb"},"inLanguage":"nl-NL","potentialAction":[{"@type":"ReadAction","target":["https:\/\/luxurycandlesupplies.eu\/product\/scents-of-greece-ufi-exempt\/"]}]},{"@type":"ImageObject","inLanguage":"nl-NL","@id":"https:\/\/luxurycandlesupplies.eu\/product\/scents-of-greece-ufi-exempt\/#primaryimage","url":"https:\/\/luxurycandlesupplies.eu\/app\/uploads\/2023\/01\/Kopie-van-Roze-Verf-Sociale-Media-Afbeelding-6.png","contentUrl":"https:\/\/luxurycandlesupplies.eu\/app\/uploads\/2023\/01\/Kopie-van-Roze-Verf-Sociale-Media-Afbeelding-6.png","width":1080,"height":1080},{"@type":"BreadcrumbList","@id":"https:\/\/luxurycandlesupplies.eu\/product\/scents-of-greece-ufi-exempt\/#breadcrumb","itemListElement":[{"@type":"ListItem","position":1,"name":"Home","item":"https:\/\/luxurycandlesupplies.eu\/"},{"@type":"ListItem","position":2,"name":"Shop","item":"https:\/\/luxurycandlesupplies.eu\/shop\/"},{"@type":"ListItem","position":3,"name":"Scents of Greece &#8211; UFI exempt"}]},{"@type":"WebSite","@id":"https:\/\/luxurycandlesupplies.eu\/#website","url":"https:\/\/luxurycandlesupplies.eu\/","name":"Antwerpen Luxe Kaars Benodigdheden","description":"Verdeler van sojawas voor alle seizoenen","publisher":{"@id":"https:\/\/luxurycandlesupplies.eu\/#organization"},"potentialAction":[{"@type":"SearchAction","target":{"@type":"EntryPoint","urlTemplate":"https:\/\/luxurycandlesupplies.eu\/?s={search_term_string}"},"query-input":{"@type":"PropertyValueSpecification","valueRequired":true,"valueName":"search_term_string"}}],"inLanguage":"nl-NL"},{"@type":"Organization","@id":"https:\/\/luxurycandlesupplies.eu\/#organization","name":"Antwerpen Luxe Kaars Benodigdheden","url":"https:\/\/luxurycandlesupplies.eu\/","logo":{"@type":"ImageObject","inLanguage":"nl-NL","@id":"https:\/\/luxurycandlesupplies.eu\/#\/schema\/logo\/image\/","url":"https:\/\/luxurycandlesupplies.eu\/app\/uploads\/2022\/03\/antwerp-luxury-candle-supplies-1x.png","contentUrl":"https:\/\/luxurycandlesupplies.eu\/app\/uploads\/2022\/03\/antwerp-luxury-candle-supplies-1x.png","width":330,"height":60,"caption":"Antwerp Luxury Candle Supplies"},"image":{"@id":"https:\/\/luxurycandlesupplies.eu\/#\/schema\/logo\/image\/"},"sameAs":["https:\/\/www.facebook.com\/Antwerpluxurycandlesupplies\/","https:\/\/www.instagram.com\/antwerp_luxury_candle_supplies\/","https:\/\/pin.it\/7joOXRW"]}]}},"_links":{"self":[{"href":"https:\/\/luxurycandlesupplies.eu\/nl\/wp-json\/wp\/v2\/product\/30046","targetHints":{"allow":["GET"]}}],"collection":[{"href":"https:\/\/luxurycandlesupplies.eu\/nl\/wp-json\/wp\/v2\/product"}],"about":[{"href":"https:\/\/luxurycandlesupplies.eu\/nl\/wp-json\/wp\/v2\/types\/product"}],"wp:featuredmedia":[{"embeddable":true,"href":"https:\/\/luxurycandlesupplies.eu\/nl\/wp-json\/wp\/v2\/media\/3968"}],"wp:attachment":[{"href":"https:\/\/luxurycandlesupplies.eu\/nl\/wp-json\/wp\/v2\/media?parent=30046"}],"wp:term":[{"taxonomy":"product_brand","embeddable":true,"href":"https:\/\/luxurycandlesupplies.eu\/nl\/wp-json\/wp\/v2\/product_brand?post=30046"},{"taxonomy":"product_cat","embeddable":true,"href":"https:\/\/luxurycandlesupplies.eu\/nl\/wp-json\/wp\/v2\/product_cat?post=30046"},{"taxonomy":"product_tag","embeddable":true,"href":"https:\/\/luxurycandlesupplies.eu\/nl\/wp-json\/wp\/v2\/product_tag?post=30046"}],"curies":[{"name":"wp","href":"https:\/\/api.w.org\/{rel}","templated":true}]}}