{"id":3940,"date":"2023-01-31T13:47:14","date_gmt":"2023-01-31T12:47:14","guid":{"rendered":"https:\/\/luxurycandlesupplies.eu\/?post_type=product&#038;p=3940"},"modified":"2026-04-22T16:02:05","modified_gmt":"2026-04-22T14:02:05","slug":"mysterieuze-ceder","status":"publish","type":"product","link":"https:\/\/luxurycandlesupplies.eu\/nl\/product\/mysterious-cedar\/","title":{"rendered":"Mysterieuze Ceder - vrijgesteld van BIV <4%"},"content":{"rendered":"<h3>BESCHRIJVING<\/h3>\n<p>&nbsp;<\/p>\n<div><\/div>\n<h3><em><strong>Mysterieuze ceder<\/strong><\/em><\/h3>\n<p>&nbsp;<\/p>\n<p>Een gedurfde en sensuele geur die de zintuigen prikkelt vanaf de eerste indruk.<\/p>\n<p><br data-start=\"186\" data-end=\"189\" \/>Op de top, een warme uitbarsting van <strong data-start=\"217\" data-end=\"229\">kaneel<\/strong> brengt kruidige intrige en onmiddellijke allure. Deze kruidige opening maakt zachtjes plaats voor een hart van <strong data-start=\"324\" data-end=\"341\">paarse amandel<\/strong>en voegt een onverwachte draai toe van romige noten en zachte bloemen. Uiteindelijk verzinkt de geur in een rijke, lang aanhoudende basis van <strong data-start=\"469\" data-end=\"478\">amber<\/strong> en <strong data-start=\"483\" data-end=\"492\">ceder<\/strong>biedt diepte, elegantieband een aanhoudend spoor van houtachtige warmte.<\/p>\n<p>&nbsp;<\/p>\n<p><strong>Topnoten:<\/strong> Kaneel<br \/>\n<strong>Middennoten:<\/strong> Paarse amandel<br \/>\n<strong>Basisnoten:<\/strong> Amber ceder<\/p>\n<p>&nbsp;<\/p>\n<p>&nbsp;<\/p>\n<h3>ONZE AANBEVELING<\/h3>\n<hr \/>\n<div>\n<p>Het gebruik van geurolie is afhankelijk van het product dat je gaat maken.<\/p>\n<p>Let op: De onderstaande waarden zijn slechts suggesties. We raden kaarsenmakers aan om steeds uitgebreid te testen voor optimale resultaten.<\/p>\n<p>Kaarsen: 6-10%<br \/>\nWaxmelts: 10-12%<\/p>\n<p>&nbsp;<\/p>\n<\/div>\n<h2>INFORMATIE OVER CLP EN SDS<\/h2>\n<hr \/>\n<p><a href=\"https:\/\/luxurycandlesupplies.eu\/app\/uploads\/2023\/01\/Mysterious-Cedar-SDS-2.pdf\">Mysterieuze ceder - SDS 100%<\/a><\/p>\n<p><a href=\"https:\/\/luxurycandlesupplies.eu\/app\/uploads\/2023\/01\/Mysterious-Cedar-TDS.pdf\">Mysterieuze ceder - TDS<\/a><\/p>\n<p><a href=\"https:\/\/luxurycandlesupplies.eu\/app\/uploads\/2023\/10\/MYSTERIOUS-CEDAR-IFRA.pdf\">Mysterieuze ceder - IFRA<\/a><\/p>\n<p><a href=\"https:\/\/luxurycandlesupplies.eu\/app\/uploads\/2023\/01\/CLP-label-_-Mysterious-Cedar-_-candle-4-_-Free-of-UFI.pdf\">CLP-label _ Mysterious Cedar _ kaars 4% _ Vrij van UFI<\/a><\/p>\n<p><a href=\"https:\/\/luxurycandlesupplies.eu\/app\/uploads\/2023\/01\/CLP-label-_-Mysterious-Cedar-_-candle-8.pdf\">CLP-label _ Mysterious Cedar _ kaars 8%<\/a><\/p>\n<p>&nbsp;<\/p>\n<p>UFI: HHC0-Y01Y-M00Y-FJE7<\/p>\n<p><img decoding=\"async\" class=\"alignnone wp-image-23489\" src=\"https:\/\/luxurycandlesupplies.eu\/app\/uploads\/2025\/07\/Danger-4-300x300.png\" alt=\"\" width=\"121\" height=\"121\" srcset=\"https:\/\/luxurycandlesupplies.eu\/app\/uploads\/2025\/07\/Danger-4-300x300.png 300w, https:\/\/luxurycandlesupplies.eu\/app\/uploads\/2025\/07\/Danger-4-1024x1024.png 1024w, https:\/\/luxurycandlesupplies.eu\/app\/uploads\/2025\/07\/Danger-4-150x150.png 150w, https:\/\/luxurycandlesupplies.eu\/app\/uploads\/2025\/07\/Danger-4-768x768.png 768w, https:\/\/luxurycandlesupplies.eu\/app\/uploads\/2025\/07\/Danger-4-12x12.png 12w, https:\/\/luxurycandlesupplies.eu\/app\/uploads\/2025\/07\/Danger-4-600x600.png 600w, https:\/\/luxurycandlesupplies.eu\/app\/uploads\/2025\/07\/Danger-4-100x100.png 100w, https:\/\/luxurycandlesupplies.eu\/app\/uploads\/2025\/07\/Danger-4.png 1080w\" sizes=\"(max-width: 121px) 100vw, 121px\" \/> <img decoding=\"async\" class=\"alignnone wp-image-23488\" src=\"https:\/\/luxurycandlesupplies.eu\/app\/uploads\/2025\/07\/Danger-3-300x300.png\" alt=\"\" width=\"121\" height=\"121\" srcset=\"https:\/\/luxurycandlesupplies.eu\/app\/uploads\/2025\/07\/Danger-3-300x300.png 300w, https:\/\/luxurycandlesupplies.eu\/app\/uploads\/2025\/07\/Danger-3-1024x1024.png 1024w, https:\/\/luxurycandlesupplies.eu\/app\/uploads\/2025\/07\/Danger-3-150x150.png 150w, https:\/\/luxurycandlesupplies.eu\/app\/uploads\/2025\/07\/Danger-3-768x768.png 768w, https:\/\/luxurycandlesupplies.eu\/app\/uploads\/2025\/07\/Danger-3-12x12.png 12w, https:\/\/luxurycandlesupplies.eu\/app\/uploads\/2025\/07\/Danger-3-600x600.png 600w, https:\/\/luxurycandlesupplies.eu\/app\/uploads\/2025\/07\/Danger-3-100x100.png 100w, https:\/\/luxurycandlesupplies.eu\/app\/uploads\/2025\/07\/Danger-3.png 1080w\" sizes=\"(max-width: 121px) 100vw, 121px\" \/><\/p>\n<p><strong>Mysterieus Ceder NL<\/strong><\/p>\n<p>H315 Veroorzaakt huidirritatie. H317 Kan een allergische huidreactie veroorzaken. H410 Zeer giftig<br \/>\nvoor in het water levende organismen, met langdurige gevolgen. P261 Inademing van<br \/>\nstof\/rook\/gas\/nevel\/damp\/spuitnevel vermijden. P272 Verontreinigde werkkleding mag de<br \/>\nwerkruimte niet verlaten. P280 Beschermende handschoenen\/beschermende<br \/>\nkleding\/oogbescherming\/gelaatsbescherming dragen. P302+P352 BIJ CONTACT MET DE HUID: met<br \/>\nveel water en zeep wassen. P333+P313 Bij huidirritatie of uitslag: een kunst raadplegen. P362+P364<br \/>\nVerontreinigde kleding uittrekken en wassen alvorens deze opnieuw te gebruiken.<\/p>\n<p>&nbsp;<\/p>\n<p><strong>Mysterieuze Ceder FR<\/strong><\/p>\n<p>H315 Kan huidirritatie veroorzaken. H317 Kan een allergische huidreactie veroorzaken. H410<br \/>\nTr\u00e8s toxique pour les organismes aquatiques, entra\u00eene des effets n\u00e9fastes \u00e0 long terme. P261 Vermijden<br \/>\nde ademhaling van poussi\u00e8res\/fum\u00e9es\/gaz\/brouillards\/vapeurs\/a\u00e9rosols. P272 Arbeidskleding<br \/>\ncontamin\u00e9s ne doivent pas sortir du lieu de travail. P280 Porter des gants de protection\/des<br \/>\nv\u00eatements de protection\/une protection des yeux\/du visage. P302+P352 IN GEVAL VAN CONTACT MET<br \/>\nLA PEAU : laver abondamment \u00e0 l'eau et au savon. P333+P313 En cas d'irritation ou d'\u00e9ruption<br \/>\ncutan\u00e9e: raadpleeg een arts. P362+P364 Verontreinigde kledingstukken uittrekken en opbergen voordat u gaat snijden.<br \/>\nhergebruik.<\/p>\n<p>&nbsp;<\/p>\n<p><strong>Mysterieuze Ceder ENG<\/strong><\/p>\n<p>H315 Veroorzaakt huidirritatie. H317 Kan een allergische huidreactie veroorzaken. H410 Zeer giftig voor in het water levende organismen<br \/>\nmet langdurige gevolgen. P261 Inademing van stof\/rook\/gas\/nevel\/damp\/spuitnevel vermijden. P272<br \/>\nVerontreinigde werkkleding mag de werkplek niet verlaten. P280 Beschermende kleding dragen<br \/>\nhandschoenen\/beschermende kleding\/oogbescherming\/gelaatsbescherming. P302+P352 BIJ CONTACT MET DE HUID: overvloedig wassen.<br \/>\nmet water en zeep. P333+P313 Als huidirritatie of huiduitslag optreedt: Een arts raadplegen. P362+P364 Innemen<br \/>\nVerontreinigde kleding uittrekken en wassen voor hergebruik.<\/p>","protected":false},"excerpt":{"rendered":"<h3><em><strong>Mysterieuze ceder<\/strong><\/em><\/h3>\n<p>&nbsp;<\/p>\n<p>Een gedurfde en sensuele geur die de zintuigen prikkelt vanaf de eerste indruk.<\/p>\n<p><br data-start=\"186\" data-end=\"189\" \/>Op de top, een warme uitbarsting van <strong data-start=\"217\" data-end=\"229\">kaneel<\/strong> brengt kruidige intrige en onmiddellijke allure. Deze kruidige opening maakt zachtjes plaats voor een hart van <strong data-start=\"324\" data-end=\"341\">paarse amandel<\/strong>en voegt een onverwachte draai toe van romige noten en zachte bloemen. Uiteindelijk verzinkt de geur in een rijke, lang aanhoudende basis van <strong data-start=\"469\" data-end=\"478\">amber<\/strong> en <strong data-start=\"483\" data-end=\"492\">ceder<\/strong>biedt diepte, elegantieband een aanhoudend spoor van houtachtige warmte.<\/p>\n<p>&nbsp;<\/p>\n<p><strong>Topnoten:<\/strong> Kaneel<br \/>\n<strong>Middennoten:<\/strong> Paarse amandel<br \/>\n<strong>Basisnoten:<\/strong> Amber ceder<\/p>","protected":false},"featured_media":15249,"template":"","meta":{"_acf_changed":false,"site-sidebar-layout":"default","site-content-layout":"default","ast-site-content-layout":"default","site-content-style":"default","site-sidebar-style":"default","ast-global-header-display":"","ast-banner-title-visibility":"","ast-main-header-display":"","ast-hfb-above-header-display":"","ast-hfb-below-header-display":"","ast-hfb-mobile-header-display":"","site-post-title":"","ast-breadcrumbs-content":"","ast-featured-img":"","footer-sml-layout":"","ast-disable-related-posts":"","theme-transparent-header-meta":"default","adv-header-id-meta":"","stick-header-meta":"","header-above-stick-meta":"","header-main-stick-meta":"","header-below-stick-meta":"","astra-migrate-meta-layouts":"set","ast-page-background-enabled":"default","ast-page-background-meta":{"desktop":{"background-color":"","background-image":"","background-repeat":"repeat","background-position":"center center","background-size":"auto","background-attachment":"scroll","background-type":"","background-media":"","overlay-type":"","overlay-color":"","overlay-opacity":"","overlay-gradient":""},"tablet":{"background-color":"","background-image":"","background-repeat":"repeat","background-position":"center center","background-size":"auto","background-attachment":"scroll","background-type":"","background-media":"","overlay-type":"","overlay-color":"","overlay-opacity":"","overlay-gradient":""},"mobile":{"background-color":"","background-image":"","background-repeat":"repeat","background-position":"center center","background-size":"auto","background-attachment":"scroll","background-type":"","background-media":"","overlay-type":"","overlay-color":"","overlay-opacity":"","overlay-gradient":""}},"ast-content-background-meta":{"desktop":{"background-color":"var(--ast-global-color-5)","background-image":"","background-repeat":"repeat","background-position":"center center","background-size":"auto","background-attachment":"scroll","background-type":"","background-media":"","overlay-type":"","overlay-color":"","overlay-opacity":"","overlay-gradient":""},"tablet":{"background-color":"var(--ast-global-color-5)","background-image":"","background-repeat":"repeat","background-position":"center center","background-size":"auto","background-attachment":"scroll","background-type":"","background-media":"","overlay-type":"","overlay-color":"","overlay-opacity":"","overlay-gradient":""},"mobile":{"background-color":"var(--ast-global-color-5)","background-image":"","background-repeat":"repeat","background-position":"center center","background-size":"auto","background-attachment":"scroll","background-type":"","background-media":"","overlay-type":"","overlay-color":"","overlay-opacity":"","overlay-gradient":""}}},"product_brand":[],"product_cat":[25,1681],"product_tag":[29,26,19,436,28,57,31,23,30,20,27,22],"class_list":{"0":"post-3940","1":"product","2":"type-product","3":"status-publish","4":"has-post-thumbnail","6":"product_cat-fragrances","7":"product_cat-fragrances-ufi-exempt","8":"product_tag-a05-wax","9":"product_tag-a27-wax","10":"product_tag-all-seasons-wax","11":"product_tag-cedar","12":"product_tag-cocosoy","13":"product_tag-fragrances","14":"product_tag-m12-wax","15":"product_tag-s100-wax","16":"product_tag-s16-wax","17":"product_tag-soy-wax","18":"product_tag-vegan-wax","19":"product_tag-wax","20":"desktop-align-left","21":"tablet-align-left","22":"mobile-align-left","23":"ast-product-gallery-layout-horizontal-slider","24":"ast-product-gallery-with-no-image","25":"ast-product-single-variable","26":"ast-product-tabs-layout-horizontal","28":"first","29":"instock","30":"taxable","31":"shipping-taxable","32":"purchasable","33":"product-type-variable"},"acf":[],"yoast_head":"<title>Mysterious Cedar - UFI Exempt<\/title>\n<meta name=\"robots\" content=\"index, follow, max-snippet:-1, max-image-preview:large, max-video-preview:-1\" \/>\n<link rel=\"canonical\" href=\"https:\/\/luxurycandlesupplies.eu\/nl\/product\/mysterieuze-ceder\/\" \/>\n<meta property=\"og:locale\" content=\"nl_NL\" \/>\n<meta property=\"og:type\" content=\"article\" \/>\n<meta property=\"og:title\" content=\"Mysterious Cedar - UFI Exempt\" \/>\n<meta property=\"og:description\" content=\"Mysterious Cedar &nbsp;  A bold and sensual fragrance that awakens the senses from the very first impression.  At the top, a warm burst of cinnamon brings spicy intrigue and immediate allure. This spicy opening gently gives way to a heart of purple almond, adding an unexpected twist of creamy nuttiness and soft florals. Finally, the scent settles into a rich, long-lasting base of amber and cedar, offering depth, eleganceband a lingering trail of woody warmth.  &nbsp;  Top notes: Cinnamon Middle notes: Purple Almond Base notes: Amber Cedar\" \/>\n<meta property=\"og:url\" content=\"https:\/\/luxurycandlesupplies.eu\/nl\/product\/mysterieuze-ceder\/\" \/>\n<meta property=\"og:site_name\" content=\"Antwerp Luxury Candle Supplies\" \/>\n<meta property=\"article:publisher\" content=\"https:\/\/www.facebook.com\/Antwerpluxurycandlesupplies\/\" \/>\n<meta property=\"article:modified_time\" content=\"2026-04-22T14:02:05+00:00\" \/>\n<meta property=\"og:image\" content=\"https:\/\/luxurycandlesupplies.eu\/app\/uploads\/2023\/01\/DALL\u00b7E-2024-03-05-13.56.16-Visualize-the-same-tranquil-and-enigmatic-cedar-forest-setting-capturing-the-essence-of-the-Mysterious-Cedar-fragrance-with-a-candle-but-now-adjust-.webp\" \/>\n\t<meta property=\"og:image:width\" content=\"1024\" \/>\n\t<meta property=\"og:image:height\" content=\"1024\" \/>\n\t<meta property=\"og:image:type\" content=\"image\/webp\" \/>\n<meta name=\"twitter:card\" content=\"summary_large_image\" \/>\n<meta name=\"twitter:label1\" content=\"Geschatte leestijd\" \/>\n\t<meta name=\"twitter:data1\" content=\"3 minuten\" \/>\n<script type=\"application\/ld+json\" class=\"yoast-schema-graph\">{\"@context\":\"https:\\\/\\\/schema.org\",\"@graph\":[{\"@type\":\"WebPage\",\"@id\":\"https:\\\/\\\/luxurycandlesupplies.eu\\\/product\\\/mysterious-cedar\\\/\",\"url\":\"https:\\\/\\\/luxurycandlesupplies.eu\\\/product\\\/mysterious-cedar\\\/\",\"name\":\"Mysterious Cedar - UFI Exempt\",\"isPartOf\":{\"@id\":\"https:\\\/\\\/luxurycandlesupplies.eu\\\/#website\"},\"primaryImageOfPage\":{\"@id\":\"https:\\\/\\\/luxurycandlesupplies.eu\\\/product\\\/mysterious-cedar\\\/#primaryimage\"},\"image\":{\"@id\":\"https:\\\/\\\/luxurycandlesupplies.eu\\\/product\\\/mysterious-cedar\\\/#primaryimage\"},\"thumbnailUrl\":\"https:\\\/\\\/luxurycandlesupplies.eu\\\/app\\\/uploads\\\/2023\\\/01\\\/DALL\u00b7E-2024-03-05-13.56.16-Visualize-the-same-tranquil-and-enigmatic-cedar-forest-setting-capturing-the-essence-of-the-Mysterious-Cedar-fragrance-with-a-candle-but-now-adjust-.webp\",\"datePublished\":\"2023-01-31T12:47:14+00:00\",\"dateModified\":\"2026-04-22T14:02:05+00:00\",\"breadcrumb\":{\"@id\":\"https:\\\/\\\/luxurycandlesupplies.eu\\\/product\\\/mysterious-cedar\\\/#breadcrumb\"},\"inLanguage\":\"nl-NL\",\"potentialAction\":[{\"@type\":\"ReadAction\",\"target\":[\"https:\\\/\\\/luxurycandlesupplies.eu\\\/product\\\/mysterious-cedar\\\/\"]}]},{\"@type\":\"ImageObject\",\"inLanguage\":\"nl-NL\",\"@id\":\"https:\\\/\\\/luxurycandlesupplies.eu\\\/product\\\/mysterious-cedar\\\/#primaryimage\",\"url\":\"https:\\\/\\\/luxurycandlesupplies.eu\\\/app\\\/uploads\\\/2023\\\/01\\\/DALL\u00b7E-2024-03-05-13.56.16-Visualize-the-same-tranquil-and-enigmatic-cedar-forest-setting-capturing-the-essence-of-the-Mysterious-Cedar-fragrance-with-a-candle-but-now-adjust-.webp\",\"contentUrl\":\"https:\\\/\\\/luxurycandlesupplies.eu\\\/app\\\/uploads\\\/2023\\\/01\\\/DALL\u00b7E-2024-03-05-13.56.16-Visualize-the-same-tranquil-and-enigmatic-cedar-forest-setting-capturing-the-essence-of-the-Mysterious-Cedar-fragrance-with-a-candle-but-now-adjust-.webp\",\"width\":1024,\"height\":1024},{\"@type\":\"BreadcrumbList\",\"@id\":\"https:\\\/\\\/luxurycandlesupplies.eu\\\/product\\\/mysterious-cedar\\\/#breadcrumb\",\"itemListElement\":[{\"@type\":\"ListItem\",\"position\":1,\"name\":\"Home\",\"item\":\"https:\\\/\\\/luxurycandlesupplies.eu\\\/\"},{\"@type\":\"ListItem\",\"position\":2,\"name\":\"Shop\",\"item\":\"https:\\\/\\\/luxurycandlesupplies.eu\\\/shop\\\/\"},{\"@type\":\"ListItem\",\"position\":3,\"name\":\"Mysterious Cedar &#8211; UFI Exempt\"}]},{\"@type\":\"WebSite\",\"@id\":\"https:\\\/\\\/luxurycandlesupplies.eu\\\/#website\",\"url\":\"https:\\\/\\\/luxurycandlesupplies.eu\\\/\",\"name\":\"Antwerp Luxury Candle Supplies\",\"description\":\"Distributor of all seasons soy wax\",\"publisher\":{\"@id\":\"https:\\\/\\\/luxurycandlesupplies.eu\\\/#organization\"},\"potentialAction\":[{\"@type\":\"SearchAction\",\"target\":{\"@type\":\"EntryPoint\",\"urlTemplate\":\"https:\\\/\\\/luxurycandlesupplies.eu\\\/?s={search_term_string}\"},\"query-input\":{\"@type\":\"PropertyValueSpecification\",\"valueRequired\":true,\"valueName\":\"search_term_string\"}}],\"inLanguage\":\"nl-NL\"},{\"@type\":\"Organization\",\"@id\":\"https:\\\/\\\/luxurycandlesupplies.eu\\\/#organization\",\"name\":\"Antwerp Luxury Candle Supplies\",\"url\":\"https:\\\/\\\/luxurycandlesupplies.eu\\\/\",\"logo\":{\"@type\":\"ImageObject\",\"inLanguage\":\"nl-NL\",\"@id\":\"https:\\\/\\\/luxurycandlesupplies.eu\\\/#\\\/schema\\\/logo\\\/image\\\/\",\"url\":\"https:\\\/\\\/luxurycandlesupplies.eu\\\/app\\\/uploads\\\/2022\\\/03\\\/antwerp-luxury-candle-supplies-1x.png\",\"contentUrl\":\"https:\\\/\\\/luxurycandlesupplies.eu\\\/app\\\/uploads\\\/2022\\\/03\\\/antwerp-luxury-candle-supplies-1x.png\",\"width\":330,\"height\":60,\"caption\":\"Antwerp Luxury Candle Supplies\"},\"image\":{\"@id\":\"https:\\\/\\\/luxurycandlesupplies.eu\\\/#\\\/schema\\\/logo\\\/image\\\/\"},\"sameAs\":[\"https:\\\/\\\/www.facebook.com\\\/Antwerpluxurycandlesupplies\\\/\",\"https:\\\/\\\/www.instagram.com\\\/antwerp_luxury_candle_supplies\\\/\",\"https:\\\/\\\/pin.it\\\/7joOXRW\"]}]}<\/script>","yoast_head_json":{"title":"Mysterieuze Ceder - vrijgesteld van BIV","robots":{"index":"index","follow":"follow","max-snippet":"max-snippet:-1","max-image-preview":"max-image-preview:large","max-video-preview":"max-video-preview:-1"},"canonical":"https:\/\/luxurycandlesupplies.eu\/nl\/product\/mysterieuze-ceder\/","og_locale":"nl_NL","og_type":"article","og_title":"Mysterious Cedar - UFI Exempt","og_description":"Mysterious Cedar &nbsp;  A bold and sensual fragrance that awakens the senses from the very first impression.  At the top, a warm burst of cinnamon brings spicy intrigue and immediate allure. This spicy opening gently gives way to a heart of purple almond, adding an unexpected twist of creamy nuttiness and soft florals. Finally, the scent settles into a rich, long-lasting base of amber and cedar, offering depth, eleganceband a lingering trail of woody warmth.  &nbsp;  Top notes: Cinnamon Middle notes: Purple Almond Base notes: Amber Cedar","og_url":"https:\/\/luxurycandlesupplies.eu\/nl\/product\/mysterieuze-ceder\/","og_site_name":"Antwerp Luxury Candle Supplies","article_publisher":"https:\/\/www.facebook.com\/Antwerpluxurycandlesupplies\/","article_modified_time":"2026-04-22T14:02:05+00:00","og_image":[{"width":1024,"height":1024,"url":"https:\/\/luxurycandlesupplies.eu\/app\/uploads\/2023\/01\/DALL\u00b7E-2024-03-05-13.56.16-Visualize-the-same-tranquil-and-enigmatic-cedar-forest-setting-capturing-the-essence-of-the-Mysterious-Cedar-fragrance-with-a-candle-but-now-adjust-.webp","type":"image\/webp"}],"twitter_card":"summary_large_image","twitter_misc":{"Geschatte leestijd":"3 minuten"},"schema":{"@context":"https:\/\/schema.org","@graph":[{"@type":"WebPage","@id":"https:\/\/luxurycandlesupplies.eu\/product\/mysterious-cedar\/","url":"https:\/\/luxurycandlesupplies.eu\/product\/mysterious-cedar\/","name":"Mysterieuze Ceder - vrijgesteld van BIV","isPartOf":{"@id":"https:\/\/luxurycandlesupplies.eu\/#website"},"primaryImageOfPage":{"@id":"https:\/\/luxurycandlesupplies.eu\/product\/mysterious-cedar\/#primaryimage"},"image":{"@id":"https:\/\/luxurycandlesupplies.eu\/product\/mysterious-cedar\/#primaryimage"},"thumbnailUrl":"https:\/\/luxurycandlesupplies.eu\/app\/uploads\/2023\/01\/DALL\u00b7E-2024-03-05-13.56.16-Visualize-the-same-tranquil-and-enigmatic-cedar-forest-setting-capturing-the-essence-of-the-Mysterious-Cedar-fragrance-with-a-candle-but-now-adjust-.webp","datePublished":"2023-01-31T12:47:14+00:00","dateModified":"2026-04-22T14:02:05+00:00","breadcrumb":{"@id":"https:\/\/luxurycandlesupplies.eu\/product\/mysterious-cedar\/#breadcrumb"},"inLanguage":"nl-NL","potentialAction":[{"@type":"ReadAction","target":["https:\/\/luxurycandlesupplies.eu\/product\/mysterious-cedar\/"]}]},{"@type":"ImageObject","inLanguage":"nl-NL","@id":"https:\/\/luxurycandlesupplies.eu\/product\/mysterious-cedar\/#primaryimage","url":"https:\/\/luxurycandlesupplies.eu\/app\/uploads\/2023\/01\/DALL\u00b7E-2024-03-05-13.56.16-Visualize-the-same-tranquil-and-enigmatic-cedar-forest-setting-capturing-the-essence-of-the-Mysterious-Cedar-fragrance-with-a-candle-but-now-adjust-.webp","contentUrl":"https:\/\/luxurycandlesupplies.eu\/app\/uploads\/2023\/01\/DALL\u00b7E-2024-03-05-13.56.16-Visualize-the-same-tranquil-and-enigmatic-cedar-forest-setting-capturing-the-essence-of-the-Mysterious-Cedar-fragrance-with-a-candle-but-now-adjust-.webp","width":1024,"height":1024},{"@type":"BreadcrumbList","@id":"https:\/\/luxurycandlesupplies.eu\/product\/mysterious-cedar\/#breadcrumb","itemListElement":[{"@type":"ListItem","position":1,"name":"Home","item":"https:\/\/luxurycandlesupplies.eu\/"},{"@type":"ListItem","position":2,"name":"Shop","item":"https:\/\/luxurycandlesupplies.eu\/shop\/"},{"@type":"ListItem","position":3,"name":"Mysterious Cedar &#8211; UFI Exempt"}]},{"@type":"WebSite","@id":"https:\/\/luxurycandlesupplies.eu\/#website","url":"https:\/\/luxurycandlesupplies.eu\/","name":"Antwerpen Luxe Kaars Benodigdheden","description":"Verdeler van sojawas voor alle seizoenen","publisher":{"@id":"https:\/\/luxurycandlesupplies.eu\/#organization"},"potentialAction":[{"@type":"SearchAction","target":{"@type":"EntryPoint","urlTemplate":"https:\/\/luxurycandlesupplies.eu\/?s={search_term_string}"},"query-input":{"@type":"PropertyValueSpecification","valueRequired":true,"valueName":"search_term_string"}}],"inLanguage":"nl-NL"},{"@type":"Organization","@id":"https:\/\/luxurycandlesupplies.eu\/#organization","name":"Antwerpen Luxe Kaars Benodigdheden","url":"https:\/\/luxurycandlesupplies.eu\/","logo":{"@type":"ImageObject","inLanguage":"nl-NL","@id":"https:\/\/luxurycandlesupplies.eu\/#\/schema\/logo\/image\/","url":"https:\/\/luxurycandlesupplies.eu\/app\/uploads\/2022\/03\/antwerp-luxury-candle-supplies-1x.png","contentUrl":"https:\/\/luxurycandlesupplies.eu\/app\/uploads\/2022\/03\/antwerp-luxury-candle-supplies-1x.png","width":330,"height":60,"caption":"Antwerp Luxury Candle Supplies"},"image":{"@id":"https:\/\/luxurycandlesupplies.eu\/#\/schema\/logo\/image\/"},"sameAs":["https:\/\/www.facebook.com\/Antwerpluxurycandlesupplies\/","https:\/\/www.instagram.com\/antwerp_luxury_candle_supplies\/","https:\/\/pin.it\/7joOXRW"]}]}},"_links":{"self":[{"href":"https:\/\/luxurycandlesupplies.eu\/nl\/wp-json\/wp\/v2\/product\/3940","targetHints":{"allow":["GET"]}}],"collection":[{"href":"https:\/\/luxurycandlesupplies.eu\/nl\/wp-json\/wp\/v2\/product"}],"about":[{"href":"https:\/\/luxurycandlesupplies.eu\/nl\/wp-json\/wp\/v2\/types\/product"}],"wp:featuredmedia":[{"embeddable":true,"href":"https:\/\/luxurycandlesupplies.eu\/nl\/wp-json\/wp\/v2\/media\/15249"}],"wp:attachment":[{"href":"https:\/\/luxurycandlesupplies.eu\/nl\/wp-json\/wp\/v2\/media?parent=3940"}],"wp:term":[{"taxonomy":"product_brand","embeddable":true,"href":"https:\/\/luxurycandlesupplies.eu\/nl\/wp-json\/wp\/v2\/product_brand?post=3940"},{"taxonomy":"product_cat","embeddable":true,"href":"https:\/\/luxurycandlesupplies.eu\/nl\/wp-json\/wp\/v2\/product_cat?post=3940"},{"taxonomy":"product_tag","embeddable":true,"href":"https:\/\/luxurycandlesupplies.eu\/nl\/wp-json\/wp\/v2\/product_tag?post=3940"}],"curies":[{"name":"wp","href":"https:\/\/api.w.org\/{rel}","templated":true}]}}